{"id":730121,"date":"2025-03-03T16:06:12","date_gmt":"2025-03-03T15:06:12","guid":{"rendered":"https:\/\/stoic-curie.212-227-153-4.plesk.page\/producto\/passerelle-en-aluminium-fixe-200-x-37-cm-charge-max-120-kg\/"},"modified":"2026-02-24T23:08:39","modified_gmt":"2026-02-24T23:08:39","slug":"passerelle-en-aluminium-fixe-200-x-37-cm-charge-max-120-kg","status":"publish","type":"product","link":"https:\/\/stoic-curie.212-227-153-4.plesk.page\/fr\/product\/passerelle-en-aluminium-fixe-200-x-37-cm-charge-max-120-kg\/","title":{"rendered":"Passerelle en aluminium fixe, 200\u00a0x\u00a037\u00a0cm, charge max. 120\u00a0kg"},"content":{"rendered":"<p>Passerelle en aluminium fixe, 200\u00a0x\u00a037\u00a0cm, charge max. 120\u00a0kg &#8211; <\/p>\n<p>Passerelle fixe en aluminium anodis\u00e9 l\u00e9ger avec un passage antid\u00e9rapant. Livr\u00e9e avec un goupille de v\u00e9rification et des roues.<\/p>\n","protected":false},"excerpt":{"rendered":"<p>Passerelle en aluminium fixe, 200\u00a0x\u00a037\u00a0cm, charge max. 120\u00a0kg &#8211; Passerelle fixe en aluminium anodis\u00e9 l\u00e9ger avec un passage antid\u00e9rapant. Livr\u00e9e<\/p>\n","protected":false},"featured_media":5945256,"comment_status":"open","ping_status":"closed","template":"","meta":[],"product_brand":[3489],"product_cat":[1038],"product_tag":[],"class_list":{"0":"post-730121","1":"product","2":"type-product","3":"status-publish","4":"has-post-thumbnail","6":"product_brand-trem-fr","7":"product_cat-passerelles","9":"first","10":"instock","11":"shipping-taxable","12":"purchasable","13":"product-type-simple"},"_links":{"self":[{"href":"https:\/\/stoic-curie.212-227-153-4.plesk.page\/fr\/wp-json\/wp\/v2\/product\/730121","targetHints":{"allow":["GET"]}}],"collection":[{"href":"https:\/\/stoic-curie.212-227-153-4.plesk.page\/fr\/wp-json\/wp\/v2\/product"}],"about":[{"href":"https:\/\/stoic-curie.212-227-153-4.plesk.page\/fr\/wp-json\/wp\/v2\/types\/product"}],"replies":[{"embeddable":true,"href":"https:\/\/stoic-curie.212-227-153-4.plesk.page\/fr\/wp-json\/wp\/v2\/comments?post=730121"}],"version-history":[{"count":0,"href":"https:\/\/stoic-curie.212-227-153-4.plesk.page\/fr\/wp-json\/wp\/v2\/product\/730121\/revisions"}],"wp:featuredmedia":[{"embeddable":true,"href":"https:\/\/stoic-curie.212-227-153-4.plesk.page\/fr\/wp-json\/wp\/v2\/media\/5945256"}],"wp:attachment":[{"href":"https:\/\/stoic-curie.212-227-153-4.plesk.page\/fr\/wp-json\/wp\/v2\/media?parent=730121"}],"wp:term":[{"taxonomy":"product_brand","embeddable":true,"href":"https:\/\/stoic-curie.212-227-153-4.plesk.page\/fr\/wp-json\/wp\/v2\/product_brand?post=730121"},{"taxonomy":"product_cat","embeddable":true,"href":"https:\/\/stoic-curie.212-227-153-4.plesk.page\/fr\/wp-json\/wp\/v2\/product_cat?post=730121"},{"taxonomy":"product_tag","embeddable":true,"href":"https:\/\/stoic-curie.212-227-153-4.plesk.page\/fr\/wp-json\/wp\/v2\/product_tag?post=730121"}],"curies":[{"name":"wp","href":"https:\/\/api.w.org\/{rel}","templated":true}]}}