{"id":730123,"date":"2025-03-03T16:06:12","date_gmt":"2025-03-03T15:06:12","guid":{"rendered":"https:\/\/stoic-curie.212-227-153-4.plesk.page\/producto\/harnais-de-transport-de-moteur-hors-bord-max-75-kg\/"},"modified":"2026-02-24T23:08:39","modified_gmt":"2026-02-24T23:08:39","slug":"harnais-de-transport-de-moteur-hors-bord-max-75-kg","status":"publish","type":"product","link":"https:\/\/stoic-curie.212-227-153-4.plesk.page\/fr\/product\/harnais-de-transport-de-moteur-hors-bord-max-75-kg\/","title":{"rendered":"Harnais de transport de moteur hors-bord max. 75\u00a0kg"},"content":{"rendered":"<p>Harnais de transport de moteur hors-bord max. 75\u00a0kg &#8211; <\/p>\n<p>Harnais r\u00e9sistant aux UV et aux environnements marins. S\u00fbr et facile \u00e0 utiliser gr\u00e2ce \u00e0 un harnais sp\u00e9cialement con\u00e7u pour les moteurs 2-4 temps allant jusqu&#8217;\u00e0 15 CV.<\/p>\n","protected":false},"excerpt":{"rendered":"<p>Harnais de transport de moteur hors-bord max. 75\u00a0kg &#8211; Harnais r\u00e9sistant aux UV et aux environnements marins. S\u00fbr et facile<\/p>\n","protected":false},"featured_media":5945259,"comment_status":"open","ping_status":"closed","template":"","meta":[],"product_brand":[3234],"product_cat":[1253,1266],"product_tag":[],"class_list":{"0":"post-730123","1":"product","2":"type-product","3":"status-publish","4":"has-post-thumbnail","6":"product_brand-osculati-fr","7":"product_cat-accessoires-hors-bord","8":"product_cat-bossoirs","10":"first","11":"instock","12":"shipping-taxable","13":"purchasable","14":"product-type-simple"},"_links":{"self":[{"href":"https:\/\/stoic-curie.212-227-153-4.plesk.page\/fr\/wp-json\/wp\/v2\/product\/730123","targetHints":{"allow":["GET"]}}],"collection":[{"href":"https:\/\/stoic-curie.212-227-153-4.plesk.page\/fr\/wp-json\/wp\/v2\/product"}],"about":[{"href":"https:\/\/stoic-curie.212-227-153-4.plesk.page\/fr\/wp-json\/wp\/v2\/types\/product"}],"replies":[{"embeddable":true,"href":"https:\/\/stoic-curie.212-227-153-4.plesk.page\/fr\/wp-json\/wp\/v2\/comments?post=730123"}],"version-history":[{"count":0,"href":"https:\/\/stoic-curie.212-227-153-4.plesk.page\/fr\/wp-json\/wp\/v2\/product\/730123\/revisions"}],"wp:featuredmedia":[{"embeddable":true,"href":"https:\/\/stoic-curie.212-227-153-4.plesk.page\/fr\/wp-json\/wp\/v2\/media\/5945259"}],"wp:attachment":[{"href":"https:\/\/stoic-curie.212-227-153-4.plesk.page\/fr\/wp-json\/wp\/v2\/media?parent=730123"}],"wp:term":[{"taxonomy":"product_brand","embeddable":true,"href":"https:\/\/stoic-curie.212-227-153-4.plesk.page\/fr\/wp-json\/wp\/v2\/product_brand?post=730123"},{"taxonomy":"product_cat","embeddable":true,"href":"https:\/\/stoic-curie.212-227-153-4.plesk.page\/fr\/wp-json\/wp\/v2\/product_cat?post=730123"},{"taxonomy":"product_tag","embeddable":true,"href":"https:\/\/stoic-curie.212-227-153-4.plesk.page\/fr\/wp-json\/wp\/v2\/product_tag?post=730123"}],"curies":[{"name":"wp","href":"https:\/\/api.w.org\/{rel}","templated":true}]}}