{"id":730127,"date":"2025-03-03T16:06:13","date_gmt":"2025-03-03T15:06:13","guid":{"rendered":"https:\/\/stoic-curie.212-227-153-4.plesk.page\/producto\/porte-canne-a-peche-en-inox-a-serrer-sur-tube-d-38-50-mm-h-265-x-d-42-mm\/"},"modified":"2026-02-24T23:08:39","modified_gmt":"2026-02-24T23:08:39","slug":"porte-canne-a-peche-en-inox-a-serrer-sur-tube-d-38-50-mm-h-265-x-d-42-mm","status":"publish","type":"product","link":"https:\/\/stoic-curie.212-227-153-4.plesk.page\/fr\/product\/porte-canne-a-peche-en-inox-a-serrer-sur-tube-d-38-50-mm-h-265-x-d-42-mm\/","title":{"rendered":"Porte-canne \u00e0 p\u00eache en inox, \u00e0 serrer sur tube D\u00a038-50\u00a0mm, H\u00a0265\u00a0x\u00a0D\u00a042\u00a0mm"},"content":{"rendered":"<p>Porte-canne \u00e0 p\u00eache en inox, \u00e0 serrer sur tube D\u00a038-50\u00a0mm, H\u00a0265\u00a0x\u00a0D\u00a042\u00a0mm &#8211; <\/p>\n<p>Support de canne r\u00e9glable en acier inoxydable avec un tube de protection en PVC int\u00e9rieur.<\/p>\n","protected":false},"excerpt":{"rendered":"<p>Porte-canne \u00e0 p\u00eache en inox, \u00e0 serrer sur tube D\u00a038-50\u00a0mm, H\u00a0265\u00a0x\u00a0D\u00a042\u00a0mm &#8211; Support de canne r\u00e9glable en acier inoxydable avec<\/p>\n","protected":false},"featured_media":5945278,"comment_status":"open","ping_status":"closed","template":"","meta":[],"product_brand":[3234],"product_cat":[1269,1106],"product_tag":[],"class_list":{"0":"post-730127","1":"product","2":"type-product","3":"status-publish","4":"has-post-thumbnail","6":"product_brand-osculati-fr","7":"product_cat-accessoires-de-peche-en-bateau","8":"product_cat-porte-cannes","10":"first","11":"instock","12":"shipping-taxable","13":"purchasable","14":"product-type-simple"},"_links":{"self":[{"href":"https:\/\/stoic-curie.212-227-153-4.plesk.page\/fr\/wp-json\/wp\/v2\/product\/730127","targetHints":{"allow":["GET"]}}],"collection":[{"href":"https:\/\/stoic-curie.212-227-153-4.plesk.page\/fr\/wp-json\/wp\/v2\/product"}],"about":[{"href":"https:\/\/stoic-curie.212-227-153-4.plesk.page\/fr\/wp-json\/wp\/v2\/types\/product"}],"replies":[{"embeddable":true,"href":"https:\/\/stoic-curie.212-227-153-4.plesk.page\/fr\/wp-json\/wp\/v2\/comments?post=730127"}],"version-history":[{"count":0,"href":"https:\/\/stoic-curie.212-227-153-4.plesk.page\/fr\/wp-json\/wp\/v2\/product\/730127\/revisions"}],"wp:featuredmedia":[{"embeddable":true,"href":"https:\/\/stoic-curie.212-227-153-4.plesk.page\/fr\/wp-json\/wp\/v2\/media\/5945278"}],"wp:attachment":[{"href":"https:\/\/stoic-curie.212-227-153-4.plesk.page\/fr\/wp-json\/wp\/v2\/media?parent=730127"}],"wp:term":[{"taxonomy":"product_brand","embeddable":true,"href":"https:\/\/stoic-curie.212-227-153-4.plesk.page\/fr\/wp-json\/wp\/v2\/product_brand?post=730127"},{"taxonomy":"product_cat","embeddable":true,"href":"https:\/\/stoic-curie.212-227-153-4.plesk.page\/fr\/wp-json\/wp\/v2\/product_cat?post=730127"},{"taxonomy":"product_tag","embeddable":true,"href":"https:\/\/stoic-curie.212-227-153-4.plesk.page\/fr\/wp-json\/wp\/v2\/product_tag?post=730127"}],"curies":[{"name":"wp","href":"https:\/\/api.w.org\/{rel}","templated":true}]}}