{"id":730129,"date":"2025-03-03T16:06:13","date_gmt":"2025-03-03T15:06:13","guid":{"rendered":"https:\/\/stoic-curie.212-227-153-4.plesk.page\/producto\/siege-pliant-ivoire-360-x-406-x-h-546-mm\/"},"modified":"2026-02-24T23:08:39","modified_gmt":"2026-02-24T23:08:39","slug":"siege-pliant-ivoire-360-x-406-x-h-546-mm","status":"publish","type":"product","link":"https:\/\/stoic-curie.212-227-153-4.plesk.page\/fr\/product\/siege-pliant-ivoire-360-x-406-x-h-546-mm\/","title":{"rendered":"Si\u00e8ge pliant ivoire, 360\u00a0x\u00a0406\u00a0x\u00a0H\u00a0546\u00a0mm"},"content":{"rendered":"<p>Si\u00e8ge pliant ivoire, 360\u00a0x\u00a0406\u00a0x\u00a0H\u00a0546\u00a0mm &#8211; <\/p>\n<p>Chaise pliable rembourr\u00e9e. Rev\u00eatement Skay de qualit\u00e9 marine.<\/p>\n","protected":false},"excerpt":{"rendered":"<p>Si\u00e8ge pliant ivoire, 360\u00a0x\u00a0406\u00a0x\u00a0H\u00a0546\u00a0mm &#8211; Chaise pliable rembourr\u00e9e. Rev\u00eatement Skay de qualit\u00e9 marine.<\/p>\n","protected":false},"featured_media":5945287,"comment_status":"open","ping_status":"closed","template":"","meta":[],"product_brand":[2964],"product_cat":[1104],"product_tag":[],"class_list":{"0":"post-730129","1":"product","2":"type-product","3":"status-publish","4":"has-post-thumbnail","6":"product_brand-garelick-fr","7":"product_cat-sieges","9":"first","10":"instock","11":"shipping-taxable","12":"purchasable","13":"product-type-simple"},"_links":{"self":[{"href":"https:\/\/stoic-curie.212-227-153-4.plesk.page\/fr\/wp-json\/wp\/v2\/product\/730129","targetHints":{"allow":["GET"]}}],"collection":[{"href":"https:\/\/stoic-curie.212-227-153-4.plesk.page\/fr\/wp-json\/wp\/v2\/product"}],"about":[{"href":"https:\/\/stoic-curie.212-227-153-4.plesk.page\/fr\/wp-json\/wp\/v2\/types\/product"}],"replies":[{"embeddable":true,"href":"https:\/\/stoic-curie.212-227-153-4.plesk.page\/fr\/wp-json\/wp\/v2\/comments?post=730129"}],"version-history":[{"count":0,"href":"https:\/\/stoic-curie.212-227-153-4.plesk.page\/fr\/wp-json\/wp\/v2\/product\/730129\/revisions"}],"wp:featuredmedia":[{"embeddable":true,"href":"https:\/\/stoic-curie.212-227-153-4.plesk.page\/fr\/wp-json\/wp\/v2\/media\/5945287"}],"wp:attachment":[{"href":"https:\/\/stoic-curie.212-227-153-4.plesk.page\/fr\/wp-json\/wp\/v2\/media?parent=730129"}],"wp:term":[{"taxonomy":"product_brand","embeddable":true,"href":"https:\/\/stoic-curie.212-227-153-4.plesk.page\/fr\/wp-json\/wp\/v2\/product_brand?post=730129"},{"taxonomy":"product_cat","embeddable":true,"href":"https:\/\/stoic-curie.212-227-153-4.plesk.page\/fr\/wp-json\/wp\/v2\/product_cat?post=730129"},{"taxonomy":"product_tag","embeddable":true,"href":"https:\/\/stoic-curie.212-227-153-4.plesk.page\/fr\/wp-json\/wp\/v2\/product_tag?post=730129"}],"curies":[{"name":"wp","href":"https:\/\/api.w.org\/{rel}","templated":true}]}}