{"id":730136,"date":"2025-03-03T16:06:14","date_gmt":"2025-03-03T15:06:14","guid":{"rendered":"https:\/\/stoic-curie.212-227-153-4.plesk.page\/producto\/siege-premium-soft-rouge-457-x-482-x-h-603-mm\/"},"modified":"2026-02-24T23:08:39","modified_gmt":"2026-02-24T23:08:39","slug":"siege-premium-soft-rouge-457-x-482-x-h-603-mm","status":"publish","type":"product","link":"https:\/\/stoic-curie.212-227-153-4.plesk.page\/fr\/product\/siege-premium-soft-rouge-457-x-482-x-h-603-mm\/","title":{"rendered":"Si\u00e8ge Premium Soft rouge, 457\u00a0x\u00a0482\u00a0x\u00a0H\u00a0603\u00a0mm"},"content":{"rendered":"<p>Si\u00e8ge Premium Soft rouge, 457\u00a0x\u00a0482\u00a0x\u00a0H\u00a0603\u00a0mm &#8211; <\/p>\n<p>Si\u00e8ge rembourr\u00e9 pliable. Rev\u00eatement Skay en grade marin r\u00e9sistant. Corps en plastique renforc\u00e9 et charni\u00e8res en aluminium r\u00e9sistantes \u00e0 la corrosion. Design confortable avec un si\u00e8ge souple rembourr\u00e9.<\/p>\n","protected":false},"excerpt":{"rendered":"<p>Si\u00e8ge Premium Soft rouge, 457\u00a0x\u00a0482\u00a0x\u00a0H\u00a0603\u00a0mm &#8211; Si\u00e8ge rembourr\u00e9 pliable. Rev\u00eatement Skay en grade marin r\u00e9sistant. Corps en plastique renforc\u00e9 et<\/p>\n","protected":false},"featured_media":5945298,"comment_status":"open","ping_status":"closed","template":"","meta":[],"product_brand":[2964],"product_cat":[1104],"product_tag":[],"class_list":{"0":"post-730136","1":"product","2":"type-product","3":"status-publish","4":"has-post-thumbnail","6":"product_brand-garelick-fr","7":"product_cat-sieges","9":"first","10":"instock","11":"shipping-taxable","12":"purchasable","13":"product-type-simple"},"_links":{"self":[{"href":"https:\/\/stoic-curie.212-227-153-4.plesk.page\/fr\/wp-json\/wp\/v2\/product\/730136","targetHints":{"allow":["GET"]}}],"collection":[{"href":"https:\/\/stoic-curie.212-227-153-4.plesk.page\/fr\/wp-json\/wp\/v2\/product"}],"about":[{"href":"https:\/\/stoic-curie.212-227-153-4.plesk.page\/fr\/wp-json\/wp\/v2\/types\/product"}],"replies":[{"embeddable":true,"href":"https:\/\/stoic-curie.212-227-153-4.plesk.page\/fr\/wp-json\/wp\/v2\/comments?post=730136"}],"version-history":[{"count":0,"href":"https:\/\/stoic-curie.212-227-153-4.plesk.page\/fr\/wp-json\/wp\/v2\/product\/730136\/revisions"}],"wp:featuredmedia":[{"embeddable":true,"href":"https:\/\/stoic-curie.212-227-153-4.plesk.page\/fr\/wp-json\/wp\/v2\/media\/5945298"}],"wp:attachment":[{"href":"https:\/\/stoic-curie.212-227-153-4.plesk.page\/fr\/wp-json\/wp\/v2\/media?parent=730136"}],"wp:term":[{"taxonomy":"product_brand","embeddable":true,"href":"https:\/\/stoic-curie.212-227-153-4.plesk.page\/fr\/wp-json\/wp\/v2\/product_brand?post=730136"},{"taxonomy":"product_cat","embeddable":true,"href":"https:\/\/stoic-curie.212-227-153-4.plesk.page\/fr\/wp-json\/wp\/v2\/product_cat?post=730136"},{"taxonomy":"product_tag","embeddable":true,"href":"https:\/\/stoic-curie.212-227-153-4.plesk.page\/fr\/wp-json\/wp\/v2\/product_tag?post=730136"}],"curies":[{"name":"wp","href":"https:\/\/api.w.org\/{rel}","templated":true}]}}