{"id":730139,"date":"2025-03-03T16:06:15","date_gmt":"2025-03-03T15:06:15","guid":{"rendered":"https:\/\/stoic-curie.212-227-153-4.plesk.page\/producto\/siege-premium-fish-bleu-432-x-508-x-597-mm\/"},"modified":"2026-02-24T23:08:39","modified_gmt":"2026-02-24T23:08:39","slug":"siege-premium-fish-bleu-432-x-508-x-597-mm","status":"publish","type":"product","link":"https:\/\/stoic-curie.212-227-153-4.plesk.page\/fr\/product\/siege-premium-fish-bleu-432-x-508-x-597-mm\/","title":{"rendered":"Si\u00e8ge Premium Fish bleu, 432\u00a0x\u00a0508\u00a0x\u00a0597\u00a0mm"},"content":{"rendered":"<p>Si\u00e8ge Premium Fish bleu, 432\u00a0x\u00a0508\u00a0x\u00a0597\u00a0mm &#8211; <\/p>\n<p>Selle rembourr\u00e9e rabattable. Rev\u00eatement en Skay de qualit\u00e9 marine r\u00e9sistant. Corps en plastique renforc\u00e9 et charni\u00e8res en aluminium r\u00e9sistantes \u00e0 la corrosion. Conception de si\u00e8ge confortable.<\/p>\n","protected":false},"excerpt":{"rendered":"<p>Si\u00e8ge Premium Fish bleu, 432\u00a0x\u00a0508\u00a0x\u00a0597\u00a0mm &#8211; Selle rembourr\u00e9e rabattable. Rev\u00eatement en Skay de qualit\u00e9 marine r\u00e9sistant. Corps en plastique renforc\u00e9<\/p>\n","protected":false},"featured_media":5945301,"comment_status":"open","ping_status":"closed","template":"","meta":[],"product_brand":[2964],"product_cat":[1104],"product_tag":[],"class_list":{"0":"post-730139","1":"product","2":"type-product","3":"status-publish","4":"has-post-thumbnail","6":"product_brand-garelick-fr","7":"product_cat-sieges","9":"first","10":"instock","11":"shipping-taxable","12":"purchasable","13":"product-type-simple"},"_links":{"self":[{"href":"https:\/\/stoic-curie.212-227-153-4.plesk.page\/fr\/wp-json\/wp\/v2\/product\/730139","targetHints":{"allow":["GET"]}}],"collection":[{"href":"https:\/\/stoic-curie.212-227-153-4.plesk.page\/fr\/wp-json\/wp\/v2\/product"}],"about":[{"href":"https:\/\/stoic-curie.212-227-153-4.plesk.page\/fr\/wp-json\/wp\/v2\/types\/product"}],"replies":[{"embeddable":true,"href":"https:\/\/stoic-curie.212-227-153-4.plesk.page\/fr\/wp-json\/wp\/v2\/comments?post=730139"}],"version-history":[{"count":0,"href":"https:\/\/stoic-curie.212-227-153-4.plesk.page\/fr\/wp-json\/wp\/v2\/product\/730139\/revisions"}],"wp:featuredmedia":[{"embeddable":true,"href":"https:\/\/stoic-curie.212-227-153-4.plesk.page\/fr\/wp-json\/wp\/v2\/media\/5945301"}],"wp:attachment":[{"href":"https:\/\/stoic-curie.212-227-153-4.plesk.page\/fr\/wp-json\/wp\/v2\/media?parent=730139"}],"wp:term":[{"taxonomy":"product_brand","embeddable":true,"href":"https:\/\/stoic-curie.212-227-153-4.plesk.page\/fr\/wp-json\/wp\/v2\/product_brand?post=730139"},{"taxonomy":"product_cat","embeddable":true,"href":"https:\/\/stoic-curie.212-227-153-4.plesk.page\/fr\/wp-json\/wp\/v2\/product_cat?post=730139"},{"taxonomy":"product_tag","embeddable":true,"href":"https:\/\/stoic-curie.212-227-153-4.plesk.page\/fr\/wp-json\/wp\/v2\/product_tag?post=730139"}],"curies":[{"name":"wp","href":"https:\/\/api.w.org\/{rel}","templated":true}]}}