{"id":730141,"date":"2025-03-03T16:06:15","date_gmt":"2025-03-03T15:06:15","guid":{"rendered":"https:\/\/stoic-curie.212-227-153-4.plesk.page\/producto\/coussin-de-banc-gris-600-x-300-x-50-mm\/"},"modified":"2026-02-24T23:08:39","modified_gmt":"2026-02-24T23:08:39","slug":"coussin-de-banc-gris-600-x-300-x-50-mm","status":"publish","type":"product","link":"https:\/\/stoic-curie.212-227-153-4.plesk.page\/fr\/product\/coussin-de-banc-gris-600-x-300-x-50-mm\/","title":{"rendered":"Coussin de banc gris, 600\u00a0x\u00a0300\u00a0x\u00a050\u00a0mm"},"content":{"rendered":"<p>Coussin de banc gris, 600\u00a0x\u00a0300\u00a0x\u00a050\u00a0mm &#8211; <\/p>\n<p>Coussin en Skay de qualit\u00e9 marine r\u00e9sistant, avec rembourrage en mousse haute densit\u00e9. Comprend une fermeture \u00e9clair et des boutons pressions pour fixer les rabats.<\/p>\n","protected":false},"excerpt":{"rendered":"<p>Coussin de banc gris, 600\u00a0x\u00a0300\u00a0x\u00a050\u00a0mm &#8211; Coussin en Skay de qualit\u00e9 marine r\u00e9sistant, avec rembourrage en mousse haute densit\u00e9. Comprend<\/p>\n","protected":false},"featured_media":5945303,"comment_status":"open","ping_status":"closed","template":"","meta":[],"product_brand":[2964],"product_cat":[1104,1068],"product_tag":[],"class_list":{"0":"post-730141","1":"product","2":"type-product","3":"status-publish","4":"has-post-thumbnail","6":"product_brand-garelick-fr","7":"product_cat-sieges","8":"product_cat-tables-et-chaises","10":"first","11":"instock","12":"shipping-taxable","13":"purchasable","14":"product-type-simple"},"_links":{"self":[{"href":"https:\/\/stoic-curie.212-227-153-4.plesk.page\/fr\/wp-json\/wp\/v2\/product\/730141","targetHints":{"allow":["GET"]}}],"collection":[{"href":"https:\/\/stoic-curie.212-227-153-4.plesk.page\/fr\/wp-json\/wp\/v2\/product"}],"about":[{"href":"https:\/\/stoic-curie.212-227-153-4.plesk.page\/fr\/wp-json\/wp\/v2\/types\/product"}],"replies":[{"embeddable":true,"href":"https:\/\/stoic-curie.212-227-153-4.plesk.page\/fr\/wp-json\/wp\/v2\/comments?post=730141"}],"version-history":[{"count":0,"href":"https:\/\/stoic-curie.212-227-153-4.plesk.page\/fr\/wp-json\/wp\/v2\/product\/730141\/revisions"}],"wp:featuredmedia":[{"embeddable":true,"href":"https:\/\/stoic-curie.212-227-153-4.plesk.page\/fr\/wp-json\/wp\/v2\/media\/5945303"}],"wp:attachment":[{"href":"https:\/\/stoic-curie.212-227-153-4.plesk.page\/fr\/wp-json\/wp\/v2\/media?parent=730141"}],"wp:term":[{"taxonomy":"product_brand","embeddable":true,"href":"https:\/\/stoic-curie.212-227-153-4.plesk.page\/fr\/wp-json\/wp\/v2\/product_brand?post=730141"},{"taxonomy":"product_cat","embeddable":true,"href":"https:\/\/stoic-curie.212-227-153-4.plesk.page\/fr\/wp-json\/wp\/v2\/product_cat?post=730141"},{"taxonomy":"product_tag","embeddable":true,"href":"https:\/\/stoic-curie.212-227-153-4.plesk.page\/fr\/wp-json\/wp\/v2\/product_tag?post=730141"}],"curies":[{"name":"wp","href":"https:\/\/api.w.org\/{rel}","templated":true}]}}