{"id":730145,"date":"2025-03-03T16:06:16","date_gmt":"2025-03-03T15:06:16","guid":{"rendered":"https:\/\/stoic-curie.212-227-153-4.plesk.page\/producto\/table-pliante-forma-marathon-m450h-88-x-60-x-h-70-cm\/"},"modified":"2026-02-24T23:08:39","modified_gmt":"2026-02-24T23:08:39","slug":"table-pliante-forma-marathon-m450h-88-x-60-x-h-70-cm","status":"publish","type":"product","link":"https:\/\/stoic-curie.212-227-153-4.plesk.page\/fr\/product\/table-pliante-forma-marathon-m450h-88-x-60-x-h-70-cm\/","title":{"rendered":"Table pliante Forma Marathon M450H, 88\u00a0x\u00a060\u00a0x\u00a0H\u00a070\u00a0cm"},"content":{"rendered":"<p>Table pliante Forma Marathon M450H, 88\u00a0x\u00a060\u00a0x\u00a0H\u00a070\u00a0cm &#8211; <\/p>\n<p>Tables pliantes \u00e9l\u00e9gantes Marathon M250H &#8211; M450H. Cadre en aluminium anodis\u00e9, parfaitement fini et robuste. Plateau en m\u00e9lamine de qualit\u00e9 sup\u00e9rieure, r\u00e9sistant \u00e0 l&#8217;humidit\u00e9 et aux UV. Coins renforc\u00e9s en aluminium anodis\u00e9. Quincaillerie en acier inoxydable.<\/p>\n","protected":false},"excerpt":{"rendered":"<p>Table pliante Forma Marathon M450H, 88\u00a0x\u00a060\u00a0x\u00a0H\u00a070\u00a0cm &#8211; Tables pliantes \u00e9l\u00e9gantes Marathon M250H &#8211; M450H. Cadre en aluminium anodis\u00e9, parfaitement fini<\/p>\n","protected":false},"featured_media":5945317,"comment_status":"open","ping_status":"closed","template":"","meta":[],"product_brand":[2949],"product_cat":[1068],"product_tag":[],"class_list":{"0":"post-730145","1":"product","2":"type-product","3":"status-publish","4":"has-post-thumbnail","6":"product_brand-forma-fr","7":"product_cat-tables-et-chaises","9":"first","10":"instock","11":"shipping-taxable","12":"purchasable","13":"product-type-simple"},"_links":{"self":[{"href":"https:\/\/stoic-curie.212-227-153-4.plesk.page\/fr\/wp-json\/wp\/v2\/product\/730145","targetHints":{"allow":["GET"]}}],"collection":[{"href":"https:\/\/stoic-curie.212-227-153-4.plesk.page\/fr\/wp-json\/wp\/v2\/product"}],"about":[{"href":"https:\/\/stoic-curie.212-227-153-4.plesk.page\/fr\/wp-json\/wp\/v2\/types\/product"}],"replies":[{"embeddable":true,"href":"https:\/\/stoic-curie.212-227-153-4.plesk.page\/fr\/wp-json\/wp\/v2\/comments?post=730145"}],"version-history":[{"count":0,"href":"https:\/\/stoic-curie.212-227-153-4.plesk.page\/fr\/wp-json\/wp\/v2\/product\/730145\/revisions"}],"wp:featuredmedia":[{"embeddable":true,"href":"https:\/\/stoic-curie.212-227-153-4.plesk.page\/fr\/wp-json\/wp\/v2\/media\/5945317"}],"wp:attachment":[{"href":"https:\/\/stoic-curie.212-227-153-4.plesk.page\/fr\/wp-json\/wp\/v2\/media?parent=730145"}],"wp:term":[{"taxonomy":"product_brand","embeddable":true,"href":"https:\/\/stoic-curie.212-227-153-4.plesk.page\/fr\/wp-json\/wp\/v2\/product_brand?post=730145"},{"taxonomy":"product_cat","embeddable":true,"href":"https:\/\/stoic-curie.212-227-153-4.plesk.page\/fr\/wp-json\/wp\/v2\/product_cat?post=730145"},{"taxonomy":"product_tag","embeddable":true,"href":"https:\/\/stoic-curie.212-227-153-4.plesk.page\/fr\/wp-json\/wp\/v2\/product_tag?post=730145"}],"curies":[{"name":"wp","href":"https:\/\/api.w.org\/{rel}","templated":true}]}}