{"id":730169,"date":"2025-03-03T16:06:36","date_gmt":"2025-03-03T15:06:36","guid":{"rendered":"https:\/\/stoic-curie.212-227-153-4.plesk.page\/producto\/panneau-de-pont-saralon-jba-520-x-385-mm\/"},"modified":"2026-02-24T23:08:39","modified_gmt":"2026-02-24T23:08:39","slug":"panneau-de-pont-saralon-jba-520-x-385-mm","status":"publish","type":"product","link":"https:\/\/stoic-curie.212-227-153-4.plesk.page\/fr\/product\/panneau-de-pont-saralon-jba-520-x-385-mm\/","title":{"rendered":"Panneau de pont Saralon JBA, 520\u00a0x\u00a0385\u00a0mm"},"content":{"rendered":"<p>Panneau de pont Saralon JBA, 520\u00a0x\u00a0385\u00a0mm &#8211; <\/p>\n<p>Hublot de ventilation en r\u00e9sine de polypropyl\u00e8ne Saralon, r\u00e9sistant aux intemp\u00e9ries, aux chocs, aux solvants et aux UV, presque indestructible. Lentille en verre tremp\u00e9 r\u00e9sistant aux chocs et aux rayures pour une clart\u00e9 parfaite. Anneau de finition inclus. Hauteur de 28 mm sur le pont. Zones approuv\u00e9es par CE : II.<\/p>\n","protected":false},"excerpt":{"rendered":"<p>Panneau de pont Saralon JBA, 520\u00a0x\u00a0385\u00a0mm &#8211; Hublot de ventilation en r\u00e9sine de polypropyl\u00e8ne Saralon, r\u00e9sistant aux intemp\u00e9ries, aux chocs,<\/p>\n","protected":false},"featured_media":5937016,"comment_status":"open","ping_status":"closed","template":"","meta":[],"product_brand":[3034],"product_cat":[1128],"product_tag":[],"class_list":{"0":"post-730169","1":"product","2":"type-product","3":"status-publish","4":"has-post-thumbnail","6":"product_brand-jba-marine-fr","7":"product_cat-panneaux-de-pont","9":"first","10":"instock","11":"shipping-taxable","12":"purchasable","13":"product-type-simple"},"_links":{"self":[{"href":"https:\/\/stoic-curie.212-227-153-4.plesk.page\/fr\/wp-json\/wp\/v2\/product\/730169","targetHints":{"allow":["GET"]}}],"collection":[{"href":"https:\/\/stoic-curie.212-227-153-4.plesk.page\/fr\/wp-json\/wp\/v2\/product"}],"about":[{"href":"https:\/\/stoic-curie.212-227-153-4.plesk.page\/fr\/wp-json\/wp\/v2\/types\/product"}],"replies":[{"embeddable":true,"href":"https:\/\/stoic-curie.212-227-153-4.plesk.page\/fr\/wp-json\/wp\/v2\/comments?post=730169"}],"version-history":[{"count":0,"href":"https:\/\/stoic-curie.212-227-153-4.plesk.page\/fr\/wp-json\/wp\/v2\/product\/730169\/revisions"}],"wp:featuredmedia":[{"embeddable":true,"href":"https:\/\/stoic-curie.212-227-153-4.plesk.page\/fr\/wp-json\/wp\/v2\/media\/5937016"}],"wp:attachment":[{"href":"https:\/\/stoic-curie.212-227-153-4.plesk.page\/fr\/wp-json\/wp\/v2\/media?parent=730169"}],"wp:term":[{"taxonomy":"product_brand","embeddable":true,"href":"https:\/\/stoic-curie.212-227-153-4.plesk.page\/fr\/wp-json\/wp\/v2\/product_brand?post=730169"},{"taxonomy":"product_cat","embeddable":true,"href":"https:\/\/stoic-curie.212-227-153-4.plesk.page\/fr\/wp-json\/wp\/v2\/product_cat?post=730169"},{"taxonomy":"product_tag","embeddable":true,"href":"https:\/\/stoic-curie.212-227-153-4.plesk.page\/fr\/wp-json\/wp\/v2\/product_tag?post=730169"}],"curies":[{"name":"wp","href":"https:\/\/api.w.org\/{rel}","templated":true}]}}