{"id":730170,"date":"2025-03-03T16:06:36","date_gmt":"2025-03-03T15:06:36","guid":{"rendered":"https:\/\/stoic-curie.212-227-153-4.plesk.page\/producto\/profil-de-joint-en-neoprene-armflex-boudin-au-dessus-d-12-mm-x-15-m\/"},"modified":"2026-02-24T23:08:39","modified_gmt":"2026-02-24T23:08:39","slug":"profil-de-joint-en-neoprene-armflex-boudin-au-dessus-d-12-mm-x-15-m","status":"publish","type":"product","link":"https:\/\/stoic-curie.212-227-153-4.plesk.page\/fr\/product\/profil-de-joint-en-neoprene-armflex-boudin-au-dessus-d-12-mm-x-15-m\/","title":{"rendered":"Profil de joint en n\u00e9opr\u00e8ne Armflex, boudin au-dessus, D\u00a012\u00a0mm\u00a0x\u00a015\u00a0m"},"content":{"rendered":"<p>Profil de joint en n\u00e9opr\u00e8ne Armflex, boudin au-dessus, D\u00a012\u00a0mm\u00a0x\u00a015\u00a0m &#8211; <\/p>\n<p>Joint \u00e9tanche Trim-Lok pour portes, trappes et loquets. Compos\u00e9 d&#8217;un anneau en caoutchouc EPDM expans\u00e9 extrud\u00e9 sur un profil\u00e9 en PVC. Il se monte facilement gr\u00e2ce \u00e0 la structure avec un c\u0153ur en aluminium segment\u00e9 qui s&#8217;adapte \u00e0 la forme des bords \u00e0 couvrir. La languette de verrouillage assure un joint parfait m\u00eame sans adh\u00e9sif. Emballage de 15 m\u00e8tres.<\/p>\n","protected":false},"excerpt":{"rendered":"<p>Profil de joint en n\u00e9opr\u00e8ne Armflex, boudin au-dessus, D\u00a012\u00a0mm\u00a0x\u00a015\u00a0m &#8211; Joint \u00e9tanche Trim-Lok pour portes, trappes et loquets. Compos\u00e9 d&#8217;un<\/p>\n","protected":false},"featured_media":5940176,"comment_status":"open","ping_status":"closed","template":"","meta":[],"product_brand":[3479],"product_cat":[1128],"product_tag":[],"class_list":{"0":"post-730170","1":"product","2":"type-product","3":"status-publish","4":"has-post-thumbnail","6":"product_brand-tessilmare-fr","7":"product_cat-panneaux-de-pont","9":"first","10":"instock","11":"shipping-taxable","12":"purchasable","13":"product-type-simple"},"_links":{"self":[{"href":"https:\/\/stoic-curie.212-227-153-4.plesk.page\/fr\/wp-json\/wp\/v2\/product\/730170","targetHints":{"allow":["GET"]}}],"collection":[{"href":"https:\/\/stoic-curie.212-227-153-4.plesk.page\/fr\/wp-json\/wp\/v2\/product"}],"about":[{"href":"https:\/\/stoic-curie.212-227-153-4.plesk.page\/fr\/wp-json\/wp\/v2\/types\/product"}],"replies":[{"embeddable":true,"href":"https:\/\/stoic-curie.212-227-153-4.plesk.page\/fr\/wp-json\/wp\/v2\/comments?post=730170"}],"version-history":[{"count":0,"href":"https:\/\/stoic-curie.212-227-153-4.plesk.page\/fr\/wp-json\/wp\/v2\/product\/730170\/revisions"}],"wp:featuredmedia":[{"embeddable":true,"href":"https:\/\/stoic-curie.212-227-153-4.plesk.page\/fr\/wp-json\/wp\/v2\/media\/5940176"}],"wp:attachment":[{"href":"https:\/\/stoic-curie.212-227-153-4.plesk.page\/fr\/wp-json\/wp\/v2\/media?parent=730170"}],"wp:term":[{"taxonomy":"product_brand","embeddable":true,"href":"https:\/\/stoic-curie.212-227-153-4.plesk.page\/fr\/wp-json\/wp\/v2\/product_brand?post=730170"},{"taxonomy":"product_cat","embeddable":true,"href":"https:\/\/stoic-curie.212-227-153-4.plesk.page\/fr\/wp-json\/wp\/v2\/product_cat?post=730170"},{"taxonomy":"product_tag","embeddable":true,"href":"https:\/\/stoic-curie.212-227-153-4.plesk.page\/fr\/wp-json\/wp\/v2\/product_tag?post=730170"}],"curies":[{"name":"wp","href":"https:\/\/api.w.org\/{rel}","templated":true}]}}