{"id":730173,"date":"2025-03-03T16:06:36","date_gmt":"2025-03-03T15:06:36","guid":{"rendered":"https:\/\/stoic-curie.212-227-153-4.plesk.page\/producto\/joint-a-profile-autobloquant-4-65-x-4-65-mm-x-15-m\/"},"modified":"2026-02-24T23:08:39","modified_gmt":"2026-02-24T23:08:39","slug":"joint-a-profile-autobloquant-4-65-x-4-65-mm-x-15-m","status":"publish","type":"product","link":"https:\/\/stoic-curie.212-227-153-4.plesk.page\/fr\/product\/joint-a-profile-autobloquant-4-65-x-4-65-mm-x-15-m\/","title":{"rendered":"Joint \u00e0 profil\u00e9 autobloquant, 4\/6,5\u00a0x\u00a04\/6,5\u00a0mm\u00a0x\u00a015\u00a0m"},"content":{"rendered":"<p>Joint \u00e0 profil\u00e9 autobloquant, 4\/6,5\u00a0x\u00a04\/6,5\u00a0mm\u00a0x\u00a015\u00a0m &#8211; <\/p>\n<p>Joints Trim-Lok \u00e9tanches pour monter et fixer des plaques de verre ou de plexiglas sur des trous de cloison. Il s&#8217;installe facilement gr\u00e2ce \u00e0 la structure en caoutchouc EPDM expans\u00e9 qui s&#8217;adapte parfaitement \u00e0 la forme du bord. Une fois ins\u00e9r\u00e9, le profil de verrouillage cr\u00e9e la pression n\u00e9cessaire pour maintenir le verre en place. Pack de 15 m\u00e8tres.<\/p>\n","protected":false},"excerpt":{"rendered":"<p>Joint \u00e0 profil\u00e9 autobloquant, 4\/6,5\u00a0x\u00a04\/6,5\u00a0mm\u00a0x\u00a015\u00a0m &#8211; Joints Trim-Lok \u00e9tanches pour monter et fixer des plaques de verre ou de plexiglas<\/p>\n","protected":false},"featured_media":5944421,"comment_status":"open","ping_status":"closed","template":"","meta":[],"product_brand":[3479],"product_cat":[1128],"product_tag":[],"class_list":{"0":"post-730173","1":"product","2":"type-product","3":"status-publish","4":"has-post-thumbnail","6":"product_brand-tessilmare-fr","7":"product_cat-panneaux-de-pont","9":"first","10":"instock","11":"shipping-taxable","12":"purchasable","13":"product-type-simple"},"_links":{"self":[{"href":"https:\/\/stoic-curie.212-227-153-4.plesk.page\/fr\/wp-json\/wp\/v2\/product\/730173","targetHints":{"allow":["GET"]}}],"collection":[{"href":"https:\/\/stoic-curie.212-227-153-4.plesk.page\/fr\/wp-json\/wp\/v2\/product"}],"about":[{"href":"https:\/\/stoic-curie.212-227-153-4.plesk.page\/fr\/wp-json\/wp\/v2\/types\/product"}],"replies":[{"embeddable":true,"href":"https:\/\/stoic-curie.212-227-153-4.plesk.page\/fr\/wp-json\/wp\/v2\/comments?post=730173"}],"version-history":[{"count":0,"href":"https:\/\/stoic-curie.212-227-153-4.plesk.page\/fr\/wp-json\/wp\/v2\/product\/730173\/revisions"}],"wp:featuredmedia":[{"embeddable":true,"href":"https:\/\/stoic-curie.212-227-153-4.plesk.page\/fr\/wp-json\/wp\/v2\/media\/5944421"}],"wp:attachment":[{"href":"https:\/\/stoic-curie.212-227-153-4.plesk.page\/fr\/wp-json\/wp\/v2\/media?parent=730173"}],"wp:term":[{"taxonomy":"product_brand","embeddable":true,"href":"https:\/\/stoic-curie.212-227-153-4.plesk.page\/fr\/wp-json\/wp\/v2\/product_brand?post=730173"},{"taxonomy":"product_cat","embeddable":true,"href":"https:\/\/stoic-curie.212-227-153-4.plesk.page\/fr\/wp-json\/wp\/v2\/product_cat?post=730173"},{"taxonomy":"product_tag","embeddable":true,"href":"https:\/\/stoic-curie.212-227-153-4.plesk.page\/fr\/wp-json\/wp\/v2\/product_tag?post=730173"}],"curies":[{"name":"wp","href":"https:\/\/api.w.org\/{rel}","templated":true}]}}