{"id":730176,"date":"2025-03-03T16:06:37","date_gmt":"2025-03-03T15:06:37","guid":{"rendered":"https:\/\/stoic-curie.212-227-153-4.plesk.page\/producto\/panneau-de-pont-saralon-331-x-762-mm\/"},"modified":"2026-02-24T23:08:39","modified_gmt":"2026-02-24T23:08:39","slug":"panneau-de-pont-saralon-331-x-762-mm","status":"publish","type":"product","link":"https:\/\/stoic-curie.212-227-153-4.plesk.page\/fr\/product\/panneau-de-pont-saralon-331-x-762-mm\/","title":{"rendered":"Panneau de pont Saralon, 331\u00a0x\u00a0762\u00a0mm"},"content":{"rendered":"<p>Panneau de pont Saralon, 331\u00a0x\u00a0762\u00a0mm &#8211; <\/p>\n<p>Porte de hublot en r\u00e9sine de polypropyl\u00e8ne Saralon presque indestructible. Marchable, r\u00e9sistant aux chocs, insensible aux rayons UV, solvants et combustibles. Ouverture \u00e0 180\u00b0 avec charni\u00e8res en acier inoxydable. Joint encastr\u00e9 assurant un joint \u00e9tanche parfait. Montable sur le pont ou sur une cloison. Certifi\u00e9 CE.<\/p>\n","protected":false},"excerpt":{"rendered":"<p>Panneau de pont Saralon, 331\u00a0x\u00a0762\u00a0mm &#8211; Porte de hublot en r\u00e9sine de polypropyl\u00e8ne Saralon presque indestructible. Marchable, r\u00e9sistant aux chocs,<\/p>\n","protected":false},"featured_media":5945338,"comment_status":"open","ping_status":"closed","template":"","meta":[],"product_brand":[3034],"product_cat":[1121],"product_tag":[],"class_list":{"0":"post-730176","1":"product","2":"type-product","3":"status-publish","4":"has-post-thumbnail","6":"product_brand-jba-marine-fr","7":"product_cat-trappes-de-plastique","9":"first","10":"instock","11":"shipping-taxable","12":"purchasable","13":"product-type-simple"},"_links":{"self":[{"href":"https:\/\/stoic-curie.212-227-153-4.plesk.page\/fr\/wp-json\/wp\/v2\/product\/730176","targetHints":{"allow":["GET"]}}],"collection":[{"href":"https:\/\/stoic-curie.212-227-153-4.plesk.page\/fr\/wp-json\/wp\/v2\/product"}],"about":[{"href":"https:\/\/stoic-curie.212-227-153-4.plesk.page\/fr\/wp-json\/wp\/v2\/types\/product"}],"replies":[{"embeddable":true,"href":"https:\/\/stoic-curie.212-227-153-4.plesk.page\/fr\/wp-json\/wp\/v2\/comments?post=730176"}],"version-history":[{"count":0,"href":"https:\/\/stoic-curie.212-227-153-4.plesk.page\/fr\/wp-json\/wp\/v2\/product\/730176\/revisions"}],"wp:featuredmedia":[{"embeddable":true,"href":"https:\/\/stoic-curie.212-227-153-4.plesk.page\/fr\/wp-json\/wp\/v2\/media\/5945338"}],"wp:attachment":[{"href":"https:\/\/stoic-curie.212-227-153-4.plesk.page\/fr\/wp-json\/wp\/v2\/media?parent=730176"}],"wp:term":[{"taxonomy":"product_brand","embeddable":true,"href":"https:\/\/stoic-curie.212-227-153-4.plesk.page\/fr\/wp-json\/wp\/v2\/product_brand?post=730176"},{"taxonomy":"product_cat","embeddable":true,"href":"https:\/\/stoic-curie.212-227-153-4.plesk.page\/fr\/wp-json\/wp\/v2\/product_cat?post=730176"},{"taxonomy":"product_tag","embeddable":true,"href":"https:\/\/stoic-curie.212-227-153-4.plesk.page\/fr\/wp-json\/wp\/v2\/product_tag?post=730176"}],"curies":[{"name":"wp","href":"https:\/\/api.w.org\/{rel}","templated":true}]}}