{"id":730183,"date":"2025-03-03T16:06:38","date_gmt":"2025-03-03T15:06:38","guid":{"rendered":"https:\/\/stoic-curie.212-227-153-4.plesk.page\/producto\/combine-en-inox-rechaud-a-gaz-1-feu-et-evier-sur-la-droite-530-x-340-x-150-mm\/"},"modified":"2026-02-24T23:08:39","modified_gmt":"2026-02-24T23:08:39","slug":"combine-en-inox-rechaud-a-gaz-1-feu-et-evier-sur-la-droite-530-x-340-x-150-mm","status":"publish","type":"product","link":"https:\/\/stoic-curie.212-227-153-4.plesk.page\/fr\/product\/combine-en-inox-rechaud-a-gaz-1-feu-et-evier-sur-la-droite-530-x-340-x-150-mm\/","title":{"rendered":"Combin\u00e9 en inox r\u00e9chaud \u00e0 gaz (1\u00a0feu) et \u00e9vier sur la droite, 530\u00a0x\u00a0340\u00a0x\u00a0150\u00a0mm"},"content":{"rendered":"<p>Combin\u00e9 en inox r\u00e9chaud \u00e0 gaz (1\u00a0feu) et \u00e9vier sur la droite, 530\u00a0x\u00a0340\u00a0x\u00a0150\u00a0mm &#8211; <\/p>\n<p>1 br\u00fbleur en verre noir tremp\u00e9 et un bassin en acier inoxydable. Complet avec thermocouples et allumage pi\u00e9zo\u00e9lectrique. \u00c0 compl\u00e9ter avec un grand \u00e9vacuation de lavabo et un robinet.<\/p>\n","protected":false},"excerpt":{"rendered":"<p>Combin\u00e9 en inox r\u00e9chaud \u00e0 gaz (1\u00a0feu) et \u00e9vier sur la droite, 530\u00a0x\u00a0340\u00a0x\u00a0150\u00a0mm &#8211; 1 br\u00fbleur en verre noir tremp\u00e9<\/p>\n","protected":false},"featured_media":5945345,"comment_status":"open","ping_status":"closed","template":"","meta":[],"product_brand":[2854],"product_cat":[1067,1089],"product_tag":[],"class_list":{"0":"post-730183","1":"product","2":"type-product","3":"status-publish","4":"has-post-thumbnail","6":"product_brand-can-marine-fr","7":"product_cat-cuissons","8":"product_cat-eviers","10":"first","11":"instock","12":"shipping-taxable","13":"purchasable","14":"product-type-simple"},"_links":{"self":[{"href":"https:\/\/stoic-curie.212-227-153-4.plesk.page\/fr\/wp-json\/wp\/v2\/product\/730183","targetHints":{"allow":["GET"]}}],"collection":[{"href":"https:\/\/stoic-curie.212-227-153-4.plesk.page\/fr\/wp-json\/wp\/v2\/product"}],"about":[{"href":"https:\/\/stoic-curie.212-227-153-4.plesk.page\/fr\/wp-json\/wp\/v2\/types\/product"}],"replies":[{"embeddable":true,"href":"https:\/\/stoic-curie.212-227-153-4.plesk.page\/fr\/wp-json\/wp\/v2\/comments?post=730183"}],"version-history":[{"count":0,"href":"https:\/\/stoic-curie.212-227-153-4.plesk.page\/fr\/wp-json\/wp\/v2\/product\/730183\/revisions"}],"wp:featuredmedia":[{"embeddable":true,"href":"https:\/\/stoic-curie.212-227-153-4.plesk.page\/fr\/wp-json\/wp\/v2\/media\/5945345"}],"wp:attachment":[{"href":"https:\/\/stoic-curie.212-227-153-4.plesk.page\/fr\/wp-json\/wp\/v2\/media?parent=730183"}],"wp:term":[{"taxonomy":"product_brand","embeddable":true,"href":"https:\/\/stoic-curie.212-227-153-4.plesk.page\/fr\/wp-json\/wp\/v2\/product_brand?post=730183"},{"taxonomy":"product_cat","embeddable":true,"href":"https:\/\/stoic-curie.212-227-153-4.plesk.page\/fr\/wp-json\/wp\/v2\/product_cat?post=730183"},{"taxonomy":"product_tag","embeddable":true,"href":"https:\/\/stoic-curie.212-227-153-4.plesk.page\/fr\/wp-json\/wp\/v2\/product_tag?post=730183"}],"curies":[{"name":"wp","href":"https:\/\/api.w.org\/{rel}","templated":true}]}}