{"id":730185,"date":"2025-03-03T16:06:38","date_gmt":"2025-03-03T15:06:38","guid":{"rendered":"https:\/\/stoic-curie.212-227-153-4.plesk.page\/producto\/cuisiniere-a-gaz-a-3-feux-avec-four-en-inox-can-sb\/"},"modified":"2026-02-24T23:08:39","modified_gmt":"2026-02-24T23:08:39","slug":"cuisiniere-a-gaz-a-3-feux-avec-four-en-inox-can-sb","status":"publish","type":"product","link":"https:\/\/stoic-curie.212-227-153-4.plesk.page\/fr\/product\/cuisiniere-a-gaz-a-3-feux-avec-four-en-inox-can-sb\/","title":{"rendered":"Cuisini\u00e8re \u00e0 gaz \u00e0 3\u00a0feux avec four en inox CAN-SB"},"content":{"rendered":"<p>Cuisini\u00e8re \u00e0 gaz \u00e0 3\u00a0feux avec four en inox CAN-SB &#8211; <\/p>\n<p style=\"color: rgb(34, 34, 34); font-family: Arial, Helvetica, sans-serif; font-size: small;\">Nous vous pr\u00e9sentons notre cuisini\u00e8re \u00e0 gaz en acier inoxydable de haute qualit\u00e9, dot\u00e9e d&#8217;une plaque de verre tremp\u00e9 et d&#8217;un four spacieux de 30 litres. Ce mod\u00e8le comprend un allumage pi\u00e9zo\u00e9lectrique et des vannes de s\u00e9curit\u00e9 sur tous les br\u00fbleurs pour une s\u00e9curit\u00e9 accrue. Le design de la grille nivel\u00e9e permet un glissement facile des casseroles, tandis que le four est \u00e9quip\u00e9 d&#8217;une poign\u00e9e ergonomique, d&#8217;une porte ventil\u00e9e et de double vitrage avec un thermom\u00e8tre int\u00e9gr\u00e9. De plus, il est fourni avec une grille de four, un dissipateur thermique et des couvercles de br\u00fbleurs en aluminium. Le br\u00fbleur simple fournit 1900 W de puissance, et le four fonctionne \u00e0 2000 W, garantissant un excellent design, une qualit\u00e9 et des performances exceptionnelles.<\/p>\n<p style=\"color: rgb(34, 34, 34); font-family: Arial, Helvetica, sans-serif; font-size: small;\">Ce four \u00e0 gaz durable dispose de trois br\u00fbleurs et est fabriqu\u00e9 en acier inoxydable robuste. Sa surface en verre noir thermique \u00e9l\u00e9gant ajoute une touche attrayante \u00e0 toute cuisine. Il convient aux installations fixes et semi-suspendues et est livr\u00e9 avec un kit de montage complet.<\/p>\n<p style=\"color: rgb(34, 34, 34); font-family: Arial, Helvetica, sans-serif; font-size: small;\"><strong>Donn\u00e9es techniques<\/strong><\/p>\n<ul style=\"color: rgb(34, 34, 34); font-family: Arial, Helvetica, sans-serif; font-size: small;\">\n<li><strong>Nombre de br\u00fbleurs :<\/strong>\u00a03<\/li>\n<li><strong>Capacit\u00e9 du four :<\/strong>\u00a030 litres<\/li>\n<li><strong>Fusible :<\/strong>\u00a0Thermique<\/li>\n<li><strong>Pression de gaz :<\/strong>\u00a030 mBar<\/li>\n<li><strong>Puissance du four :<\/strong>\u00a01900 W<\/li>\n<li><strong>Sortie du br\u00fbleur :<\/strong>\u00a01x petit br\u00fbleur : 1000 W ; 2x grands br\u00fbleurs : 1750 W chacun<\/li>\n<li><strong>Mat\u00e9riau :<\/strong>\u00a0Acier inoxydable<\/li>\n<li><strong>Poids net :<\/strong>\u00a023 kg<\/li>\n<li><strong>Dimensions (LxPxH) :<\/strong>\u00a0500 x 410 x 458 mm<\/li>\n<\/ul>\n","protected":false},"excerpt":{"rendered":"<p>Cuisini\u00e8re \u00e0 gaz \u00e0 3\u00a0feux avec four en inox CAN-SB &#8211; Nous vous pr\u00e9sentons notre cuisini\u00e8re \u00e0 gaz en acier<\/p>\n","protected":false},"featured_media":5945347,"comment_status":"open","ping_status":"closed","template":"","meta":[],"product_brand":[2854],"product_cat":[1067],"product_tag":[],"class_list":{"0":"post-730185","1":"product","2":"type-product","3":"status-publish","4":"has-post-thumbnail","6":"product_brand-can-marine-fr","7":"product_cat-cuissons","9":"first","10":"instock","11":"shipping-taxable","12":"purchasable","13":"product-type-simple"},"_links":{"self":[{"href":"https:\/\/stoic-curie.212-227-153-4.plesk.page\/fr\/wp-json\/wp\/v2\/product\/730185","targetHints":{"allow":["GET"]}}],"collection":[{"href":"https:\/\/stoic-curie.212-227-153-4.plesk.page\/fr\/wp-json\/wp\/v2\/product"}],"about":[{"href":"https:\/\/stoic-curie.212-227-153-4.plesk.page\/fr\/wp-json\/wp\/v2\/types\/product"}],"replies":[{"embeddable":true,"href":"https:\/\/stoic-curie.212-227-153-4.plesk.page\/fr\/wp-json\/wp\/v2\/comments?post=730185"}],"version-history":[{"count":0,"href":"https:\/\/stoic-curie.212-227-153-4.plesk.page\/fr\/wp-json\/wp\/v2\/product\/730185\/revisions"}],"wp:featuredmedia":[{"embeddable":true,"href":"https:\/\/stoic-curie.212-227-153-4.plesk.page\/fr\/wp-json\/wp\/v2\/media\/5945347"}],"wp:attachment":[{"href":"https:\/\/stoic-curie.212-227-153-4.plesk.page\/fr\/wp-json\/wp\/v2\/media?parent=730185"}],"wp:term":[{"taxonomy":"product_brand","embeddable":true,"href":"https:\/\/stoic-curie.212-227-153-4.plesk.page\/fr\/wp-json\/wp\/v2\/product_brand?post=730185"},{"taxonomy":"product_cat","embeddable":true,"href":"https:\/\/stoic-curie.212-227-153-4.plesk.page\/fr\/wp-json\/wp\/v2\/product_cat?post=730185"},{"taxonomy":"product_tag","embeddable":true,"href":"https:\/\/stoic-curie.212-227-153-4.plesk.page\/fr\/wp-json\/wp\/v2\/product_tag?post=730185"}],"curies":[{"name":"wp","href":"https:\/\/api.w.org\/{rel}","templated":true}]}}