{"id":730188,"date":"2025-03-03T16:06:39","date_gmt":"2025-03-03T15:06:39","guid":{"rendered":"https:\/\/stoic-curie.212-227-153-4.plesk.page\/producto\/machine-a-glacons-en-inox-vitrifrigo-hydro-24-v\/"},"modified":"2026-02-24T23:08:39","modified_gmt":"2026-02-24T23:08:39","slug":"machine-a-glacons-en-inox-vitrifrigo-hydro-24-v","status":"publish","type":"product","link":"https:\/\/stoic-curie.212-227-153-4.plesk.page\/fr\/product\/machine-a-glacons-en-inox-vitrifrigo-hydro-24-v\/","title":{"rendered":"Machine \u00e0 gla\u00e7ons en inox Vitrifrigo Hydro, 24\u00a0V"},"content":{"rendered":"<p>Machine \u00e0 gla\u00e7ons en inox Vitrifrigo Hydro, 24\u00a0V &#8211; <\/p>\n<p style=\"color: rgb(34, 34, 34); font-family: Arial, Helvetica, sans-serif; font-size: small;\">Nous vous pr\u00e9sentons le g\u00e9n\u00e9rateur de glace IM CL OCX2 Hydro de Vitrifrigo, un appareil de glace m\u00e9canique con\u00e7u avec un ext\u00e9rieur en acier inoxydable robuste et une unit\u00e9 de r\u00e9frig\u00e9ration int\u00e9gr\u00e9e. Ce mod\u00e8le dispose d&#8217;un panneau de contr\u00f4le LED \u00e9tanche, permettant aux utilisateurs d&#8217;ajuster facilement les param\u00e8tres du cong\u00e9lateur et de surveiller le niveau d&#8217;eau dans les versions rechargeables. Le profil de fixation inclus permet une installation de la porte soit totalement, soit partiellement encastr\u00e9e, offrant ainsi une flexibilit\u00e9 d&#8217;installation.<\/p>\n<p style=\"color: rgb(34, 34, 34); font-family: Arial, Helvetica, sans-serif; font-size: small;\">La poign\u00e9e innovante Steelock Vent Position facilite la ventilation pendant les p\u00e9riodes d&#8217;inactivit\u00e9, emp\u00eachant l&#8217;accumulation de moisissure et d&#8217;odeurs d\u00e9sagr\u00e9ables. Avec une alimentation de 220V et une consommation de 180W, ce g\u00e9n\u00e9rateur de glace peut produire jusqu&#8217;\u00e0 8 kg de glace toutes les 24 heures.<\/p>\n<p style=\"color: rgb(34, 34, 34); font-family: Arial, Helvetica, sans-serif; font-size: small;\">Le IM CL OCX2 Hydro est sp\u00e9cialement con\u00e7u pour les environnements marins et peut \u00eatre connect\u00e9 directement au syst\u00e8me d&#8217;eau potable \u00e0 bord, \u00e9liminant ainsi le besoin d&#8217;un plateau \u00e0 glace s\u00e9par\u00e9. Pour une hygi\u00e8ne accrue, un syst\u00e8me de purification de l&#8217;eau UV est disponible en option.<\/p>\n<p style=\"color: rgb(34, 34, 34); font-family: Arial, Helvetica, sans-serif; font-size: small;\">Sp\u00e9cifications cl\u00e9s :<\/p>\n<ul style=\"color: rgb(34, 34, 34); font-family: Arial, Helvetica, sans-serif; font-size: small;\">\n<li>Finition de la porte : Acier inoxydable<\/li>\n<li>Capacit\u00e9 : 24 litres<\/li>\n<li>Hauteur : 702 mm<\/li>\n<li>Longueur : 416 mm<\/li>\n<li>Profondeur : 433 mm<\/li>\n<li>Poids : 23 kg<\/li>\n<li>S\u00e9rie : ICEMAKER<\/li>\n<li>Porte r\u00e9versible : Oui<\/li>\n<li>Thermostat : LED<\/li>\n<li>Technologie de r\u00e9frig\u00e9ration : Compresseur<\/li>\n<li>Unit\u00e9 de refroidissement : Interne<\/li>\n<li>Ouverture de la porte : Porte avant unique<\/li>\n<li>Tension : 115 VAC<\/li>\n<\/ul>\n<p style=\"color: rgb(34, 34, 34); font-family: Arial, Helvetica, sans-serif; font-size: small;\">Le IM CL OCX2 Hydro est une solution de haute qualit\u00e9 pour les propri\u00e9taires de bateaux \u00e0 la recherche d&#8217;une production de glace fiable et efficace tout en maintenant les normes les plus \u00e9lev\u00e9es d&#8217;hygi\u00e8ne et de confort.<\/p>\n","protected":false},"excerpt":{"rendered":"<p>Machine \u00e0 gla\u00e7ons en inox Vitrifrigo Hydro, 24\u00a0V &#8211; Nous vous pr\u00e9sentons le g\u00e9n\u00e9rateur de glace IM CL OCX2 Hydro<\/p>\n","protected":false},"featured_media":5945353,"comment_status":"open","ping_status":"closed","template":"","meta":[],"product_brand":[3524],"product_cat":[1177],"product_tag":[],"class_list":{"0":"post-730188","1":"product","2":"type-product","3":"status-publish","4":"has-post-thumbnail","6":"product_brand-vitrifrigo-fr","7":"product_cat-refrigerateurs-et-congelateurs","9":"first","10":"instock","11":"shipping-taxable","12":"purchasable","13":"product-type-simple"},"_links":{"self":[{"href":"https:\/\/stoic-curie.212-227-153-4.plesk.page\/fr\/wp-json\/wp\/v2\/product\/730188","targetHints":{"allow":["GET"]}}],"collection":[{"href":"https:\/\/stoic-curie.212-227-153-4.plesk.page\/fr\/wp-json\/wp\/v2\/product"}],"about":[{"href":"https:\/\/stoic-curie.212-227-153-4.plesk.page\/fr\/wp-json\/wp\/v2\/types\/product"}],"replies":[{"embeddable":true,"href":"https:\/\/stoic-curie.212-227-153-4.plesk.page\/fr\/wp-json\/wp\/v2\/comments?post=730188"}],"version-history":[{"count":0,"href":"https:\/\/stoic-curie.212-227-153-4.plesk.page\/fr\/wp-json\/wp\/v2\/product\/730188\/revisions"}],"wp:featuredmedia":[{"embeddable":true,"href":"https:\/\/stoic-curie.212-227-153-4.plesk.page\/fr\/wp-json\/wp\/v2\/media\/5945353"}],"wp:attachment":[{"href":"https:\/\/stoic-curie.212-227-153-4.plesk.page\/fr\/wp-json\/wp\/v2\/media?parent=730188"}],"wp:term":[{"taxonomy":"product_brand","embeddable":true,"href":"https:\/\/stoic-curie.212-227-153-4.plesk.page\/fr\/wp-json\/wp\/v2\/product_brand?post=730188"},{"taxonomy":"product_cat","embeddable":true,"href":"https:\/\/stoic-curie.212-227-153-4.plesk.page\/fr\/wp-json\/wp\/v2\/product_cat?post=730188"},{"taxonomy":"product_tag","embeddable":true,"href":"https:\/\/stoic-curie.212-227-153-4.plesk.page\/fr\/wp-json\/wp\/v2\/product_tag?post=730188"}],"curies":[{"name":"wp","href":"https:\/\/api.w.org\/{rel}","templated":true}]}}