{"id":730189,"date":"2025-03-03T16:06:39","date_gmt":"2025-03-03T15:06:39","guid":{"rendered":"https:\/\/stoic-curie.212-227-153-4.plesk.page\/producto\/machine-a-glacons-compacte-en-inox-vitrifrigo-hydro-24-v\/"},"modified":"2026-02-24T23:08:39","modified_gmt":"2026-02-24T23:08:39","slug":"machine-a-glacons-compacte-en-inox-vitrifrigo-hydro-24-v","status":"publish","type":"product","link":"https:\/\/stoic-curie.212-227-153-4.plesk.page\/fr\/product\/machine-a-glacons-compacte-en-inox-vitrifrigo-hydro-24-v\/","title":{"rendered":"Machine \u00e0 gla\u00e7ons compacte en inox Vitrifrigo Hydro, 24\u00a0V"},"content":{"rendered":"<p>Machine \u00e0 gla\u00e7ons compacte en inox Vitrifrigo Hydro, 24\u00a0V &#8211; <\/p>\n<p style=\"color: rgb(34, 34, 34); font-family: Arial, Helvetica, sans-serif; font-size: small;\"><strong>Fabricant de Glace : IM XT OCX2 Hydro par Vitrifrigo<\/strong><\/p>\n<p style=\"color: rgb(34, 34, 34); font-family: Arial, Helvetica, sans-serif; font-size: small;\">L&#8217;IM XT OCX2 Hydro est un fabricant de glace en acier inoxydable, con\u00e7u m\u00e9ticuleusement pour le secteur maritime, capable de produire jusqu&#8217;\u00e0 8 kg de glace en 24 heures.<\/p>\n<p style=\"color: rgb(34, 34, 34); font-family: Arial, Helvetica, sans-serif; font-size: small;\">Cet appareil \u00e0 la pointe de la technologie int\u00e8gre le m\u00e9canisme de verrouillage innovant Steelock, qui garantit la s\u00e9curit\u00e9 pendant la navigation en emp\u00eachant les ouvertures non intentionnelles. De plus, la fonction Position de Vent est essentielle pour freiner la croissance de moisissures et l&#8217;apparition d&#8217;odeurs d\u00e9sagr\u00e9ables pendant les p\u00e9riodes d&#8217;inactivit\u00e9.<\/p>\n<p style=\"color: rgb(34, 34, 34); font-family: Arial, Helvetica, sans-serif; font-size: small;\">Con\u00e7u pour une connexion directe \u00e0 l&#8217;approvisionnement en eau du navire, l&#8217;IM XT OCX2 Hydro supprime la n\u00e9cessit\u00e9 d&#8217;un bac \u00e0 glace s\u00e9par\u00e9, simplifiant ainsi votre processus de production de glace.<\/p>\n<p style=\"color: rgb(34, 34, 34); font-family: Arial, Helvetica, sans-serif; font-size: small;\">Pour am\u00e9liorer encore l&#8217;hygi\u00e8ne, il offre la possibilit\u00e9 d&#8217;incorporer un syst\u00e8me UV pour la purification de l&#8217;eau, garantissant les normes de propret\u00e9 les plus \u00e9lev\u00e9es.<\/p>\n<p style=\"color: rgb(34, 34, 34); font-family: Arial, Helvetica, sans-serif; font-size: small;\"><strong>Sp\u00e9cifications :<\/strong><\/p>\n<ul style=\"color: rgb(34, 34, 34); font-family: Arial, Helvetica, sans-serif; font-size: small;\">\n<li><strong>Fini de la Porte :<\/strong>\u00a0Acier inoxydable<\/li>\n<li><strong>Capacit\u00e9 :<\/strong>\u00a024,00 litres<\/li>\n<li><strong>Hauteur :<\/strong>\u00a0546 mm<\/li>\n<li><strong>Longueur :<\/strong>\u00a0416 mm<\/li>\n<li><strong>Profondeur :<\/strong>\u00a0553 mm<\/li>\n<li><strong>S\u00e9rie :<\/strong>\u00a0FABRICANT DE GLACE<\/li>\n<li><strong>Porte R\u00e9versible :<\/strong>\u00a0Oui<\/li>\n<li><strong>Thermostat :<\/strong>\u00a0LED<\/li>\n<li><strong>Technologie de R\u00e9frig\u00e9ration :<\/strong>\u00a0Compresseur<\/li>\n<li><strong>Unit\u00e9 de Refroidissement :<\/strong>\u00a0Interne<\/li>\n<li><strong>Ouverture de la Porte :<\/strong>\u00a0Porte avant unique<\/li>\n<li><strong>Tension :<\/strong>\u00a0115 VAC<\/li>\n<\/ul>\n<p style=\"color: rgb(34, 34, 34); font-family: Arial, Helvetica, sans-serif; font-size: small;\">Ce fabricant de glace allie sans effort fonctionnalit\u00e9, s\u00e9curit\u00e9 et hygi\u00e8ne, ce qui en fait un excellent choix pour les propri\u00e9taires de bateaux \u00e0 la recherche d&#8217;\u00e9quipements fiables.<\/p>\n","protected":false},"excerpt":{"rendered":"<p>Machine \u00e0 gla\u00e7ons compacte en inox Vitrifrigo Hydro, 24\u00a0V &#8211; Fabricant de Glace : IM XT OCX2 Hydro par Vitrifrigo<\/p>\n","protected":false},"featured_media":5945358,"comment_status":"open","ping_status":"closed","template":"","meta":[],"product_brand":[3524],"product_cat":[1177],"product_tag":[],"class_list":{"0":"post-730189","1":"product","2":"type-product","3":"status-publish","4":"has-post-thumbnail","6":"product_brand-vitrifrigo-fr","7":"product_cat-refrigerateurs-et-congelateurs","9":"first","10":"instock","11":"shipping-taxable","12":"purchasable","13":"product-type-simple"},"_links":{"self":[{"href":"https:\/\/stoic-curie.212-227-153-4.plesk.page\/fr\/wp-json\/wp\/v2\/product\/730189","targetHints":{"allow":["GET"]}}],"collection":[{"href":"https:\/\/stoic-curie.212-227-153-4.plesk.page\/fr\/wp-json\/wp\/v2\/product"}],"about":[{"href":"https:\/\/stoic-curie.212-227-153-4.plesk.page\/fr\/wp-json\/wp\/v2\/types\/product"}],"replies":[{"embeddable":true,"href":"https:\/\/stoic-curie.212-227-153-4.plesk.page\/fr\/wp-json\/wp\/v2\/comments?post=730189"}],"version-history":[{"count":0,"href":"https:\/\/stoic-curie.212-227-153-4.plesk.page\/fr\/wp-json\/wp\/v2\/product\/730189\/revisions"}],"wp:featuredmedia":[{"embeddable":true,"href":"https:\/\/stoic-curie.212-227-153-4.plesk.page\/fr\/wp-json\/wp\/v2\/media\/5945358"}],"wp:attachment":[{"href":"https:\/\/stoic-curie.212-227-153-4.plesk.page\/fr\/wp-json\/wp\/v2\/media?parent=730189"}],"wp:term":[{"taxonomy":"product_brand","embeddable":true,"href":"https:\/\/stoic-curie.212-227-153-4.plesk.page\/fr\/wp-json\/wp\/v2\/product_brand?post=730189"},{"taxonomy":"product_cat","embeddable":true,"href":"https:\/\/stoic-curie.212-227-153-4.plesk.page\/fr\/wp-json\/wp\/v2\/product_cat?post=730189"},{"taxonomy":"product_tag","embeddable":true,"href":"https:\/\/stoic-curie.212-227-153-4.plesk.page\/fr\/wp-json\/wp\/v2\/product_tag?post=730189"}],"curies":[{"name":"wp","href":"https:\/\/api.w.org\/{rel}","templated":true}]}}