{"id":730191,"date":"2025-03-03T16:06:39","date_gmt":"2025-03-03T15:06:39","guid":{"rendered":"https:\/\/stoic-curie.212-227-153-4.plesk.page\/producto\/machine-a-glacons-compacte-en-inox-vitrifrigo-refill-24-v\/"},"modified":"2026-02-24T23:08:39","modified_gmt":"2026-02-24T23:08:39","slug":"machine-a-glacons-compacte-en-inox-vitrifrigo-refill-24-v","status":"publish","type":"product","link":"https:\/\/stoic-curie.212-227-153-4.plesk.page\/fr\/product\/machine-a-glacons-compacte-en-inox-vitrifrigo-refill-24-v\/","title":{"rendered":"Machine \u00e0 gla\u00e7ons compacte en inox Vitrifrigo Refill, 24\u00a0V"},"content":{"rendered":"<p>Machine \u00e0 gla\u00e7ons compacte en inox Vitrifrigo Refill, 24\u00a0V &#8211; <\/p>\n<p style=\"color: rgb(34, 34, 34); font-family: Arial, Helvetica, sans-serif; font-size: small;\">D\u00e9couvrez l&#8217;IM XR OCX2 Refill Fabricant de Glace de Vitrifrigo, un fabricant de glace m\u00e9canique con\u00e7u sp\u00e9cifiquement pour les applications maritimes. Cette unit\u00e9 robuste pr\u00e9sente un ext\u00e9rieur en acier inoxydable, garantissant durabilit\u00e9 et r\u00e9sistance aux rigueurs de la vie sur l&#8217;eau. Elle fonctionne avec un groupe de refroidissement Danfoss interne 12\/24V et comprend une porte r\u00e9versible pouvant \u00eatre ajust\u00e9e pour la ventilation pendant les p\u00e9riodes d&#8217;inactivit\u00e9.<\/p>\n<p style=\"color: rgb(34, 34, 34); font-family: Arial, Helvetica, sans-serif; font-size: small;\">Le fabricant de glace est \u00e9quip\u00e9 d&#8217;un thermostat m\u00e9canique (version Hydro) et d&#8217;un thermostat num\u00e9rique (version Refill), permettant un contr\u00f4le pr\u00e9cis de la temp\u00e9rature. Son profil glissant facilite l&#8217;installation standard ou les configurations encastr\u00e9es avec une porte affleurante.<\/p>\n<p style=\"color: rgb(34, 34, 34); font-family: Arial, Helvetica, sans-serif; font-size: small;\">Avec une alimentation de 220V, ce fabricant peut produire jusqu&#8217;\u00e0 8 kg de glace toutes les 24 heures. La version Refill dispose d&#8217;un r\u00e9servoir d&#8217;eau interne de 7 litres, permettant l&#8217;utilisation d&#8217;eau min\u00e9rale pour cr\u00e9er des gla\u00e7ons de haute qualit\u00e9.<\/p>\n<p style=\"color: rgb(34, 34, 34); font-family: Arial, Helvetica, sans-serif; font-size: small;\">Con\u00e7u pour l&#8217;environnement marin, l&#8217;IM XR OCX2 Refill int\u00e8gre un syst\u00e8me de verrouillage innovant appel\u00e9 Steelock, qui am\u00e9liore la s\u00e9curit\u00e9 et la stabilit\u00e9, emp\u00eachant ainsi les ouvertures accidentelles lors des mouvements du bateau. Le syst\u00e8me de positionnement ventilatoire prot\u00e8ge \u00e9galement contre la moisissure et les odeurs d\u00e9sagr\u00e9ables lorsque l&#8217;appareil n&#8217;est pas utilis\u00e9.<\/p>\n<p style=\"color: rgb(34, 34, 34); font-family: Arial, Helvetica, sans-serif; font-size: small;\">Ce mod\u00e8le comprend \u00e9galement un plateau pratique pour l&#8217;eau min\u00e9rale, garantissant que seuls les gla\u00e7ons les plus frais sont produits. Pour plus de commodit\u00e9, l&#8217;unit\u00e9 distante peut \u00eatre positionn\u00e9e jusqu&#8217;\u00e0 1,5 m\u00e8tre de distance, vous offrant un contr\u00f4le optimal sur son fonctionnement.<\/p>\n<p style=\"color: rgb(34, 34, 34); font-family: Arial, Helvetica, sans-serif; font-size: small;\">En option, vous pouvez int\u00e9grer un syst\u00e8me de purification de l&#8217;eau UV pour \u00e9liminer efficacement les germes et les bact\u00e9ries \u00e0 l&#8217;int\u00e9rieur de l&#8217;appareil, assurant ainsi les normes d&#8217;hygi\u00e8ne les plus \u00e9lev\u00e9es.<\/p>\n<p style=\"color: rgb(34, 34, 34); font-family: Arial, Helvetica, sans-serif; font-size: small;\"><strong>Sp\u00e9cifications :<\/strong><\/p>\n<ul style=\"color: rgb(34, 34, 34); font-family: Arial, Helvetica, sans-serif; font-size: small;\">\n<li><strong>Finition de la porte :<\/strong>\u00a0Acier inoxydable<\/li>\n<li><strong>Capacit\u00e9 :<\/strong>\u00a024 litres<\/li>\n<li><strong>Hauteur :<\/strong>\u00a0546 mm<\/li>\n<li><strong>Longueur :<\/strong>\u00a0416 mm<\/li>\n<li><strong>Profondeur :<\/strong>\u00a0433 mm<\/li>\n<li><strong>Poids :<\/strong>\u00a027 kg<\/li>\n<li><strong>S\u00e9rie :<\/strong>\u00a0ICEMAKER<\/li>\n<li><strong>Porte r\u00e9versible :<\/strong>\u00a0Oui<\/li>\n<li><strong>Thermostat :<\/strong>\u00a0LED<\/li>\n<li><strong>Technologie de r\u00e9frig\u00e9ration :<\/strong>\u00a0Compresseur<\/li>\n<li><strong>Unit\u00e9 de refroidissement :<\/strong>\u00a0Externe<\/li>\n<li><strong>Ouverture de la porte :<\/strong>\u00a0Porte avant unique<\/li>\n<li><strong>Tension :<\/strong>\u00a0115 VAC<\/li>\n<\/ul>\n<p style=\"color: rgb(34, 34, 34); font-family: Arial, Helvetica, sans-serif; font-size: small;\">Le Fabricant de Glace IM XR OCX2 Refill est la solution id\u00e9ale pour les propri\u00e9taires de bateaux cherchant un moyen fiable et efficace de produire de la glace tout en profitant des eaux ouvertes.<\/p>\n","protected":false},"excerpt":{"rendered":"<p>Machine \u00e0 gla\u00e7ons compacte en inox Vitrifrigo Refill, 24\u00a0V &#8211; D\u00e9couvrez l&#8217;IM XR OCX2 Refill Fabricant de Glace de Vitrifrigo,<\/p>\n","protected":false},"featured_media":5945360,"comment_status":"open","ping_status":"closed","template":"","meta":[],"product_brand":[3524],"product_cat":[1177],"product_tag":[],"class_list":{"0":"post-730191","1":"product","2":"type-product","3":"status-publish","4":"has-post-thumbnail","6":"product_brand-vitrifrigo-fr","7":"product_cat-refrigerateurs-et-congelateurs","9":"first","10":"instock","11":"shipping-taxable","12":"purchasable","13":"product-type-simple"},"_links":{"self":[{"href":"https:\/\/stoic-curie.212-227-153-4.plesk.page\/fr\/wp-json\/wp\/v2\/product\/730191","targetHints":{"allow":["GET"]}}],"collection":[{"href":"https:\/\/stoic-curie.212-227-153-4.plesk.page\/fr\/wp-json\/wp\/v2\/product"}],"about":[{"href":"https:\/\/stoic-curie.212-227-153-4.plesk.page\/fr\/wp-json\/wp\/v2\/types\/product"}],"replies":[{"embeddable":true,"href":"https:\/\/stoic-curie.212-227-153-4.plesk.page\/fr\/wp-json\/wp\/v2\/comments?post=730191"}],"version-history":[{"count":0,"href":"https:\/\/stoic-curie.212-227-153-4.plesk.page\/fr\/wp-json\/wp\/v2\/product\/730191\/revisions"}],"wp:featuredmedia":[{"embeddable":true,"href":"https:\/\/stoic-curie.212-227-153-4.plesk.page\/fr\/wp-json\/wp\/v2\/media\/5945360"}],"wp:attachment":[{"href":"https:\/\/stoic-curie.212-227-153-4.plesk.page\/fr\/wp-json\/wp\/v2\/media?parent=730191"}],"wp:term":[{"taxonomy":"product_brand","embeddable":true,"href":"https:\/\/stoic-curie.212-227-153-4.plesk.page\/fr\/wp-json\/wp\/v2\/product_brand?post=730191"},{"taxonomy":"product_cat","embeddable":true,"href":"https:\/\/stoic-curie.212-227-153-4.plesk.page\/fr\/wp-json\/wp\/v2\/product_cat?post=730191"},{"taxonomy":"product_tag","embeddable":true,"href":"https:\/\/stoic-curie.212-227-153-4.plesk.page\/fr\/wp-json\/wp\/v2\/product_tag?post=730191"}],"curies":[{"name":"wp","href":"https:\/\/api.w.org\/{rel}","templated":true}]}}