{"id":730192,"date":"2025-03-03T16:06:39","date_gmt":"2025-03-03T15:06:39","guid":{"rendered":"https:\/\/stoic-curie.212-227-153-4.plesk.page\/producto\/refrigerateur-double-vitrifrigo-dw180-rfx-12-24-v\/"},"modified":"2026-02-24T23:08:39","modified_gmt":"2026-02-24T23:08:39","slug":"refrigerateur-double-vitrifrigo-dw180-rfx-12-24-v","status":"publish","type":"product","link":"https:\/\/stoic-curie.212-227-153-4.plesk.page\/fr\/product\/refrigerateur-double-vitrifrigo-dw180-rfx-12-24-v\/","title":{"rendered":"Vitifrigo DW180 RFX"},"content":{"rendered":"<p>Vitifrigo DW180 RFX &#8211; <\/p>\n<p style=\"color: rgb(34, 34, 34); font-family: Arial, Helvetica, sans-serif; font-size: small;\"><strong>R\u00e9frig\u00e9rateur-cong\u00e9lateur tiroir : DW180 OCX2 RFX de Vitrifrigo<\/strong><\/p>\n<p style=\"color: rgb(34, 34, 34); font-family: Arial, Helvetica, sans-serif; font-size: small;\">Le r\u00e9frig\u00e9rateur DW180 OCX2 RFX, \u00e9quip\u00e9 de compartiments doubles, offre une excellente solution pour ceux qui recherchent des zones s\u00e9par\u00e9es pour un stockage alimentaire optimal. Ce mod\u00e8le est dot\u00e9 d&#8217;un ext\u00e9rieur en acier inoxydable robuste et fonctionne avec une unit\u00e9 de refroidissement Danfoss interne de 12\/24 V. Il comprend deux compartiments \u00e0 tiroir, chacun avec des fonctions sp\u00e9cifiques, et inclut un cadre pour une installation de porte \u00e0 fleur. Le fabriquant de glace fonctionne sur 115\/230 V.<\/p>\n<p style=\"color: rgb(34, 34, 34); font-family: Arial, Helvetica, sans-serif; font-size: small;\">Avec une capacit\u00e9 totale de 5,1 pieds cubes, ce r\u00e9frig\u00e9rateur offre un espace g\u00e9n\u00e9reux pour les fruits, les l\u00e9gumes, les produits laitiers, les boissons et plus encore, garantissant une fra\u00eecheur prolong\u00e9e. Le compartiment sup\u00e9rieur a une capacit\u00e9 de 2,8 pieds cubes, tandis que le compartiment inf\u00e9rieur offre 2,3 pieds cubes.<\/p>\n<p style=\"color: rgb(34, 34, 34); font-family: Arial, Helvetica, sans-serif; font-size: small;\">Construit en acier inoxydable, le DW180 OCX2 RFX est con\u00e7u pour la r\u00e9sistance et la durabilit\u00e9 \u00e0 long terme. Son design \u00e9pur\u00e9 et minimaliste permet une int\u00e9gration sans coutures dans les cuisines et les garde-manger de tous styles.<\/p>\n<p style=\"color: rgb(34, 34, 34); font-family: Arial, Helvetica, sans-serif; font-size: small;\">De plus, la finition en acier inoxydable facilite le nettoyage et la d\u00e9sinfection.<\/p>\n<p style=\"color: rgb(34, 34, 34); font-family: Arial, Helvetica, sans-serif; font-size: small;\"><strong>Sp\u00e9cifications :<\/strong><\/p>\n<ul style=\"color: rgb(34, 34, 34); font-family: Arial, Helvetica, sans-serif; font-size: small;\">\n<li><strong>Fini de la porte :<\/strong>\u00a0Acier inoxydable<\/li>\n<li><strong>Capacit\u00e9 :<\/strong>\u00a05,10 pieds cubes<\/li>\n<li><strong>Poids :<\/strong>\u00a0145,70 lbs<\/li>\n<li><strong>S\u00e9rie :<\/strong>\u00a0DW OCX2<\/li>\n<li><strong>Porte r\u00e9versible :<\/strong>\u00a0Non<\/li>\n<li><strong>Thermostat :<\/strong>\u00a0LED<\/li>\n<li><strong>Technologie de r\u00e9frig\u00e9ration :<\/strong>\u00a0Compresseur<\/li>\n<li><strong>Unit\u00e9 de refroidissement :<\/strong>\u00a0Interne<\/li>\n<li><strong>Ouverture de la porte :<\/strong>\u00a0Ouverture de tiroir<\/li>\n<li><strong>Tension :<\/strong>\u00a012\/24 VDC &#8211; 100\/240 VAC<\/li>\n<li><strong>Dimensions (USA) :<\/strong>\u00a066,7 x 86,4 x 59,0 cm<\/li>\n<\/ul>\n","protected":false},"excerpt":{"rendered":"<p>Vitifrigo DW180 RFX &#8211; R\u00e9frig\u00e9rateur-cong\u00e9lateur tiroir : DW180 OCX2 RFX de Vitrifrigo Le r\u00e9frig\u00e9rateur DW180 OCX2 RFX, \u00e9quip\u00e9 de compartiments<\/p>\n","protected":false},"featured_media":5943937,"comment_status":"open","ping_status":"closed","template":"","meta":[],"product_brand":[3524],"product_cat":[1177],"product_tag":[],"class_list":{"0":"post-730192","1":"product","2":"type-product","3":"status-publish","4":"has-post-thumbnail","6":"product_brand-vitrifrigo-fr","7":"product_cat-refrigerateurs-et-congelateurs","9":"first","10":"instock","11":"shipping-taxable","12":"purchasable","13":"product-type-simple"},"_links":{"self":[{"href":"https:\/\/stoic-curie.212-227-153-4.plesk.page\/fr\/wp-json\/wp\/v2\/product\/730192","targetHints":{"allow":["GET"]}}],"collection":[{"href":"https:\/\/stoic-curie.212-227-153-4.plesk.page\/fr\/wp-json\/wp\/v2\/product"}],"about":[{"href":"https:\/\/stoic-curie.212-227-153-4.plesk.page\/fr\/wp-json\/wp\/v2\/types\/product"}],"replies":[{"embeddable":true,"href":"https:\/\/stoic-curie.212-227-153-4.plesk.page\/fr\/wp-json\/wp\/v2\/comments?post=730192"}],"version-history":[{"count":0,"href":"https:\/\/stoic-curie.212-227-153-4.plesk.page\/fr\/wp-json\/wp\/v2\/product\/730192\/revisions"}],"wp:featuredmedia":[{"embeddable":true,"href":"https:\/\/stoic-curie.212-227-153-4.plesk.page\/fr\/wp-json\/wp\/v2\/media\/5943937"}],"wp:attachment":[{"href":"https:\/\/stoic-curie.212-227-153-4.plesk.page\/fr\/wp-json\/wp\/v2\/media?parent=730192"}],"wp:term":[{"taxonomy":"product_brand","embeddable":true,"href":"https:\/\/stoic-curie.212-227-153-4.plesk.page\/fr\/wp-json\/wp\/v2\/product_brand?post=730192"},{"taxonomy":"product_cat","embeddable":true,"href":"https:\/\/stoic-curie.212-227-153-4.plesk.page\/fr\/wp-json\/wp\/v2\/product_cat?post=730192"},{"taxonomy":"product_tag","embeddable":true,"href":"https:\/\/stoic-curie.212-227-153-4.plesk.page\/fr\/wp-json\/wp\/v2\/product_tag?post=730192"}],"curies":[{"name":"wp","href":"https:\/\/api.w.org\/{rel}","templated":true}]}}