{"id":730193,"date":"2025-03-03T16:06:40","date_gmt":"2025-03-03T15:06:40","guid":{"rendered":"https:\/\/stoic-curie.212-227-153-4.plesk.page\/producto\/double-refrigerateur-dw180-dtx-im-12-24-v\/"},"modified":"2026-02-24T23:08:39","modified_gmt":"2026-02-24T23:08:39","slug":"double-refrigerateur-dw180-dtx-im-12-24-v","status":"publish","type":"product","link":"https:\/\/stoic-curie.212-227-153-4.plesk.page\/fr\/product\/double-refrigerateur-dw180-dtx-im-12-24-v\/","title":{"rendered":"Vitifrigo DW180 DTX"},"content":{"rendered":"<p>Vitifrigo DW180 DTX &#8211; <\/p>\n<p style=\"color: rgb(34, 34, 34); font-family: Arial, Helvetica, sans-serif; font-size: small;\">Les r\u00e9frig\u00e9rateurs tiroirs en acier inoxydable \u00e0 bo\u00eetier externe Vitrifrigo sont \u00e9quip\u00e9s d&#8217;une unit\u00e9 de refroidissement Danfoss interne de 12\/24V. Ce mod\u00e8le comprend deux compartiments tiroirs, chacun dot\u00e9 de fonctions personnalis\u00e9es, et est livr\u00e9 avec un cadre pour l&#8217;installation \u00e0 porte affleurante. Le fabrique de glace fonctionne sur 115\/230V et est \u00e9galement con\u00e7u pour une installation \u00e0 porte affleurante. Le mod\u00e8le sp\u00e9cifique, DW180 OCX2 DTX IM, est une combinaison r\u00e9frig\u00e9rateur-cong\u00e9lateur.<\/p>\n<p style=\"color: rgb(34, 34, 34); font-family: Arial, Helvetica, sans-serif; font-size: small;\">Le r\u00e9frig\u00e9rateur-cong\u00e9lateur DW180 OCX2 DTX IM se compose de deux compartiments. Le compartiment sup\u00e9rieur offre une capacit\u00e9 de 2,8 pieds cubes, tandis que le compartiment inf\u00e9rieur fournit 2,3 pieds cubes d&#8217;espace. Le compartiment inf\u00e9rieur de 80 litres sert de cong\u00e9lateur et est \u00e9quip\u00e9 d&#8217;un fabrique de glace.<\/p>\n<p style=\"color: rgb(34, 34, 34); font-family: Arial, Helvetica, sans-serif; font-size: small;\">\u00c0 l&#8217;inverse, le compartiment inf\u00e9rieur de 2,3 pieds cubes fonctionne comme un r\u00e9frig\u00e9rateur. Avec une capacit\u00e9 totale de 5,1 pieds cubes, ce mod\u00e8le fusionne le design en acier inoxydable moderne et \u00e9l\u00e9gant, caract\u00e9ristique des appareils contemporains, avec la fonctionnalit\u00e9 pratique d&#8217;une unit\u00e9 de r\u00e9frig\u00e9rateur-cong\u00e9lateur.<\/p>\n<p style=\"color: rgb(34, 34, 34); font-family: Arial, Helvetica, sans-serif; font-size: small;\"><strong>Sp\u00e9cifications :<\/strong><\/p>\n<ul style=\"color: rgb(34, 34, 34); font-family: Arial, Helvetica, sans-serif; font-size: small;\">\n<li><strong>Finition de la porte :<\/strong>\u00a0Acier inoxydable<\/li>\n<li><strong>Capacit\u00e9 totale :<\/strong>\u00a05,10 pieds cubes<\/li>\n<li><strong>Poids :<\/strong>\u00a0134,50 lbs<\/li>\n<li><strong>S\u00e9rie :<\/strong>\u00a0DW OCX2<\/li>\n<li><strong>Porte r\u00e9versible :<\/strong>\u00a0Non<\/li>\n<li><strong>Thermostat :<\/strong>\u00a0LED<\/li>\n<li><strong>Technologie de r\u00e9frig\u00e9ration :<\/strong>\u00a0Compresseur<\/li>\n<li><strong>Unit\u00e9 de refroidissement :<\/strong>\u00a0Interne<\/li>\n<li><strong>Ouverture de porte :<\/strong>\u00a0Ouverture de tiroir<\/li>\n<li><strong>Voltage :<\/strong>\u00a0115 VAC<\/li>\n<li><strong>Dimensions (USA) :<\/strong>\u00a026 1\/4 x 34 1\/8 x 23 1\/4 pouces<\/li>\n<\/ul>\n<p style=\"color: rgb(34, 34, 34); font-family: Arial, Helvetica, sans-serif; font-size: small;\">Ce mod\u00e8le de r\u00e9frig\u00e9rateur-cong\u00e9lateur combine un attrait esth\u00e9tique avec une fonctionnalit\u00e9 efficace, ce qui en fait un excellent choix pour les propri\u00e9taires de bateaux \u00e0 la recherche d&#8217;un \u00e9quipement fiable et de haute qualit\u00e9.<\/p>\n","protected":false},"excerpt":{"rendered":"<p>Vitifrigo DW180 DTX &#8211; Les r\u00e9frig\u00e9rateurs tiroirs en acier inoxydable \u00e0 bo\u00eetier externe Vitrifrigo sont \u00e9quip\u00e9s d&#8217;une unit\u00e9 de refroidissement<\/p>\n","protected":false},"featured_media":5943937,"comment_status":"open","ping_status":"closed","template":"","meta":[],"product_brand":[3524],"product_cat":[1177],"product_tag":[],"class_list":{"0":"post-730193","1":"product","2":"type-product","3":"status-publish","4":"has-post-thumbnail","6":"product_brand-vitrifrigo-fr","7":"product_cat-refrigerateurs-et-congelateurs","9":"first","10":"instock","11":"shipping-taxable","12":"purchasable","13":"product-type-simple"},"_links":{"self":[{"href":"https:\/\/stoic-curie.212-227-153-4.plesk.page\/fr\/wp-json\/wp\/v2\/product\/730193","targetHints":{"allow":["GET"]}}],"collection":[{"href":"https:\/\/stoic-curie.212-227-153-4.plesk.page\/fr\/wp-json\/wp\/v2\/product"}],"about":[{"href":"https:\/\/stoic-curie.212-227-153-4.plesk.page\/fr\/wp-json\/wp\/v2\/types\/product"}],"replies":[{"embeddable":true,"href":"https:\/\/stoic-curie.212-227-153-4.plesk.page\/fr\/wp-json\/wp\/v2\/comments?post=730193"}],"version-history":[{"count":0,"href":"https:\/\/stoic-curie.212-227-153-4.plesk.page\/fr\/wp-json\/wp\/v2\/product\/730193\/revisions"}],"wp:featuredmedia":[{"embeddable":true,"href":"https:\/\/stoic-curie.212-227-153-4.plesk.page\/fr\/wp-json\/wp\/v2\/media\/5943937"}],"wp:attachment":[{"href":"https:\/\/stoic-curie.212-227-153-4.plesk.page\/fr\/wp-json\/wp\/v2\/media?parent=730193"}],"wp:term":[{"taxonomy":"product_brand","embeddable":true,"href":"https:\/\/stoic-curie.212-227-153-4.plesk.page\/fr\/wp-json\/wp\/v2\/product_brand?post=730193"},{"taxonomy":"product_cat","embeddable":true,"href":"https:\/\/stoic-curie.212-227-153-4.plesk.page\/fr\/wp-json\/wp\/v2\/product_cat?post=730193"},{"taxonomy":"product_tag","embeddable":true,"href":"https:\/\/stoic-curie.212-227-153-4.plesk.page\/fr\/wp-json\/wp\/v2\/product_tag?post=730193"}],"curies":[{"name":"wp","href":"https:\/\/api.w.org\/{rel}","templated":true}]}}