{"id":730194,"date":"2025-03-03T16:06:40","date_gmt":"2025-03-03T15:06:40","guid":{"rendered":"https:\/\/stoic-curie.212-227-153-4.plesk.page\/producto\/double-congelateur-vitrifrigo-dw180-btx-12-24-v\/"},"modified":"2026-02-24T23:08:39","modified_gmt":"2026-02-24T23:08:39","slug":"double-congelateur-vitrifrigo-dw180-btx-12-24-v","status":"publish","type":"product","link":"https:\/\/stoic-curie.212-227-153-4.plesk.page\/fr\/product\/double-congelateur-vitrifrigo-dw180-btx-12-24-v\/","title":{"rendered":"Vitifrigo DW180 BTX"},"content":{"rendered":"<p>Vitifrigo DW180 BTX &#8211; <\/p>\n<p style=\"color: rgb(34, 34, 34); font-family: Arial, Helvetica, sans-serif; font-size: small;\">Les r\u00e9frig\u00e9rateurs \u00e0 tiroirs en acier inoxydable Vitrifrigo pr\u00e9sentent une unit\u00e9 de refroidissement interne Danfoss de 12\/24V. Ces unit\u00e9s se composent de deux compartiments \u00e0 tiroir, chacun con\u00e7u avec des fonctions personnalis\u00e9es, et sont livr\u00e9es avec un cadre pour une installation de porte affleurante. Les mod\u00e8les avec machine \u00e0 gla\u00e7ons fonctionnent sur 115\/230V et incluent \u00e9galement un cadre pour une installation sans couture avec une porte affleurante.<\/p>\n<p style=\"color: rgb(34, 34, 34); font-family: Arial, Helvetica, sans-serif; font-size: small;\">Le mod\u00e8le DW180 OCX2 BTX se distingue comme un excellent cong\u00e9lateur \u00e0 tiroir de 144 litres, offrant deux compartiments distincts qui fournissent un espace g\u00e9n\u00e9reux pour le stockage d&#8217;aliments frais et congel\u00e9s.<\/p>\n<p style=\"color: rgb(34, 34, 34); font-family: Arial, Helvetica, sans-serif; font-size: small;\">Ce mod\u00e8le est enti\u00e8rement construit en acier inoxydable, garantissant des performances \u00e9lev\u00e9es et une durabilit\u00e9 prolong\u00e9e.<\/p>\n<p style=\"color: rgb(34, 34, 34); font-family: Arial, Helvetica, sans-serif; font-size: small;\">Le compartiment sup\u00e9rieur a une capacit\u00e9 de 80 litres, tandis que le compartiment inf\u00e9rieur offre 64 litres d&#8217;espace de stockage.<\/p>\n<p style=\"color: rgb(34, 34, 34); font-family: Arial, Helvetica, sans-serif; font-size: small;\">Avec son design \u00e9l\u00e9gant et minimaliste, le DW180 OCX2 BTX s&#8217;int\u00e8gre sans effort dans les cuisines et les garde-mangers de tous les styles.<\/p>\n<p style=\"color: rgb(34, 34, 34); font-family: Arial, Helvetica, sans-serif; font-size: small;\"><strong>Informations suppl\u00e9mentaires :<\/strong><\/p>\n<ul style=\"color: rgb(34, 34, 34); font-family: Arial, Helvetica, sans-serif; font-size: small;\">\n<li><strong>Finition de la porte :<\/strong>\u00a0Acier inoxydable<\/li>\n<li><strong>Capacit\u00e9 totale :<\/strong>\u00a0144 litres<\/li>\n<li><strong>Hauteur :<\/strong>\u00a0866 mm<\/li>\n<li><strong>Longueur :<\/strong>\u00a0666 mm<\/li>\n<li><strong>Profondeur :<\/strong>\u00a0590 mm<\/li>\n<li><strong>S\u00e9rie :<\/strong>\u00a0DW OCX2<\/li>\n<li><strong>Porte r\u00e9versible :<\/strong>\u00a0Non<\/li>\n<li><strong>Thermostat :<\/strong>\u00a0LED<\/li>\n<li><strong>Technologie de r\u00e9frig\u00e9ration :<\/strong>\u00a0Compresseur<\/li>\n<li><strong>Unit\u00e9 de refroidissement :<\/strong>\u00a0Interne<\/li>\n<li><strong>Ouverture de la porte :<\/strong>\u00a0Ouverture de tiroir<\/li>\n<li><strong>Tension :<\/strong>\u00a012\/24 VDC<\/li>\n<\/ul>\n","protected":false},"excerpt":{"rendered":"<p>Vitifrigo DW180 BTX &#8211; Les r\u00e9frig\u00e9rateurs \u00e0 tiroirs en acier inoxydable Vitrifrigo pr\u00e9sentent une unit\u00e9 de refroidissement interne Danfoss de<\/p>\n","protected":false},"featured_media":5943937,"comment_status":"open","ping_status":"closed","template":"","meta":[],"product_brand":[3524],"product_cat":[1177],"product_tag":[],"class_list":{"0":"post-730194","1":"product","2":"type-product","3":"status-publish","4":"has-post-thumbnail","6":"product_brand-vitrifrigo-fr","7":"product_cat-refrigerateurs-et-congelateurs","9":"first","10":"instock","11":"shipping-taxable","12":"purchasable","13":"product-type-simple"},"_links":{"self":[{"href":"https:\/\/stoic-curie.212-227-153-4.plesk.page\/fr\/wp-json\/wp\/v2\/product\/730194","targetHints":{"allow":["GET"]}}],"collection":[{"href":"https:\/\/stoic-curie.212-227-153-4.plesk.page\/fr\/wp-json\/wp\/v2\/product"}],"about":[{"href":"https:\/\/stoic-curie.212-227-153-4.plesk.page\/fr\/wp-json\/wp\/v2\/types\/product"}],"replies":[{"embeddable":true,"href":"https:\/\/stoic-curie.212-227-153-4.plesk.page\/fr\/wp-json\/wp\/v2\/comments?post=730194"}],"version-history":[{"count":0,"href":"https:\/\/stoic-curie.212-227-153-4.plesk.page\/fr\/wp-json\/wp\/v2\/product\/730194\/revisions"}],"wp:featuredmedia":[{"embeddable":true,"href":"https:\/\/stoic-curie.212-227-153-4.plesk.page\/fr\/wp-json\/wp\/v2\/media\/5943937"}],"wp:attachment":[{"href":"https:\/\/stoic-curie.212-227-153-4.plesk.page\/fr\/wp-json\/wp\/v2\/media?parent=730194"}],"wp:term":[{"taxonomy":"product_brand","embeddable":true,"href":"https:\/\/stoic-curie.212-227-153-4.plesk.page\/fr\/wp-json\/wp\/v2\/product_brand?post=730194"},{"taxonomy":"product_cat","embeddable":true,"href":"https:\/\/stoic-curie.212-227-153-4.plesk.page\/fr\/wp-json\/wp\/v2\/product_cat?post=730194"},{"taxonomy":"product_tag","embeddable":true,"href":"https:\/\/stoic-curie.212-227-153-4.plesk.page\/fr\/wp-json\/wp\/v2\/product_tag?post=730194"}],"curies":[{"name":"wp","href":"https:\/\/api.w.org\/{rel}","templated":true}]}}