{"id":730195,"date":"2025-03-03T16:06:40","date_gmt":"2025-03-03T15:06:40","guid":{"rendered":"https:\/\/stoic-curie.212-227-153-4.plesk.page\/producto\/congelateur-et-machine-a-glacons-vitrifrigo-dw180-btx-im-12-24-v\/"},"modified":"2026-02-24T23:08:39","modified_gmt":"2026-02-24T23:08:39","slug":"congelateur-et-machine-a-glacons-vitrifrigo-dw180-btx-im-12-24-v","status":"publish","type":"product","link":"https:\/\/stoic-curie.212-227-153-4.plesk.page\/fr\/product\/congelateur-et-machine-a-glacons-vitrifrigo-dw180-btx-im-12-24-v\/","title":{"rendered":"Vitrifrigo DW180 BTX IM"},"content":{"rendered":"<p>Vitrifrigo DW180 BTX IM &#8211; <\/p>\n<p>Les r\u00e9frig\u00e9rateurs \u00e0 tiroirs en acier inoxydable de Vitrifrigo disposent d&#8217;un groupe de refroidissement Danfoss interne 12\/24V. Ces r\u00e9frig\u00e9rateurs sont \u00e9quip\u00e9s de deux compartiments \u00e0 tiroirs, chacun avec des fonctions personnalis\u00e9es, et sont livr\u00e9s avec un cadre pour une installation de porte affleurante. Les mod\u00e8les avec machine \u00e0 gla\u00e7ons fonctionnent sur une alimentation de 115\/230V.<\/p>\n<p>Le Seadrawer DW 180 BTX IM OCX2 est une unit\u00e9 interne en acier inoxydable con\u00e7ue pour un refroidissement efficace. Il offre une capacit\u00e9 de 144 litres et mesure 866 mm de hauteur, 617 mm de largeur et 590 mm de profondeur. Ce mod\u00e8le consomme 140 watts et fonctionne sous une tension de 230V. Pesant 61 kg, le Seadrawer DW 180 BTX IM OCX2 est bien adapt\u00e9 \u00e0 divers besoins de r\u00e9frig\u00e9ration, identifi\u00e9 par le num\u00e9ro de produit 0402-0063.<\/p>\n<p><strong>Seadrawer DW 180 BTX IM OCX2 &#8211; Cong\u00e9lateur + Machine \u00e0 Gla\u00e7ons \/ Cong\u00e9lateur &#8211; Unit\u00e9 Interne &#8211; 230V<\/strong><\/p>\n<p>Le Seadrawer DW 180 BTX IM OCX2 est une unit\u00e9 interne polyvalente qui associe fonctionnalit\u00e9 et efficacit\u00e9, ce qui en fait un excellent choix pour divers besoins en mati\u00e8re de r\u00e9frig\u00e9ration.<\/p>\n<p><strong>Sp\u00e9cifications :<\/strong><\/p>\n<ul>\n<li><strong>Finition :<\/strong> Acier inoxydable<\/li>\n<li><strong>Consommation \u00e9lectrique :<\/strong> 140 W<\/li>\n<li><strong>Hauteur :<\/strong> 866 mm<\/li>\n<li><strong>Largeur :<\/strong> 617 mm<\/li>\n<li><strong>Mod\u00e8le :<\/strong> DW 180 BTX IM OCX2<\/li>\n<li><strong>Profondeur :<\/strong> 590 mm<\/li>\n<li><strong>Volume :<\/strong> 144 L<\/li>\n<li><strong>Poids :<\/strong> 61 kg<\/li>\n<li><strong>Tension :<\/strong> 230 V<\/li>\n<li><strong>Marque :<\/strong> Vitrifrigo<\/li>\n<li><strong>Num\u00e9ro de produit :<\/strong> 0402-0063<\/li>\n<\/ul>\n","protected":false},"excerpt":{"rendered":"<p>Vitrifrigo DW180 BTX IM &#8211; Les r\u00e9frig\u00e9rateurs \u00e0 tiroirs en acier inoxydable de Vitrifrigo disposent d&#8217;un groupe de refroidissement Danfoss<\/p>\n","protected":false},"featured_media":5943937,"comment_status":"open","ping_status":"closed","template":"","meta":[],"product_brand":[3524],"product_cat":[1177],"product_tag":[],"class_list":{"0":"post-730195","1":"product","2":"type-product","3":"status-publish","4":"has-post-thumbnail","6":"product_brand-vitrifrigo-fr","7":"product_cat-refrigerateurs-et-congelateurs","9":"first","10":"instock","11":"shipping-taxable","12":"purchasable","13":"product-type-simple"},"_links":{"self":[{"href":"https:\/\/stoic-curie.212-227-153-4.plesk.page\/fr\/wp-json\/wp\/v2\/product\/730195","targetHints":{"allow":["GET"]}}],"collection":[{"href":"https:\/\/stoic-curie.212-227-153-4.plesk.page\/fr\/wp-json\/wp\/v2\/product"}],"about":[{"href":"https:\/\/stoic-curie.212-227-153-4.plesk.page\/fr\/wp-json\/wp\/v2\/types\/product"}],"replies":[{"embeddable":true,"href":"https:\/\/stoic-curie.212-227-153-4.plesk.page\/fr\/wp-json\/wp\/v2\/comments?post=730195"}],"version-history":[{"count":0,"href":"https:\/\/stoic-curie.212-227-153-4.plesk.page\/fr\/wp-json\/wp\/v2\/product\/730195\/revisions"}],"wp:featuredmedia":[{"embeddable":true,"href":"https:\/\/stoic-curie.212-227-153-4.plesk.page\/fr\/wp-json\/wp\/v2\/media\/5943937"}],"wp:attachment":[{"href":"https:\/\/stoic-curie.212-227-153-4.plesk.page\/fr\/wp-json\/wp\/v2\/media?parent=730195"}],"wp:term":[{"taxonomy":"product_brand","embeddable":true,"href":"https:\/\/stoic-curie.212-227-153-4.plesk.page\/fr\/wp-json\/wp\/v2\/product_brand?post=730195"},{"taxonomy":"product_cat","embeddable":true,"href":"https:\/\/stoic-curie.212-227-153-4.plesk.page\/fr\/wp-json\/wp\/v2\/product_cat?post=730195"},{"taxonomy":"product_tag","embeddable":true,"href":"https:\/\/stoic-curie.212-227-153-4.plesk.page\/fr\/wp-json\/wp\/v2\/product_tag?post=730195"}],"curies":[{"name":"wp","href":"https:\/\/api.w.org\/{rel}","templated":true}]}}