{"id":730200,"date":"2025-03-03T16:06:41","date_gmt":"2025-03-03T15:06:41","guid":{"rendered":"https:\/\/stoic-curie.212-227-153-4.plesk.page\/producto\/evaporateur-vitrifrigo-s3-318-x-210-x-h-96-mm\/"},"modified":"2026-02-24T23:08:39","modified_gmt":"2026-02-24T23:08:39","slug":"evaporateur-vitrifrigo-s3-318-x-210-x-h-96-mm","status":"publish","type":"product","link":"https:\/\/stoic-curie.212-227-153-4.plesk.page\/fr\/product\/evaporateur-vitrifrigo-s3-318-x-210-x-h-96-mm\/","title":{"rendered":"\u00c9vaporateur Vitrifrigo S3, 318\u00a0x\u00a0210\u00a0x\u00a0H\u00a096\u00a0mm"},"content":{"rendered":"<p>\u00c9vaporateur Vitrifrigo S3, 318\u00a0x\u00a0210\u00a0x\u00a0H\u00a096\u00a0mm &#8211; <\/p>\n<p>\u00c9vaporateur en bo\u00eete avec couplages rapides de type Vitri de 2 m\u00e8tres.<\/p>\n","protected":false},"excerpt":{"rendered":"<p>\u00c9vaporateur Vitrifrigo S3, 318\u00a0x\u00a0210\u00a0x\u00a0H\u00a096\u00a0mm &#8211; \u00c9vaporateur en bo\u00eete avec couplages rapides de type Vitri de 2 m\u00e8tres.<\/p>\n","protected":false},"featured_media":5943362,"comment_status":"open","ping_status":"closed","template":"","meta":[],"product_brand":[3524],"product_cat":[1177],"product_tag":[],"class_list":{"0":"post-730200","1":"product","2":"type-product","3":"status-publish","4":"has-post-thumbnail","6":"product_brand-vitrifrigo-fr","7":"product_cat-refrigerateurs-et-congelateurs","9":"first","10":"instock","11":"shipping-taxable","12":"purchasable","13":"product-type-simple"},"_links":{"self":[{"href":"https:\/\/stoic-curie.212-227-153-4.plesk.page\/fr\/wp-json\/wp\/v2\/product\/730200","targetHints":{"allow":["GET"]}}],"collection":[{"href":"https:\/\/stoic-curie.212-227-153-4.plesk.page\/fr\/wp-json\/wp\/v2\/product"}],"about":[{"href":"https:\/\/stoic-curie.212-227-153-4.plesk.page\/fr\/wp-json\/wp\/v2\/types\/product"}],"replies":[{"embeddable":true,"href":"https:\/\/stoic-curie.212-227-153-4.plesk.page\/fr\/wp-json\/wp\/v2\/comments?post=730200"}],"version-history":[{"count":0,"href":"https:\/\/stoic-curie.212-227-153-4.plesk.page\/fr\/wp-json\/wp\/v2\/product\/730200\/revisions"}],"wp:featuredmedia":[{"embeddable":true,"href":"https:\/\/stoic-curie.212-227-153-4.plesk.page\/fr\/wp-json\/wp\/v2\/media\/5943362"}],"wp:attachment":[{"href":"https:\/\/stoic-curie.212-227-153-4.plesk.page\/fr\/wp-json\/wp\/v2\/media?parent=730200"}],"wp:term":[{"taxonomy":"product_brand","embeddable":true,"href":"https:\/\/stoic-curie.212-227-153-4.plesk.page\/fr\/wp-json\/wp\/v2\/product_brand?post=730200"},{"taxonomy":"product_cat","embeddable":true,"href":"https:\/\/stoic-curie.212-227-153-4.plesk.page\/fr\/wp-json\/wp\/v2\/product_cat?post=730200"},{"taxonomy":"product_tag","embeddable":true,"href":"https:\/\/stoic-curie.212-227-153-4.plesk.page\/fr\/wp-json\/wp\/v2\/product_tag?post=730200"}],"curies":[{"name":"wp","href":"https:\/\/api.w.org\/{rel}","templated":true}]}}