{"id":730203,"date":"2025-03-03T16:06:41","date_gmt":"2025-03-03T15:06:41","guid":{"rendered":"https:\/\/stoic-curie.212-227-153-4.plesk.page\/producto\/chauffe-eau-marin-johnson-aquah-500-w-80-l-bsp-230-v\/"},"modified":"2026-02-24T23:08:39","modified_gmt":"2026-02-24T23:08:39","slug":"chauffe-eau-marin-johnson-aquah-500-w-80-l-bsp-230-v","status":"publish","type":"product","link":"https:\/\/stoic-curie.212-227-153-4.plesk.page\/fr\/product\/chauffe-eau-marin-johnson-aquah-500-w-80-l-bsp-230-v\/","title":{"rendered":"Chauffe-eau Johnson AquaH 500W \/ 80L"},"content":{"rendered":"<p>Chauffe-eau Johnson AquaH 500W \/ 80L &#8211; <\/p>\n<p>Les chauffe-eaux Johnson Marine sont fabriqu\u00e9s avec soin en acier inoxydable AISI 316, ce qui les rend id\u00e9aux pour les environnements marins. Ces chauffe-eaux disposent d&#8217;un \u00e9l\u00e9ment chauffant \u00e9lectrique de 500W-220V, permettant une utilisation \u00e0 quai ou avec un g\u00e9n\u00e9rateur. De plus, ils int\u00e8grent un syst\u00e8me unique qui capte la chaleur du circuit de refroidissement du moteur.<\/p>\n<p>La s\u00e9rie AquaH pr\u00e9sente des chauffe-eaux innovants avec des capacit\u00e9s de stockage allant de 22 \u00e0 80 litres (5,3 \u00e0 19,3 gallons). Chaque unit\u00e9 est \u00e9quip\u00e9e d&#8217;options de chauffage doubles, offrant \u00e0 la fois un chauffage \u00e9lectrique et un chauffage indirect \u00e0 partir d&#8217;une source secondaire, telle que le syst\u00e8me de refroidissement d&#8217;un moteur marin ou d&#8217;un g\u00e9n\u00e9rateur.<\/p>\n<p><strong>Garantie limit\u00e9e de 5 ans<\/strong><\/p>\n<p>Les chauffe-eaux sont log\u00e9s dans un acier inoxydable AISI 304 durable et sont fournis avec un couvercle en plastique robuste qui comprend les supports de montage. La surface interne est en acier inoxydable AISI 316L et les unit\u00e9s sont isol\u00e9es avec de la mousse de polyur\u00e9thane. Elles disposent d&#8217;une vanne de s\u00e9curit\u00e9 et de non-retour r\u00e9gl\u00e9e \u00e0 6 Bar +\/- 0,5 Bar, avec des raccordements moteur mesurant 1\/2&#8243; BSP.<\/p>\n<p>Les \u00e9l\u00e9ments chauffants \u00e9lectriques sont disponibles en Incoloy \u00e0 500W et 1200W, fournissant de l&#8217;eau chaude quand la chaleur du moteur n&#8217;est pas disponible mais que l&#8217;alimentation de 230V est accessible. Chaque unit\u00e9 est livr\u00e9e avec un thermostat de s\u00e9curit\u00e9 r\u00e9glable pour le contr\u00f4le de la temp\u00e9rature lors du chauffage \u00e9lectrique.<\/p>\n<p><strong>Dimensions<\/strong><\/p>\n<table>\n<thead>\n<tr>\n<th>Num\u00e9ro de pi\u00e8ce<\/th>\n<th>Alimentation \u00e9lectrique<\/th>\n<th>Capacit\u00e9 de stockage<\/th>\n<th>Poids (vide)<\/th>\n<th>A<\/th>\n<th>B<\/th>\n<th>C<\/th>\n<th>D<\/th>\n<th>E<\/th>\n<th>F<\/th>\n<\/tr>\n<\/thead>\n<tbody>\n<tr>\n<td>56-47455-01\/02<\/td>\n<td>220V<\/td>\n<td>22L (5.8 gal)<\/td>\n<td>10 kg (22 lbs)<\/td>\n<td>322 mm (12.7 in)<\/td>\n<td>290 mm (11.4 in)<\/td>\n<td>235 mm (9.25 in)<\/td>\n<td>325 mm (12.8 in)<\/td>\n<td>410 mm (16.1 in)<\/td>\n<td>485 mm (19.1 in)<\/td>\n<\/tr>\n<tr>\n<td>56-47455-03\/04<\/td>\n<td>500V<\/td>\n<td>30L (7.9 gal)<\/td>\n<td>11.5 kg (25.4 lbs)<\/td>\n<td>322 mm (12.7 in)<\/td>\n<td>290 mm (11.4 in)<\/td>\n<td>370 mm (14.6 in)<\/td>\n<td>325 mm (12.8 in)<\/td>\n<td>545 mm (21.5 in)<\/td>\n<td>620 mm (24.4 in)<\/td>\n<\/tr>\n<tr>\n<td>56-47457-01\/02<\/td>\n<td>200V<\/td>\n<td>45L (11.9 gal)<\/td>\n<td>15 kg (33.1 lbs)<\/td>\n<td>322 mm (12.7 in)<\/td>\n<td>290 mm (11.4 in)<\/td>\n<td>625 mm (24.6 in)<\/td>\n<td>325 mm (12.8 in)<\/td>\n<td>805 mm (31.7 in)<\/td>\n<td>880 mm (34.6 in)<\/td>\n<\/tr>\n<tr>\n<td>56-47458-01\/02<\/td>\n<td>200V<\/td>\n<td>60L (15.9 gal)<\/td>\n<td>17.3 kg (38.1 lbs)<\/td>\n<td>322 mm (12.7 in)<\/td>\n<td>290 mm (11.4 in)<\/td>\n<td>810 mm (31.9 in)<\/td>\n<td>325 mm (12.8 in)<\/td>\n<td>990 mm (39 in)<\/td>\n<td>1065 mm (41.9 in)<\/td>\n<\/tr>\n<tr>\n<td>56-47459-01\/02<\/td>\n<td>200V<\/td>\n<td>80L (21.1 gal)<\/td>\n<td>20 kg (44.1 lbs)<\/td>\n<td>322 mm (12.7 in)<\/td>\n<td>290 mm (11.4 in)<\/td>\n<td>1090 mm (42.9 in)<\/td>\n<td>325 mm (12.8 in)<\/td>\n<td>1270 mm (50 in)<\/td>\n<td>1345 mm (53 in)<\/td>\n<\/tr>\n<\/tbody>\n<\/table>\n<p><strong>Alimentation \u00e9lectrique :<\/strong> 220-240 V ~ 50 Hz ou 120 V &#8211; 60 Hz<br \/><strong>Connexions d&#8217;eau :<\/strong> \u00bd&#8221;<\/p>\n","protected":false},"excerpt":{"rendered":"<p>Chauffe-eau Johnson AquaH 500W \/ 80L &#8211; Les chauffe-eaux Johnson Marine sont fabriqu\u00e9s avec soin en acier inoxydable AISI 316,<\/p>\n","protected":false},"featured_media":5938715,"comment_status":"open","ping_status":"closed","template":"","meta":[],"product_brand":[3044],"product_cat":[1077],"product_tag":[],"class_list":{"0":"post-730203","1":"product","2":"type-product","3":"status-publish","4":"has-post-thumbnail","6":"product_brand-johnson-marine-fr","7":"product_cat-chauffe-eau","9":"first","10":"instock","11":"shipping-taxable","12":"purchasable","13":"product-type-simple"},"_links":{"self":[{"href":"https:\/\/stoic-curie.212-227-153-4.plesk.page\/fr\/wp-json\/wp\/v2\/product\/730203","targetHints":{"allow":["GET"]}}],"collection":[{"href":"https:\/\/stoic-curie.212-227-153-4.plesk.page\/fr\/wp-json\/wp\/v2\/product"}],"about":[{"href":"https:\/\/stoic-curie.212-227-153-4.plesk.page\/fr\/wp-json\/wp\/v2\/types\/product"}],"replies":[{"embeddable":true,"href":"https:\/\/stoic-curie.212-227-153-4.plesk.page\/fr\/wp-json\/wp\/v2\/comments?post=730203"}],"version-history":[{"count":0,"href":"https:\/\/stoic-curie.212-227-153-4.plesk.page\/fr\/wp-json\/wp\/v2\/product\/730203\/revisions"}],"wp:featuredmedia":[{"embeddable":true,"href":"https:\/\/stoic-curie.212-227-153-4.plesk.page\/fr\/wp-json\/wp\/v2\/media\/5938715"}],"wp:attachment":[{"href":"https:\/\/stoic-curie.212-227-153-4.plesk.page\/fr\/wp-json\/wp\/v2\/media?parent=730203"}],"wp:term":[{"taxonomy":"product_brand","embeddable":true,"href":"https:\/\/stoic-curie.212-227-153-4.plesk.page\/fr\/wp-json\/wp\/v2\/product_brand?post=730203"},{"taxonomy":"product_cat","embeddable":true,"href":"https:\/\/stoic-curie.212-227-153-4.plesk.page\/fr\/wp-json\/wp\/v2\/product_cat?post=730203"},{"taxonomy":"product_tag","embeddable":true,"href":"https:\/\/stoic-curie.212-227-153-4.plesk.page\/fr\/wp-json\/wp\/v2\/product_tag?post=730203"}],"curies":[{"name":"wp","href":"https:\/\/api.w.org\/{rel}","templated":true}]}}