{"id":730205,"date":"2025-03-03T16:06:41","date_gmt":"2025-03-03T15:06:41","guid":{"rendered":"https:\/\/stoic-curie.212-227-153-4.plesk.page\/producto\/kit-jabsco-de-conversion-en-wc-electrique-24-v\/"},"modified":"2026-02-24T23:08:39","modified_gmt":"2026-02-24T23:08:39","slug":"kit-jabsco-de-conversion-en-wc-electrique-24-v","status":"publish","type":"product","link":"https:\/\/stoic-curie.212-227-153-4.plesk.page\/fr\/product\/kit-jabsco-de-conversion-en-wc-electrique-24-v\/","title":{"rendered":"Kit Jabsco de conversion en WC \u00e9lectrique 24\u00a0V"},"content":{"rendered":"<p>Kit Jabsco de conversion en WC \u00e9lectrique 24\u00a0V &#8211; <\/p>\n<p>Kit \u00e9lectrique Jabsco utilis\u00e9 pour convertir des toilettes manuelles en toilettes \u00e9lectriques. Facile \u00e0 installer, il remplace la pompe manuelle.<\/p>\n","protected":false},"excerpt":{"rendered":"<p>Kit Jabsco de conversion en WC \u00e9lectrique 24\u00a0V &#8211; Kit \u00e9lectrique Jabsco utilis\u00e9 pour convertir des toilettes manuelles en toilettes<\/p>\n","protected":false},"featured_media":5945365,"comment_status":"open","ping_status":"closed","template":"","meta":[],"product_brand":[3029],"product_cat":[1101],"product_tag":[],"class_list":{"0":"post-730205","1":"product","2":"type-product","3":"status-publish","4":"has-post-thumbnail","6":"product_brand-jabsco-marine-fr","7":"product_cat-toilettes-marines","9":"first","10":"instock","11":"shipping-taxable","12":"purchasable","13":"product-type-simple"},"_links":{"self":[{"href":"https:\/\/stoic-curie.212-227-153-4.plesk.page\/fr\/wp-json\/wp\/v2\/product\/730205","targetHints":{"allow":["GET"]}}],"collection":[{"href":"https:\/\/stoic-curie.212-227-153-4.plesk.page\/fr\/wp-json\/wp\/v2\/product"}],"about":[{"href":"https:\/\/stoic-curie.212-227-153-4.plesk.page\/fr\/wp-json\/wp\/v2\/types\/product"}],"replies":[{"embeddable":true,"href":"https:\/\/stoic-curie.212-227-153-4.plesk.page\/fr\/wp-json\/wp\/v2\/comments?post=730205"}],"version-history":[{"count":0,"href":"https:\/\/stoic-curie.212-227-153-4.plesk.page\/fr\/wp-json\/wp\/v2\/product\/730205\/revisions"}],"wp:featuredmedia":[{"embeddable":true,"href":"https:\/\/stoic-curie.212-227-153-4.plesk.page\/fr\/wp-json\/wp\/v2\/media\/5945365"}],"wp:attachment":[{"href":"https:\/\/stoic-curie.212-227-153-4.plesk.page\/fr\/wp-json\/wp\/v2\/media?parent=730205"}],"wp:term":[{"taxonomy":"product_brand","embeddable":true,"href":"https:\/\/stoic-curie.212-227-153-4.plesk.page\/fr\/wp-json\/wp\/v2\/product_brand?post=730205"},{"taxonomy":"product_cat","embeddable":true,"href":"https:\/\/stoic-curie.212-227-153-4.plesk.page\/fr\/wp-json\/wp\/v2\/product_cat?post=730205"},{"taxonomy":"product_tag","embeddable":true,"href":"https:\/\/stoic-curie.212-227-153-4.plesk.page\/fr\/wp-json\/wp\/v2\/product_tag?post=730205"}],"curies":[{"name":"wp","href":"https:\/\/api.w.org\/{rel}","templated":true}]}}