{"id":730207,"date":"2025-03-03T16:06:42","date_gmt":"2025-03-03T15:06:42","guid":{"rendered":"https:\/\/stoic-curie.212-227-153-4.plesk.page\/producto\/wc-marin-tecma-nano-24-v-avec-panneau-de-commande-tout-en-un-sft\/"},"modified":"2026-02-24T23:08:39","modified_gmt":"2026-02-24T23:08:39","slug":"wc-marin-tecma-nano-24-v-avec-panneau-de-commande-tout-en-un-sft","status":"publish","type":"product","link":"https:\/\/stoic-curie.212-227-153-4.plesk.page\/fr\/product\/wc-marin-tecma-nano-24-v-avec-panneau-de-commande-tout-en-un-sft\/","title":{"rendered":"WC Tecma Nano, 24\u00a0V, avec panneau tout-en-un SFT"},"content":{"rendered":"<p>WC Tecma Nano, 24\u00a0V, avec panneau tout-en-un SFT &#8211; <\/p>\n<p style=\"color: rgb(34, 34, 34); font-family: Arial, Helvetica, sans-serif; font-size: small;\">Toilette Tecma Nano 24v avec panneau SFT tout-en-un. D\u00e9couvrez la toilette compacte Tecma Nano, \u00e9quip\u00e9e d&#8217;un si\u00e8ge en thermodurcissable qui allie confort et design compact tout en offrant des performances \u00e9lev\u00e9es. Cette toilette dispose d&#8217;une pompe de broyage puissante, garantissant une consommation d&#8217;eau et d&#8217;\u00e9lectricit\u00e9 limit\u00e9e ainsi que de faibles \u00e9missions sonores. L&#8217;installation et le c\u00e2blage sont simples et rapides, et il ne n\u00e9cessite aucun entretien.<\/p>\n<p style=\"color: rgb(34, 34, 34); font-family: Arial, Helvetica, sans-serif; font-size: small;\">La Tecma Nano peut \u00eatre utilis\u00e9e avec deux panneaux de contr\u00f4le :<\/p>\n<ul style=\"color: rgb(34, 34, 34); font-family: Arial, Helvetica, sans-serif; font-size: small;\">\n<li><strong>Panneau Eco<\/strong> : Ce panneau comprend un bouton d&#8217;activation de charge\/d\u00e9charge.<\/li>\n<li><strong>Panneau SFT tout-en-un<\/strong> : Ce panneau \u00e0 deux boutons est dot\u00e9 de la technologie Smart Flush, qui r\u00e9duit \u00e0 la fois la consommation d&#8217;eau et le bruit. Il comprend \u00e9galement un indicateur de surveillance du r\u00e9servoir d&#8217;eaux noires et une fonction de protection contre le d\u00e9bordement des eaux us\u00e9es.<\/li>\n<\/ul>\n<p style=\"color: rgb(34, 34, 34); font-family: Arial, Helvetica, sans-serif; font-size: small;\">En tant que mod\u00e8le le plus court disponible, le Nano combine confort, fiabilit\u00e9 et performances. Il mesure seulement 295 mm de hauteur et est aussi silencieux que d&#8217;autres toilettes \u00e9lectriques Tecma. Fabriqu\u00e9 en c\u00e9ramique blanche italienne, il est dot\u00e9 d&#8217;un si\u00e8ge en polyester thermodurcissable et est livr\u00e9 avec un panneau de contr\u00f4le \u00e0 bouton Eco Rocker. Il est con\u00e7u pour \u00eatre install\u00e9 avec une pompe d&#8217;eau de mer et comprend un \u00e9lectrovanne pour contourner la plomberie \u00e0 bord.<\/p>\n<p style=\"color: rgb(34, 34, 34); font-family: Arial, Helvetica, sans-serif; font-size: small;\">La toilette Nano utilise une technologie avanc\u00e9e \u00e0 turbine, fournissant une chasse d&#8217;eau puissante et r\u00e9sistante aux obstructions. Ce mod\u00e8le repr\u00e9sente la combinaison ultime d&#8217;efficacit\u00e9 et de design compact, offrant le m\u00eame confort que les unit\u00e9s plus grandes. Il est sp\u00e9cifiquement con\u00e7u pour r\u00e9pondre aux besoins des embarcations de moins de 50 pieds (15 m\u00e8tres). L&#8217;\u00e9quipe de d\u00e9veloppement de produits marins de Thetford a cr\u00e9\u00e9 un design \u00e9l\u00e9gant qui est \u00e9galement flexible pour l&#8217;installation gr\u00e2ce \u00e0 sa taille compacte.<\/p>\n<p style=\"color: rgb(34, 34, 34); font-family: Arial, Helvetica, sans-serif; font-size: small;\">Les caract\u00e9ristiques cl\u00e9s incluent :<\/p>\n<ul style=\"color: rgb(34, 34, 34); font-family: Arial, Helvetica, sans-serif; font-size: small;\">\n<li>Deux clapets anti-retour combin\u00e9s \u00e0 un pi\u00e8ge \u00e0 eau pour pr\u00e9venir les probl\u00e8mes d&#8217;odeur.<\/li>\n<li>Un fonctionnement d&#8217;une incroyable quietude.<\/li>\n<li>Compatibilit\u00e9 avec les syst\u00e8mes de chasse d&#8217;eau \u00e0 eau brute et \u00e0 pression.<\/li>\n<li>Une cuvette propre et s\u00e8che apr\u00e8s chaque chasse d&#8217;eau puissante.<\/li>\n<li>Un interrupteur Eco convivial pour r\u00e9duire la consommation d&#8217;\u00e9nergie et d&#8217;eau, ou un contr\u00f4leur de chasse intelligent avec des fonctionnalit\u00e9s avanc\u00e9es de contr\u00f4le de chasse et de r\u00e9servoir.<\/li>\n<\/ul>\n<p style=\"color: rgb(34, 34, 34); font-family: Arial, Helvetica, sans-serif; font-size: small;\">La performance de la pompe de broyage r\u00e9pond \u00e0 toutes les normes de qualit\u00e9, et la technologie dans la toilette a \u00e9t\u00e9 peaufin\u00e9e pour minimiser les \u00e9missions sonores tout en maintenant une faible consommation d&#8217;eau et d&#8217;\u00e9lectricit\u00e9. L&#8217;installation, la plomberie et le c\u00e2blage sont rapides et faciles, avec pratiquement aucun entretien requis.<\/p>\n<p style=\"color: rgb(34, 34, 34); font-family: Arial, Helvetica, sans-serif; font-size: small;\">Les toilettes marines Tecma Nano se trouvent couramment \u00e0 bord des bateaux Chaparral, Monterey et Canados.<\/p>\n<p style=\"color: rgb(34, 34, 34); font-family: Arial, Helvetica, sans-serif; font-size: small;\"><strong>Sp\u00e9cifications :<\/strong><\/p>\n<ul style=\"color: rgb(34, 34, 34); font-family: Arial, Helvetica, sans-serif; font-size: small;\">\n<li>Poids : 17,6 kg (38,8 lb)<\/li>\n<li>Pompe de sortie : MAC 4 12V<\/li>\n<li>Dispositif d&#8217;entr\u00e9e : \u00c9lectrovanne (pompe d&#8217;entr\u00e9e en option)<\/li>\n<\/ul>\n","protected":false},"excerpt":{"rendered":"<p>WC Tecma Nano, 24\u00a0V, avec panneau tout-en-un SFT &#8211; Toilette Tecma Nano 24v avec panneau SFT tout-en-un. D\u00e9couvrez la toilette<\/p>\n","protected":false},"featured_media":5941647,"comment_status":"open","ping_status":"closed","template":"","meta":[],"product_brand":[3469],"product_cat":[1101],"product_tag":[],"class_list":{"0":"post-730207","1":"product","2":"type-product","3":"status-publish","4":"has-post-thumbnail","6":"product_brand-tecma-fr","7":"product_cat-toilettes-marines","9":"first","10":"instock","11":"shipping-taxable","12":"purchasable","13":"product-type-simple"},"_links":{"self":[{"href":"https:\/\/stoic-curie.212-227-153-4.plesk.page\/fr\/wp-json\/wp\/v2\/product\/730207","targetHints":{"allow":["GET"]}}],"collection":[{"href":"https:\/\/stoic-curie.212-227-153-4.plesk.page\/fr\/wp-json\/wp\/v2\/product"}],"about":[{"href":"https:\/\/stoic-curie.212-227-153-4.plesk.page\/fr\/wp-json\/wp\/v2\/types\/product"}],"replies":[{"embeddable":true,"href":"https:\/\/stoic-curie.212-227-153-4.plesk.page\/fr\/wp-json\/wp\/v2\/comments?post=730207"}],"version-history":[{"count":0,"href":"https:\/\/stoic-curie.212-227-153-4.plesk.page\/fr\/wp-json\/wp\/v2\/product\/730207\/revisions"}],"wp:featuredmedia":[{"embeddable":true,"href":"https:\/\/stoic-curie.212-227-153-4.plesk.page\/fr\/wp-json\/wp\/v2\/media\/5941647"}],"wp:attachment":[{"href":"https:\/\/stoic-curie.212-227-153-4.plesk.page\/fr\/wp-json\/wp\/v2\/media?parent=730207"}],"wp:term":[{"taxonomy":"product_brand","embeddable":true,"href":"https:\/\/stoic-curie.212-227-153-4.plesk.page\/fr\/wp-json\/wp\/v2\/product_brand?post=730207"},{"taxonomy":"product_cat","embeddable":true,"href":"https:\/\/stoic-curie.212-227-153-4.plesk.page\/fr\/wp-json\/wp\/v2\/product_cat?post=730207"},{"taxonomy":"product_tag","embeddable":true,"href":"https:\/\/stoic-curie.212-227-153-4.plesk.page\/fr\/wp-json\/wp\/v2\/product_tag?post=730207"}],"curies":[{"name":"wp","href":"https:\/\/api.w.org\/{rel}","templated":true}]}}