{"id":730210,"date":"2025-03-03T16:06:42","date_gmt":"2025-03-03T15:06:42","guid":{"rendered":"https:\/\/stoic-curie.212-227-153-4.plesk.page\/producto\/wc-marin-tecma-silence-plus-2g-24-v-avec-panneau-de-commande-tout-en-un-sft\/"},"modified":"2026-02-24T23:08:39","modified_gmt":"2026-02-24T23:08:39","slug":"wc-marin-tecma-silence-plus-2g-24-v-avec-panneau-de-commande-tout-en-un-sft","status":"publish","type":"product","link":"https:\/\/stoic-curie.212-227-153-4.plesk.page\/fr\/product\/wc-marin-tecma-silence-plus-2g-24-v-avec-panneau-de-commande-tout-en-un-sft\/","title":{"rendered":"WC marin Tecma Silence Plus 2G, 24\u00a0V (All-in-One SFT Panel)"},"content":{"rendered":"<p>WC marin Tecma Silence Plus 2G, 24\u00a0V (All-in-One SFT Panel) &#8211; <\/p>\n<p style=\"color: rgb(34, 34, 34); font-family: Arial, Helvetica, sans-serif; font-size: small;\">Toilette Tecma Silence Plus 2G avec panneau SFT tout-en-un<\/p>\n<p style=\"color: rgb(34, 34, 34); font-family: Arial, Helvetica, sans-serif; font-size: small;\">La toilette Tecma Silence Plus 2G fonctionne sur un syst\u00e8me \u00e9lectrique de 24V et est \u00e9quip\u00e9e du panneau tout-en-un SFT standard, pr\u00e9sentant une interface \u00e0 double bouton pour les fonctions d&#8217;ajout d&#8217;eau et de chasse d&#8217;eau. Ce mod\u00e8le utilise la technologie Smart Flush, qui garantit une utilisation r\u00e9duite de l&#8217;eau et un bruit minimal. De plus, il est dot\u00e9 d&#8217;une protection contre le d\u00e9bordement d&#8217;eau et d&#8217;un syst\u00e8me de surveillance du r\u00e9servoir de d\u00e9chets, am\u00e9liorant ainsi le confort de l&#8217;utilisateur. Son design visuellement attrayant contribue au confort dans les espaces restreints, tandis que le si\u00e8ge en thermoplastique est \u00e9quip\u00e9 d&#8217;un m\u00e9canisme de fermeture douce pour \u00e9viter les dommages et minimiser le bruit. Con\u00e7u pour l&#8217;efficacit\u00e9, il r\u00e9duit significativement la consommation d&#8217;eau, l&#8217;utilisation \u00e9lectrique et les niveaux sonores. Les processus d&#8217;installation et de c\u00e2blage sont simples et ne n\u00e9cessitent aucun entretien continu.<\/p>\n<p style=\"color: rgb(34, 34, 34); font-family: Arial, Helvetica, sans-serif; font-size: small;\">La Silence Plus 2G allie la fiabilit\u00e9 reconnue de Thetford \u00e0 un design italien sophistiqu\u00e9, incarnant le summum de la technologie des toilettes maritimes. En tant qu&#8217;option &#8216;grand bol&#8217; de la s\u00e9rie Flexi-Line, elle constitue la pierre angulaire de cette collection. Avec des fonctionnalit\u00e9s am\u00e9lior\u00e9es et des avanc\u00e9es de sa deuxi\u00e8me g\u00e9n\u00e9ration, la Silence Plus 2G offre des performances exceptionnelles et un grand confort. Sa longueur de 51 cm (20,1 pouces) garantit une exp\u00e9rience d&#8217;assise similaire \u00e0 celle d&#8217;une toilette conventionnelle.<\/p>\n<p style=\"color: rgb(34, 34, 34); font-family: Arial, Helvetica, sans-serif; font-size: small;\">Ce mod\u00e8le sophistiqu\u00e9 comprend \u00e9galement un bidet assorti, le Bidet Silence Plus 2G, cr\u00e9ant ainsi un duo id\u00e9al pour votre salle de bain.<\/p>\n<p style=\"color: rgb(34, 34, 34); font-family: Arial, Helvetica, sans-serif; font-size: small;\">La Silence Plus repr\u00e9sente la variante la plus grande de la s\u00e9rie de toilettes \u00e9lectriques Flexi-Line de Thetford, con\u00e7ue pour des performances et un confort sup\u00e9rieurs. La longueur g\u00e9n\u00e9reuse de 51 cm garantit une exp\u00e9rience d&#8217;assise confortable, comme le souligne Thetford. La cuvette en c\u00e9ramique italienne moderne, combin\u00e9e au syst\u00e8me de broyeur de deuxi\u00e8me g\u00e9n\u00e9ration am\u00e9lior\u00e9 de Thetford, fait de cette toilette un choix exceptionnel pour les applications maritimes.<\/p>\n<p style=\"color: rgb(34, 34, 34); font-family: Arial, Helvetica, sans-serif; font-size: small;\">Ce mod\u00e8le est con\u00e7u pour \u00eatre install\u00e9 sur un marchepied sur\u00e9lev\u00e9 de 10 cm, tous les composants de plomberie \u00e9tant intelligemment dissimul\u00e9s \u00e0 l&#8217;int\u00e9rieur du bo\u00eetier des toilettes, permettant un ajustement impeccable contre le mur et le sol.<\/p>\n<p style=\"color: rgb(34, 34, 34); font-family: Arial, Helvetica, sans-serif; font-size: small;\">Caract\u00e9ristiques cl\u00e9s :<\/p>\n<ul style=\"color: rgb(34, 34, 34); font-family: Arial, Helvetica, sans-serif; font-size: small;\">\n<li>Cuvette en c\u00e9ramique italienne spacieuse<\/li>\n<li>Si\u00e8ge hygi\u00e9nique en thermoplastique avec fonction de fermeture douce<\/li>\n<li>Panneau de commande avec entourages interchangeables blancs ou noirs<\/li>\n<li>Consommation d&#8217;eau ajustable, avec possibilit\u00e9 de connexion \u00e0 un indicateur de niveau de r\u00e9servoir pour \u00e9viter les d\u00e9bordements<\/li>\n<li>Installation facile sur un syst\u00e8me d&#8217;eau douce sous pression<\/li>\n<li>Option de connexion \u00e0 une source d&#8217;eau brute (eau de mer)<\/li>\n<li>Deux vannes de s\u00e9curit\u00e9 unidirectionnelles int\u00e9gr\u00e9es<\/li>\n<li>Impulseur vortex \u00e0 haute vitesse<\/li>\n<li>Vanne \u00e0 air int\u00e9gr\u00e9e<\/li>\n<\/ul>\n<p style=\"color: rgb(34, 34, 34); font-family: Arial, Helvetica, sans-serif; font-size: small;\">Ce paquet de toilettes comprend tous les composants essentiels pour l&#8217;installation : un raccord d&#8217;\u00e9gout de 38 mm, un raccord d&#8217;eau de 19 mm et un faisceau de c\u00e2blage complet.<\/p>\n<p style=\"color: rgb(34, 34, 34); font-family: Arial, Helvetica, sans-serif; font-size: small;\">La Tecma Silence Plus 2G est une toilette aftermarket de haute qualit\u00e9 qui est facile \u00e0 installer et constitue un excellent choix par rapport aux syst\u00e8mes \u00e0 gravit\u00e9 traditionnels.<\/p>\n","protected":false},"excerpt":{"rendered":"<p>WC marin Tecma Silence Plus 2G, 24\u00a0V (All-in-One SFT Panel) &#8211; Toilette Tecma Silence Plus 2G avec panneau SFT tout-en-un<\/p>\n","protected":false},"featured_media":5945372,"comment_status":"open","ping_status":"closed","template":"","meta":[],"product_brand":[3469],"product_cat":[1101],"product_tag":[],"class_list":{"0":"post-730210","1":"product","2":"type-product","3":"status-publish","4":"has-post-thumbnail","6":"product_brand-tecma-fr","7":"product_cat-toilettes-marines","9":"first","10":"instock","11":"shipping-taxable","12":"purchasable","13":"product-type-simple"},"_links":{"self":[{"href":"https:\/\/stoic-curie.212-227-153-4.plesk.page\/fr\/wp-json\/wp\/v2\/product\/730210","targetHints":{"allow":["GET"]}}],"collection":[{"href":"https:\/\/stoic-curie.212-227-153-4.plesk.page\/fr\/wp-json\/wp\/v2\/product"}],"about":[{"href":"https:\/\/stoic-curie.212-227-153-4.plesk.page\/fr\/wp-json\/wp\/v2\/types\/product"}],"replies":[{"embeddable":true,"href":"https:\/\/stoic-curie.212-227-153-4.plesk.page\/fr\/wp-json\/wp\/v2\/comments?post=730210"}],"version-history":[{"count":0,"href":"https:\/\/stoic-curie.212-227-153-4.plesk.page\/fr\/wp-json\/wp\/v2\/product\/730210\/revisions"}],"wp:featuredmedia":[{"embeddable":true,"href":"https:\/\/stoic-curie.212-227-153-4.plesk.page\/fr\/wp-json\/wp\/v2\/media\/5945372"}],"wp:attachment":[{"href":"https:\/\/stoic-curie.212-227-153-4.plesk.page\/fr\/wp-json\/wp\/v2\/media?parent=730210"}],"wp:term":[{"taxonomy":"product_brand","embeddable":true,"href":"https:\/\/stoic-curie.212-227-153-4.plesk.page\/fr\/wp-json\/wp\/v2\/product_brand?post=730210"},{"taxonomy":"product_cat","embeddable":true,"href":"https:\/\/stoic-curie.212-227-153-4.plesk.page\/fr\/wp-json\/wp\/v2\/product_cat?post=730210"},{"taxonomy":"product_tag","embeddable":true,"href":"https:\/\/stoic-curie.212-227-153-4.plesk.page\/fr\/wp-json\/wp\/v2\/product_tag?post=730210"}],"curies":[{"name":"wp","href":"https:\/\/api.w.org\/{rel}","templated":true}]}}