{"id":730224,"date":"2025-03-03T16:06:44","date_gmt":"2025-03-03T15:06:44","guid":{"rendered":"https:\/\/stoic-curie.212-227-153-4.plesk.page\/producto\/lunette-pour-tecma-silence-plus-t-278tbfr\/"},"modified":"2026-02-24T23:08:39","modified_gmt":"2026-02-24T23:08:39","slug":"lunette-pour-tecma-silence-plus-t-278tbfr","status":"publish","type":"product","link":"https:\/\/stoic-curie.212-227-153-4.plesk.page\/fr\/product\/lunette-pour-tecma-silence-plus-t-278tbfr\/","title":{"rendered":"Lunette pour Tecma Silence Plus T-278TBFR"},"content":{"rendered":"<p>Lunette pour Tecma Silence Plus T-278TBFR &#8211; <\/p>\n<p>S\u00e9rie de si\u00e8ges et charni\u00e8res pour toilettes Design (Breeze) et Flexi (Silence, Elegance). PE : Si\u00e8ge classique et robuste en polyester avec couvercle et si\u00e8ge tous deux visibles. TE : Si\u00e8ge moderne et l\u00e9ger en thermodurcissable avec couvercle cachant le si\u00e8ge. Soft Closing : charni\u00e8res avec syst\u00e8me d&#8217;amortissement pour \u00e9viter les dommages et le bruit.<\/p>\n","protected":false},"excerpt":{"rendered":"<p>Lunette pour Tecma Silence Plus T-278TBFR &#8211; S\u00e9rie de si\u00e8ges et charni\u00e8res pour toilettes Design (Breeze) et Flexi (Silence, Elegance).<\/p>\n","protected":false},"featured_media":5945393,"comment_status":"open","ping_status":"closed","template":"","meta":[],"product_brand":[3469],"product_cat":[1101],"product_tag":[],"class_list":{"0":"post-730224","1":"product","2":"type-product","3":"status-publish","4":"has-post-thumbnail","6":"product_brand-tecma-fr","7":"product_cat-toilettes-marines","9":"first","10":"instock","11":"shipping-taxable","12":"purchasable","13":"product-type-simple"},"_links":{"self":[{"href":"https:\/\/stoic-curie.212-227-153-4.plesk.page\/fr\/wp-json\/wp\/v2\/product\/730224","targetHints":{"allow":["GET"]}}],"collection":[{"href":"https:\/\/stoic-curie.212-227-153-4.plesk.page\/fr\/wp-json\/wp\/v2\/product"}],"about":[{"href":"https:\/\/stoic-curie.212-227-153-4.plesk.page\/fr\/wp-json\/wp\/v2\/types\/product"}],"replies":[{"embeddable":true,"href":"https:\/\/stoic-curie.212-227-153-4.plesk.page\/fr\/wp-json\/wp\/v2\/comments?post=730224"}],"version-history":[{"count":0,"href":"https:\/\/stoic-curie.212-227-153-4.plesk.page\/fr\/wp-json\/wp\/v2\/product\/730224\/revisions"}],"wp:featuredmedia":[{"embeddable":true,"href":"https:\/\/stoic-curie.212-227-153-4.plesk.page\/fr\/wp-json\/wp\/v2\/media\/5945393"}],"wp:attachment":[{"href":"https:\/\/stoic-curie.212-227-153-4.plesk.page\/fr\/wp-json\/wp\/v2\/media?parent=730224"}],"wp:term":[{"taxonomy":"product_brand","embeddable":true,"href":"https:\/\/stoic-curie.212-227-153-4.plesk.page\/fr\/wp-json\/wp\/v2\/product_brand?post=730224"},{"taxonomy":"product_cat","embeddable":true,"href":"https:\/\/stoic-curie.212-227-153-4.plesk.page\/fr\/wp-json\/wp\/v2\/product_cat?post=730224"},{"taxonomy":"product_tag","embeddable":true,"href":"https:\/\/stoic-curie.212-227-153-4.plesk.page\/fr\/wp-json\/wp\/v2\/product_tag?post=730224"}],"curies":[{"name":"wp","href":"https:\/\/api.w.org\/{rel}","templated":true}]}}