{"id":730225,"date":"2025-03-03T16:06:44","date_gmt":"2025-03-03T15:06:44","guid":{"rendered":"https:\/\/stoic-curie.212-227-153-4.plesk.page\/producto\/charnieres-pour-tecma-silence-plus-t-pf-p83\/"},"modified":"2026-02-24T23:08:39","modified_gmt":"2026-02-24T23:08:39","slug":"charnieres-pour-tecma-silence-plus-t-pf-p83","status":"publish","type":"product","link":"https:\/\/stoic-curie.212-227-153-4.plesk.page\/fr\/product\/charnieres-pour-tecma-silence-plus-t-pf-p83\/","title":{"rendered":"Charni\u00e8res pour Tecma Silence Plus T-PF.P83"},"content":{"rendered":"<p>Charni\u00e8res pour Tecma Silence Plus T-PF.P83 &#8211; <\/p>\n<p>S\u00e9ries de si\u00e8ges et de charni\u00e8res de toilettes Design (Breeze) et Flexi (Silence, Elegance). PE : Si\u00e8ge en polyester classique et robuste avec couvercle, o\u00f9 le si\u00e8ge et le couvercle sont tous deux visibles. TE : Si\u00e8ge en thermodurcissable moderne et l\u00e9ger avec un couvercle dissimulant le si\u00e8ge. Fermeture douce : charni\u00e8res avec syst\u00e8me d&#8217;amortissement pour \u00e9viter les dommages et le bruit.<\/p>\n","protected":false},"excerpt":{"rendered":"<p>Charni\u00e8res pour Tecma Silence Plus T-PF.P83 &#8211; S\u00e9ries de si\u00e8ges et de charni\u00e8res de toilettes Design (Breeze) et Flexi (Silence,<\/p>\n","protected":false},"featured_media":5945395,"comment_status":"open","ping_status":"closed","template":"","meta":[],"product_brand":[3469],"product_cat":[1101],"product_tag":[],"class_list":{"0":"post-730225","1":"product","2":"type-product","3":"status-publish","4":"has-post-thumbnail","6":"product_brand-tecma-fr","7":"product_cat-toilettes-marines","9":"first","10":"instock","11":"shipping-taxable","12":"purchasable","13":"product-type-simple"},"_links":{"self":[{"href":"https:\/\/stoic-curie.212-227-153-4.plesk.page\/fr\/wp-json\/wp\/v2\/product\/730225","targetHints":{"allow":["GET"]}}],"collection":[{"href":"https:\/\/stoic-curie.212-227-153-4.plesk.page\/fr\/wp-json\/wp\/v2\/product"}],"about":[{"href":"https:\/\/stoic-curie.212-227-153-4.plesk.page\/fr\/wp-json\/wp\/v2\/types\/product"}],"replies":[{"embeddable":true,"href":"https:\/\/stoic-curie.212-227-153-4.plesk.page\/fr\/wp-json\/wp\/v2\/comments?post=730225"}],"version-history":[{"count":0,"href":"https:\/\/stoic-curie.212-227-153-4.plesk.page\/fr\/wp-json\/wp\/v2\/product\/730225\/revisions"}],"wp:featuredmedia":[{"embeddable":true,"href":"https:\/\/stoic-curie.212-227-153-4.plesk.page\/fr\/wp-json\/wp\/v2\/media\/5945395"}],"wp:attachment":[{"href":"https:\/\/stoic-curie.212-227-153-4.plesk.page\/fr\/wp-json\/wp\/v2\/media?parent=730225"}],"wp:term":[{"taxonomy":"product_brand","embeddable":true,"href":"https:\/\/stoic-curie.212-227-153-4.plesk.page\/fr\/wp-json\/wp\/v2\/product_brand?post=730225"},{"taxonomy":"product_cat","embeddable":true,"href":"https:\/\/stoic-curie.212-227-153-4.plesk.page\/fr\/wp-json\/wp\/v2\/product_cat?post=730225"},{"taxonomy":"product_tag","embeddable":true,"href":"https:\/\/stoic-curie.212-227-153-4.plesk.page\/fr\/wp-json\/wp\/v2\/product_tag?post=730225"}],"curies":[{"name":"wp","href":"https:\/\/api.w.org\/{rel}","templated":true}]}}