{"id":730229,"date":"2025-03-03T16:06:45","date_gmt":"2025-03-03T15:06:45","guid":{"rendered":"https:\/\/stoic-curie.212-227-153-4.plesk.page\/producto\/reservoir-a-eaux-usees-tronque-ocean-98-l-avec-pompe-24-v\/"},"modified":"2026-02-24T23:08:40","modified_gmt":"2026-02-24T23:08:40","slug":"reservoir-a-eaux-usees-tronque-ocean-98-l-avec-pompe-24-v","status":"publish","type":"product","link":"https:\/\/stoic-curie.212-227-153-4.plesk.page\/fr\/product\/reservoir-a-eaux-usees-tronque-ocean-98-l-avec-pompe-24-v\/","title":{"rendered":"R\u00e9servoir \u00e0 eaux us\u00e9es tronqu\u00e9 Ocean, 98\u00a0l, avec pompe 24\u00a0V"},"content":{"rendered":"<p>R\u00e9servoir \u00e0 eaux us\u00e9es tronqu\u00e9 Ocean, 98\u00a0l, avec pompe 24\u00a0V &#8211; <\/p>\n<p>Des r\u00e9servoirs d&#8217;eaux us\u00e9es et de d\u00e9chets \u00e9quip\u00e9s d&#8217;un syst\u00e8me d&#8217;\u00e9vacuation avec une pompe broyeur, une vanne en Y, un filtre anti-odeur et un panneau de mesure avec sonde.<\/p>\n","protected":false},"excerpt":{"rendered":"<p>R\u00e9servoir \u00e0 eaux us\u00e9es tronqu\u00e9 Ocean, 98\u00a0l, avec pompe 24\u00a0V &#8211; Des r\u00e9servoirs d&#8217;eaux us\u00e9es et de d\u00e9chets \u00e9quip\u00e9s d&#8217;un<\/p>\n","protected":false},"featured_media":5937499,"comment_status":"open","ping_status":"closed","template":"","meta":[],"product_brand":[3139],"product_cat":[1075],"product_tag":[],"class_list":{"0":"post-730229","1":"product","2":"type-product","3":"status-publish","4":"has-post-thumbnail","6":"product_brand-matromarine-fr","7":"product_cat-reservoirs-deaux-usees","9":"first","10":"instock","11":"shipping-taxable","12":"purchasable","13":"product-type-simple"},"_links":{"self":[{"href":"https:\/\/stoic-curie.212-227-153-4.plesk.page\/fr\/wp-json\/wp\/v2\/product\/730229","targetHints":{"allow":["GET"]}}],"collection":[{"href":"https:\/\/stoic-curie.212-227-153-4.plesk.page\/fr\/wp-json\/wp\/v2\/product"}],"about":[{"href":"https:\/\/stoic-curie.212-227-153-4.plesk.page\/fr\/wp-json\/wp\/v2\/types\/product"}],"replies":[{"embeddable":true,"href":"https:\/\/stoic-curie.212-227-153-4.plesk.page\/fr\/wp-json\/wp\/v2\/comments?post=730229"}],"version-history":[{"count":0,"href":"https:\/\/stoic-curie.212-227-153-4.plesk.page\/fr\/wp-json\/wp\/v2\/product\/730229\/revisions"}],"wp:featuredmedia":[{"embeddable":true,"href":"https:\/\/stoic-curie.212-227-153-4.plesk.page\/fr\/wp-json\/wp\/v2\/media\/5937499"}],"wp:attachment":[{"href":"https:\/\/stoic-curie.212-227-153-4.plesk.page\/fr\/wp-json\/wp\/v2\/media?parent=730229"}],"wp:term":[{"taxonomy":"product_brand","embeddable":true,"href":"https:\/\/stoic-curie.212-227-153-4.plesk.page\/fr\/wp-json\/wp\/v2\/product_brand?post=730229"},{"taxonomy":"product_cat","embeddable":true,"href":"https:\/\/stoic-curie.212-227-153-4.plesk.page\/fr\/wp-json\/wp\/v2\/product_cat?post=730229"},{"taxonomy":"product_tag","embeddable":true,"href":"https:\/\/stoic-curie.212-227-153-4.plesk.page\/fr\/wp-json\/wp\/v2\/product_tag?post=730229"}],"curies":[{"name":"wp","href":"https:\/\/api.w.org\/{rel}","templated":true}]}}