{"id":730230,"date":"2025-03-03T16:06:45","date_gmt":"2025-03-03T15:06:45","guid":{"rendered":"https:\/\/stoic-curie.212-227-153-4.plesk.page\/producto\/reservoir-a-eaux-usees-avec-pompe-jabsco-12-v-modele-plat-35-l\/"},"modified":"2026-02-24T23:08:40","modified_gmt":"2026-02-24T23:08:40","slug":"reservoir-a-eaux-usees-avec-pompe-jabsco-12-v-modele-plat-35-l","status":"publish","type":"product","link":"https:\/\/stoic-curie.212-227-153-4.plesk.page\/fr\/product\/reservoir-a-eaux-usees-avec-pompe-jabsco-12-v-modele-plat-35-l\/","title":{"rendered":"R\u00e9servoir \u00e0 eaux us\u00e9es avec pompe Jabsco 12\u00a0V, mod\u00e8le plat, 35\u00a0l"},"content":{"rendered":"<p>R\u00e9servoir \u00e0 eaux us\u00e9es avec pompe Jabsco 12\u00a0V, mod\u00e8le plat, 35\u00a0l &#8211; <\/p>\n<p>Les r\u00e9servoirs en poly\u00e9thyl\u00e8ne haute densit\u00e9 pour les eaux us\u00e9es et les d\u00e9chets sont soigneusement con\u00e7us en mettant l&#8217;accent sur la robustesse et l&#8217;efficacit\u00e9. Ils sont enti\u00e8rement \u00e9quip\u00e9s d&#8217;un syst\u00e8me de d\u00e9charge fiable, adapt\u00e9 \u00e0 vos besoins en navigation. Chaque r\u00e9servoir comprend une pompe Jabsco auto-amor\u00e7ante de 12V, reconnue pour sa fiabilit\u00e9 et ses performances exceptionnelles. Cette pompe est \u00e9quip\u00e9e d&#8217;un raccord de 38 mm, garantissant un attachement s\u00e9curis\u00e9 pour une \u00e9vacuation efficace des d\u00e9chets.<\/p>\n<p>Pour am\u00e9liorer l&#8217;accessibilit\u00e9, chaque r\u00e9servoir dispose d&#8217;un hatch pratique \u00e0 10 trous, permettant un acc\u00e8s facile lors de l&#8217;entretien si n\u00e9cessaire. De plus, nous proposons un connecteur tournant tuyau-tuyau de 38 mm, offrant flexibilit\u00e9 lors de votre installation. Pour une polyvalence suppl\u00e9mentaire, un connecteur tuyau-tuyau en acier inoxydable de 16 mm est \u00e9galement inclus, assurant la compatibilit\u00e9 avec une vari\u00e9t\u00e9 de syst\u00e8mes.<\/p>\n<p>Pour vous aider \u00e0 surveiller avec pr\u00e9cision les niveaux de d\u00e9chets, nous fournissons un \u00e9metteur de niveau tubulaire de 240-33 Ohm, qui facilite le suivi du contenu du r\u00e9servoir. De plus, pour r\u00e9duire les odeurs d\u00e9sagr\u00e9ables, un filtre anti-odeur est inclus, compl\u00e9t\u00e9 par une boucle de ventilation et un siphon d&#8217;\u00e9chappement. Cet ensemble complet garantit une gestion efficace des d\u00e9chets, en faisant un ajout vital \u00e0 votre exp\u00e9rience nautique.<\/p>\n","protected":false},"excerpt":{"rendered":"<p>R\u00e9servoir \u00e0 eaux us\u00e9es avec pompe Jabsco 12\u00a0V, mod\u00e8le plat, 35\u00a0l &#8211; Les r\u00e9servoirs en poly\u00e9thyl\u00e8ne haute densit\u00e9 pour les<\/p>\n","protected":false},"featured_media":5945399,"comment_status":"open","ping_status":"closed","template":"","meta":[],"product_brand":[2854],"product_cat":[1075],"product_tag":[],"class_list":{"0":"post-730230","1":"product","2":"type-product","3":"status-publish","4":"has-post-thumbnail","6":"product_brand-can-marine-fr","7":"product_cat-reservoirs-deaux-usees","9":"first","10":"instock","11":"shipping-taxable","12":"purchasable","13":"product-type-simple"},"_links":{"self":[{"href":"https:\/\/stoic-curie.212-227-153-4.plesk.page\/fr\/wp-json\/wp\/v2\/product\/730230","targetHints":{"allow":["GET"]}}],"collection":[{"href":"https:\/\/stoic-curie.212-227-153-4.plesk.page\/fr\/wp-json\/wp\/v2\/product"}],"about":[{"href":"https:\/\/stoic-curie.212-227-153-4.plesk.page\/fr\/wp-json\/wp\/v2\/types\/product"}],"replies":[{"embeddable":true,"href":"https:\/\/stoic-curie.212-227-153-4.plesk.page\/fr\/wp-json\/wp\/v2\/comments?post=730230"}],"version-history":[{"count":0,"href":"https:\/\/stoic-curie.212-227-153-4.plesk.page\/fr\/wp-json\/wp\/v2\/product\/730230\/revisions"}],"wp:featuredmedia":[{"embeddable":true,"href":"https:\/\/stoic-curie.212-227-153-4.plesk.page\/fr\/wp-json\/wp\/v2\/media\/5945399"}],"wp:attachment":[{"href":"https:\/\/stoic-curie.212-227-153-4.plesk.page\/fr\/wp-json\/wp\/v2\/media?parent=730230"}],"wp:term":[{"taxonomy":"product_brand","embeddable":true,"href":"https:\/\/stoic-curie.212-227-153-4.plesk.page\/fr\/wp-json\/wp\/v2\/product_brand?post=730230"},{"taxonomy":"product_cat","embeddable":true,"href":"https:\/\/stoic-curie.212-227-153-4.plesk.page\/fr\/wp-json\/wp\/v2\/product_cat?post=730230"},{"taxonomy":"product_tag","embeddable":true,"href":"https:\/\/stoic-curie.212-227-153-4.plesk.page\/fr\/wp-json\/wp\/v2\/product_tag?post=730230"}],"curies":[{"name":"wp","href":"https:\/\/api.w.org\/{rel}","templated":true}]}}