{"id":730231,"date":"2025-03-03T16:06:45","date_gmt":"2025-03-03T15:06:45","guid":{"rendered":"https:\/\/stoic-curie.212-227-153-4.plesk.page\/producto\/reservoir-a-eaux-usees-avec-pompe-jabsco-12-v-modele-plat-48-l\/"},"modified":"2026-02-24T23:08:40","modified_gmt":"2026-02-24T23:08:40","slug":"reservoir-a-eaux-usees-avec-pompe-jabsco-12-v-modele-plat-48-l","status":"publish","type":"product","link":"https:\/\/stoic-curie.212-227-153-4.plesk.page\/fr\/product\/reservoir-a-eaux-usees-avec-pompe-jabsco-12-v-modele-plat-48-l\/","title":{"rendered":"R\u00e9servoir \u00e0 eaux us\u00e9es avec pompe Jabsco 12\u00a0V, mod\u00e8le plat, 48\u00a0l"},"content":{"rendered":"<p>R\u00e9servoir \u00e0 eaux us\u00e9es avec pompe Jabsco 12\u00a0V, mod\u00e8le plat, 48\u00a0l &#8211; <\/p>\n<p>Les cuves en poly\u00e9thyl\u00e8ne haute densit\u00e9 pour eaux us\u00e9es et d\u00e9chets sont soigneusement con\u00e7ues pour offrir robustesse et efficacit\u00e9. Elles sont enti\u00e8rement \u00e9quip\u00e9es d&#8217;un syst\u00e8me de d\u00e9charge fiable r\u00e9pondant \u00e0 vos besoins en navigation. Chaque cuve est dot\u00e9e d&#8217;une pompe auto-amor\u00e7ante Jabsco 12V, reconnue pour sa fiabilit\u00e9 et ses performances exceptionnelles. Cette pompe comprend un raccord de 38 mm, garantissant une connexion s\u00e9curis\u00e9e pour une \u00e9limination efficace des d\u00e9chets.<\/p>\n<p>Pour am\u00e9liorer l&#8217;accessibilit\u00e9, chaque cuve dispose d&#8217;un a\u00e9roglisseur pratique \u00e0 10 trous, facilitant l&#8217;acc\u00e8s pour l&#8217;entretien si n\u00e9cessaire. De plus, nous proposons un raccord rotatif de tuyau \u00e0 tuyau de 38 mm, offrant de la flexibilit\u00e9 lors de votre installation. Pour encore plus d&#8217;adaptabilit\u00e9, un raccord en inox de 16 mm est \u00e9galement fourni, garantissant la compatibilit\u00e9 avec une vari\u00e9t\u00e9 de syst\u00e8mes.<\/p>\n<p>Pour vous aider \u00e0 surveiller avec pr\u00e9cision les niveaux de d\u00e9chets, nous incluons un capteur de niveau tubulaire de 240-33 Ohm, qui permet de suivre le contenu de la cuve. De plus, afin de r\u00e9duire les odeurs d\u00e9sagr\u00e9ables, un filtre anti-odeur est inclus, accompagn\u00e9 d&#8217;une boucle de ventilation et d&#8217;un siphon d&#8217;\u00e9chappement. Cet ensemble complet garantit une gestion efficace des d\u00e9chets, ce qui en fait un ajout essentiel \u00e0 votre exp\u00e9rience de navigation.<\/p>\n","protected":false},"excerpt":{"rendered":"<p>R\u00e9servoir \u00e0 eaux us\u00e9es avec pompe Jabsco 12\u00a0V, mod\u00e8le plat, 48\u00a0l &#8211; Les cuves en poly\u00e9thyl\u00e8ne haute densit\u00e9 pour eaux<\/p>\n","protected":false},"featured_media":5945399,"comment_status":"open","ping_status":"closed","template":"","meta":[],"product_brand":[2854],"product_cat":[1075,1082],"product_tag":[],"class_list":{"0":"post-730231","1":"product","2":"type-product","3":"status-publish","4":"has-post-thumbnail","6":"product_brand-can-marine-fr","7":"product_cat-reservoirs-deaux-usees","8":"product_cat-systemes-deau-grise","10":"first","11":"instock","12":"shipping-taxable","13":"purchasable","14":"product-type-simple"},"_links":{"self":[{"href":"https:\/\/stoic-curie.212-227-153-4.plesk.page\/fr\/wp-json\/wp\/v2\/product\/730231","targetHints":{"allow":["GET"]}}],"collection":[{"href":"https:\/\/stoic-curie.212-227-153-4.plesk.page\/fr\/wp-json\/wp\/v2\/product"}],"about":[{"href":"https:\/\/stoic-curie.212-227-153-4.plesk.page\/fr\/wp-json\/wp\/v2\/types\/product"}],"replies":[{"embeddable":true,"href":"https:\/\/stoic-curie.212-227-153-4.plesk.page\/fr\/wp-json\/wp\/v2\/comments?post=730231"}],"version-history":[{"count":0,"href":"https:\/\/stoic-curie.212-227-153-4.plesk.page\/fr\/wp-json\/wp\/v2\/product\/730231\/revisions"}],"wp:featuredmedia":[{"embeddable":true,"href":"https:\/\/stoic-curie.212-227-153-4.plesk.page\/fr\/wp-json\/wp\/v2\/media\/5945399"}],"wp:attachment":[{"href":"https:\/\/stoic-curie.212-227-153-4.plesk.page\/fr\/wp-json\/wp\/v2\/media?parent=730231"}],"wp:term":[{"taxonomy":"product_brand","embeddable":true,"href":"https:\/\/stoic-curie.212-227-153-4.plesk.page\/fr\/wp-json\/wp\/v2\/product_brand?post=730231"},{"taxonomy":"product_cat","embeddable":true,"href":"https:\/\/stoic-curie.212-227-153-4.plesk.page\/fr\/wp-json\/wp\/v2\/product_cat?post=730231"},{"taxonomy":"product_tag","embeddable":true,"href":"https:\/\/stoic-curie.212-227-153-4.plesk.page\/fr\/wp-json\/wp\/v2\/product_tag?post=730231"}],"curies":[{"name":"wp","href":"https:\/\/api.w.org\/{rel}","templated":true}]}}