{"id":730232,"date":"2025-03-03T16:06:46","date_gmt":"2025-03-03T15:06:46","guid":{"rendered":"https:\/\/stoic-curie.212-227-153-4.plesk.page\/producto\/reservoir-a-eaux-usees-avec-pompe-jabsco-12-v-modele-plat-61-l\/"},"modified":"2026-02-24T23:08:40","modified_gmt":"2026-02-24T23:08:40","slug":"reservoir-a-eaux-usees-avec-pompe-jabsco-12-v-modele-plat-61-l","status":"publish","type":"product","link":"https:\/\/stoic-curie.212-227-153-4.plesk.page\/fr\/product\/reservoir-a-eaux-usees-avec-pompe-jabsco-12-v-modele-plat-61-l\/","title":{"rendered":"R\u00e9servoir \u00e0 eaux us\u00e9es avec pompe Jabsco 12\u00a0V, mod\u00e8le plat, 61\u00a0l"},"content":{"rendered":"<p>R\u00e9servoir \u00e0 eaux us\u00e9es avec pompe Jabsco 12\u00a0V, mod\u00e8le plat, 61\u00a0l &#8211; <\/p>\n<p>Les r\u00e9servoirs en poly\u00e9thyl\u00e8ne haute densit\u00e9 pour les eaux us\u00e9es et les d\u00e9chets sont soigneusement con\u00e7us pour allier durabilit\u00e9 et efficacit\u00e9. Ils sont enti\u00e8rement \u00e9quip\u00e9s d&#8217;un syst\u00e8me de d\u00e9charge fiable pour r\u00e9pondre \u00e0 vos besoins en mati\u00e8re de navigation. Chaque r\u00e9servoir dispose d&#8217;une robuste pompe Jabsco auto-amor\u00e7ante de 12V, reconnue pour sa fiabilit\u00e9 et ses performances \u00e9lev\u00e9es. Cette pompe est \u00e9quip\u00e9e d&#8217;une connexion de 38 mm, garantissant un lien s\u00fbr pour une gestion efficace des d\u00e9chets.<\/p>\n<p>Pour am\u00e9liorer l&#8217;accessibilit\u00e9, chaque r\u00e9servoir est dot\u00e9 d&#8217;un hatch pratique \u00e0 10 trous, facilitant l&#8217;acc\u00e8s pour l&#8217;entretien lorsque n\u00e9cessaire. De plus, nous fournissons un connecteur rotatif de tuyau \u00e0 tuyau mesurant 38 mm, offrant une flexibilit\u00e9 dans votre installation. Pour plus de polyvalence, un connecteur en acier inoxydable de 16 mm pour tuyau \u00e0 tuyau est \u00e9galement inclus, garantissant la compatibilit\u00e9 avec divers syst\u00e8mes.<\/p>\n<p>Pour surveiller pr\u00e9cis\u00e9ment les niveaux de d\u00e9chets, nous fournissons un capteur de niveau tubulaire de 240-33 Ohm, qui aide \u00e0 suivre le contenu du r\u00e9servoir. De plus, pour att\u00e9nuer les odeurs d\u00e9sagr\u00e9ables, un filtre anti-odeur est inclus, complet avec une boucle de ventilation et un siphon d&#8217;\u00e9chappement. Ce syst\u00e8me complet garantit une gestion efficace des d\u00e9chets, en faisant une am\u00e9lioration essentielle \u00e0 votre exp\u00e9rience de navigation.<\/p>\n","protected":false},"excerpt":{"rendered":"<p>R\u00e9servoir \u00e0 eaux us\u00e9es avec pompe Jabsco 12\u00a0V, mod\u00e8le plat, 61\u00a0l &#8211; Les r\u00e9servoirs en poly\u00e9thyl\u00e8ne haute densit\u00e9 pour les<\/p>\n","protected":false},"featured_media":5945399,"comment_status":"open","ping_status":"closed","template":"","meta":[],"product_brand":[2854],"product_cat":[1075,1082],"product_tag":[],"class_list":{"0":"post-730232","1":"product","2":"type-product","3":"status-publish","4":"has-post-thumbnail","6":"product_brand-can-marine-fr","7":"product_cat-reservoirs-deaux-usees","8":"product_cat-systemes-deau-grise","10":"first","11":"instock","12":"shipping-taxable","13":"purchasable","14":"product-type-simple"},"_links":{"self":[{"href":"https:\/\/stoic-curie.212-227-153-4.plesk.page\/fr\/wp-json\/wp\/v2\/product\/730232","targetHints":{"allow":["GET"]}}],"collection":[{"href":"https:\/\/stoic-curie.212-227-153-4.plesk.page\/fr\/wp-json\/wp\/v2\/product"}],"about":[{"href":"https:\/\/stoic-curie.212-227-153-4.plesk.page\/fr\/wp-json\/wp\/v2\/types\/product"}],"replies":[{"embeddable":true,"href":"https:\/\/stoic-curie.212-227-153-4.plesk.page\/fr\/wp-json\/wp\/v2\/comments?post=730232"}],"version-history":[{"count":0,"href":"https:\/\/stoic-curie.212-227-153-4.plesk.page\/fr\/wp-json\/wp\/v2\/product\/730232\/revisions"}],"wp:featuredmedia":[{"embeddable":true,"href":"https:\/\/stoic-curie.212-227-153-4.plesk.page\/fr\/wp-json\/wp\/v2\/media\/5945399"}],"wp:attachment":[{"href":"https:\/\/stoic-curie.212-227-153-4.plesk.page\/fr\/wp-json\/wp\/v2\/media?parent=730232"}],"wp:term":[{"taxonomy":"product_brand","embeddable":true,"href":"https:\/\/stoic-curie.212-227-153-4.plesk.page\/fr\/wp-json\/wp\/v2\/product_brand?post=730232"},{"taxonomy":"product_cat","embeddable":true,"href":"https:\/\/stoic-curie.212-227-153-4.plesk.page\/fr\/wp-json\/wp\/v2\/product_cat?post=730232"},{"taxonomy":"product_tag","embeddable":true,"href":"https:\/\/stoic-curie.212-227-153-4.plesk.page\/fr\/wp-json\/wp\/v2\/product_tag?post=730232"}],"curies":[{"name":"wp","href":"https:\/\/api.w.org\/{rel}","templated":true}]}}