{"id":730236,"date":"2025-03-03T16:06:46","date_gmt":"2025-03-03T15:06:46","guid":{"rendered":"https:\/\/stoic-curie.212-227-153-4.plesk.page\/producto\/coude-anti-siphon-johnson-d-25-mm\/"},"modified":"2026-02-24T23:08:40","modified_gmt":"2026-02-24T23:08:40","slug":"coude-anti-siphon-johnson-d-25-mm","status":"publish","type":"product","link":"https:\/\/stoic-curie.212-227-153-4.plesk.page\/fr\/product\/coude-anti-siphon-johnson-d-25-mm\/","title":{"rendered":"Coude anti-siphon Johnson, D\u00a025\u00a0mm"},"content":{"rendered":"<p>Coude anti-siphon Johnson, D\u00a025\u00a0mm &#8211; <\/p>\n<p>La boucle a\u00e9r\u00e9e est disponible en 3 tailles diff\u00e9rentes. Avec sa forme en U invers\u00e9 et une ventilation en haut, elle permet \u00e0 l&#8217;air de s&#8217;\u00e9chapper. Les boucles a\u00e9r\u00e9es sont con\u00e7ues pour pr\u00e9venir le siphonnage inverse et se trouvent dans les lignes de d\u00e9charge des toilettes ou dans des syst\u00e8mes mont\u00e9s en dessous de la ligne d&#8217;eau.<\/p>\n","protected":false},"excerpt":{"rendered":"<p>Coude anti-siphon Johnson, D\u00a025\u00a0mm &#8211; La boucle a\u00e9r\u00e9e est disponible en 3 tailles diff\u00e9rentes. Avec sa forme en U invers\u00e9<\/p>\n","protected":false},"featured_media":5945402,"comment_status":"open","ping_status":"closed","template":"","meta":[],"product_brand":[2206,3044],"product_cat":[1087,1075,1096],"product_tag":[],"class_list":{"0":"post-730236","1":"product","2":"type-product","3":"status-publish","4":"has-post-thumbnail","6":"product_brand-johnson-marine","7":"product_brand-johnson-marine-fr","8":"product_cat-plomberie-en-plastique","9":"product_cat-reservoirs-deaux-usees","10":"product_cat-valves-marines","12":"first","13":"instock","14":"shipping-taxable","15":"purchasable","16":"product-type-simple"},"_links":{"self":[{"href":"https:\/\/stoic-curie.212-227-153-4.plesk.page\/fr\/wp-json\/wp\/v2\/product\/730236","targetHints":{"allow":["GET"]}}],"collection":[{"href":"https:\/\/stoic-curie.212-227-153-4.plesk.page\/fr\/wp-json\/wp\/v2\/product"}],"about":[{"href":"https:\/\/stoic-curie.212-227-153-4.plesk.page\/fr\/wp-json\/wp\/v2\/types\/product"}],"replies":[{"embeddable":true,"href":"https:\/\/stoic-curie.212-227-153-4.plesk.page\/fr\/wp-json\/wp\/v2\/comments?post=730236"}],"version-history":[{"count":0,"href":"https:\/\/stoic-curie.212-227-153-4.plesk.page\/fr\/wp-json\/wp\/v2\/product\/730236\/revisions"}],"wp:featuredmedia":[{"embeddable":true,"href":"https:\/\/stoic-curie.212-227-153-4.plesk.page\/fr\/wp-json\/wp\/v2\/media\/5945402"}],"wp:attachment":[{"href":"https:\/\/stoic-curie.212-227-153-4.plesk.page\/fr\/wp-json\/wp\/v2\/media?parent=730236"}],"wp:term":[{"taxonomy":"product_brand","embeddable":true,"href":"https:\/\/stoic-curie.212-227-153-4.plesk.page\/fr\/wp-json\/wp\/v2\/product_brand?post=730236"},{"taxonomy":"product_cat","embeddable":true,"href":"https:\/\/stoic-curie.212-227-153-4.plesk.page\/fr\/wp-json\/wp\/v2\/product_cat?post=730236"},{"taxonomy":"product_tag","embeddable":true,"href":"https:\/\/stoic-curie.212-227-153-4.plesk.page\/fr\/wp-json\/wp\/v2\/product_tag?post=730236"}],"curies":[{"name":"wp","href":"https:\/\/api.w.org\/{rel}","templated":true}]}}