{"id":730238,"date":"2025-03-03T16:06:47","date_gmt":"2025-03-03T15:06:47","guid":{"rendered":"https:\/\/stoic-curie.212-227-153-4.plesk.page\/producto\/raccord-rapide-pour-pompe-de-lavage-de-pont\/"},"modified":"2026-02-24T23:08:40","modified_gmt":"2026-02-24T23:08:40","slug":"raccord-rapide-pour-pompe-de-lavage-de-pont","status":"publish","type":"product","link":"https:\/\/stoic-curie.212-227-153-4.plesk.page\/fr\/product\/raccord-rapide-pour-pompe-de-lavage-de-pont\/","title":{"rendered":"Raccord rapide pour pompe de lavage de pont"},"content":{"rendered":"<p>Raccord rapide pour pompe de lavage de pont &#8211; <\/p>\n<p>\u00e2\u0080\u00a2 Montage encastr\u00e9<br \/>\u00e2\u0080\u00a2 Se connecte et se d\u00e9connecte sous pleine pression<br \/>\u00e2\u0080\u00a2 Double joints toriques en Viton<br \/>\u00e2\u0080\u00a2 Grande capacit\u00e9 d&#8217;\u00e9coulement<br \/>\u00e2\u0080\u00a2 Connexion de pont en acier inoxydable 316 \u00e0 filetage 1\/2&#8243; F<br \/>\u00e2\u0080\u00a2 Connexion de tuyau d&#8217;eau en Nylon 66 \u00e0 ba\u00efonnette \u00e0 filetage 3\/4&#8243; M<\/p>\n","protected":false},"excerpt":{"rendered":"<p>Raccord rapide pour pompe de lavage de pont &#8211; \u00e2\u0080\u00a2 Montage encastr\u00e9\u00e2\u0080\u00a2 Se connecte et se d\u00e9connecte sous pleine pression\u00e2\u0080\u00a2<\/p>\n","protected":false},"featured_media":5945403,"comment_status":"open","ping_status":"closed","template":"","meta":[],"product_brand":[3044],"product_cat":[1074],"product_tag":[],"class_list":{"0":"post-730238","1":"product","2":"type-product","3":"status-publish","4":"has-post-thumbnail","6":"product_brand-johnson-marine-fr","7":"product_cat-pompes-a-laver","9":"first","10":"instock","11":"shipping-taxable","12":"purchasable","13":"product-type-simple"},"_links":{"self":[{"href":"https:\/\/stoic-curie.212-227-153-4.plesk.page\/fr\/wp-json\/wp\/v2\/product\/730238","targetHints":{"allow":["GET"]}}],"collection":[{"href":"https:\/\/stoic-curie.212-227-153-4.plesk.page\/fr\/wp-json\/wp\/v2\/product"}],"about":[{"href":"https:\/\/stoic-curie.212-227-153-4.plesk.page\/fr\/wp-json\/wp\/v2\/types\/product"}],"replies":[{"embeddable":true,"href":"https:\/\/stoic-curie.212-227-153-4.plesk.page\/fr\/wp-json\/wp\/v2\/comments?post=730238"}],"version-history":[{"count":0,"href":"https:\/\/stoic-curie.212-227-153-4.plesk.page\/fr\/wp-json\/wp\/v2\/product\/730238\/revisions"}],"wp:featuredmedia":[{"embeddable":true,"href":"https:\/\/stoic-curie.212-227-153-4.plesk.page\/fr\/wp-json\/wp\/v2\/media\/5945403"}],"wp:attachment":[{"href":"https:\/\/stoic-curie.212-227-153-4.plesk.page\/fr\/wp-json\/wp\/v2\/media?parent=730238"}],"wp:term":[{"taxonomy":"product_brand","embeddable":true,"href":"https:\/\/stoic-curie.212-227-153-4.plesk.page\/fr\/wp-json\/wp\/v2\/product_brand?post=730238"},{"taxonomy":"product_cat","embeddable":true,"href":"https:\/\/stoic-curie.212-227-153-4.plesk.page\/fr\/wp-json\/wp\/v2\/product_cat?post=730238"},{"taxonomy":"product_tag","embeddable":true,"href":"https:\/\/stoic-curie.212-227-153-4.plesk.page\/fr\/wp-json\/wp\/v2\/product_tag?post=730238"}],"curies":[{"name":"wp","href":"https:\/\/api.w.org\/{rel}","templated":true}]}}