{"id":730239,"date":"2025-03-03T16:06:47","date_gmt":"2025-03-03T15:06:47","guid":{"rendered":"https:\/\/stoic-curie.212-227-153-4.plesk.page\/producto\/reservoir-a-eau-can-sb-280-l-gauche\/"},"modified":"2026-02-24T23:08:40","modified_gmt":"2026-02-24T23:08:40","slug":"reservoir-a-eau-can-sb-280-l-gauche","status":"publish","type":"product","link":"https:\/\/stoic-curie.212-227-153-4.plesk.page\/fr\/product\/reservoir-a-eau-can-sb-280-l-gauche\/","title":{"rendered":"R\u00e9servoir \u00e0 eau CAN-SB, 280\u00a0l (gauche)"},"content":{"rendered":"<p>R\u00e9servoir \u00e0 eau CAN-SB, 280\u00a0l (gauche) &#8211; <\/p>\n<p style=\"color: rgb(34, 34, 34); font-family: Arial, Helvetica, sans-serif; font-size: small;\">Nous vous pr\u00e9sentons le r\u00e9servoir d&#8217;eau CAN-SB 280 lt (GAUCHE). Ce r\u00e9servoir est con\u00e7u pour le stockage d&#8217;eau douce et d&#8217;eau grise. Il dispose d&#8217;un double panneau, d&#8217;un tube plongeant et d&#8217;un connecteur pivotant de 38 mm. Fabriqu\u00e9 en poly\u00e9thyl\u00e8ne haute densit\u00e9, ces r\u00e9servoirs sont id\u00e9aux pour contenir de l&#8217;eau douce, de l&#8217;eau sal\u00e9e, de l&#8217;eau grise et de l&#8217;eau noire. Le poly\u00e9thyl\u00e8ne est un mat\u00e9riau l\u00e9ger et non toxique, reconnu pour sa durabilit\u00e9 face aux contraintes m\u00e9caniques et chimiques.<\/p>\n<p style=\"color: rgb(34, 34, 34); font-family: Arial, Helvetica, sans-serif; font-size: small;\">Nos r\u00e9servoirs en poly\u00e9thyl\u00e8ne haute densit\u00e9 pour l&#8217;eau potable sont sp\u00e9cifiquement con\u00e7us pour stocker des aliments, de l&#8217;eau potable et pour collecter l&#8217;eau de pluie ou les eaux us\u00e9es. Con\u00e7us en poly\u00e9thyl\u00e8ne lin\u00e9aire, un mat\u00e9riau s\u00fbr et non toxique, ces r\u00e9servoirs respectent toutes les r\u00e9glementations et directives en vigueur. Le processus de moulage par rotation, associ\u00e9 \u00e0 l&#8217;utilisation de poly\u00e9thyl\u00e8ne lin\u00e9aire haute densit\u00e9, garantit une r\u00e9sistance exceptionnelle aux chocs, une protection contre l&#8217;exposition chimique et une durabilit\u00e9 par temps extr\u00eame, conditions m\u00e9t\u00e9orologiques s\u00e9v\u00e8res et rayons UV.<\/p>\n","protected":false},"excerpt":{"rendered":"<p>R\u00e9servoir \u00e0 eau CAN-SB, 280\u00a0l (gauche) &#8211; Nous vous pr\u00e9sentons le r\u00e9servoir d&#8217;eau CAN-SB 280 lt (GAUCHE). Ce r\u00e9servoir est<\/p>\n","protected":false},"featured_media":5941044,"comment_status":"open","ping_status":"closed","template":"","meta":[],"product_brand":[2854],"product_cat":[1090],"product_tag":[],"class_list":{"0":"post-730239","1":"product","2":"type-product","3":"status-publish","4":"has-post-thumbnail","6":"product_brand-can-marine-fr","7":"product_cat-reservoirs-deau","9":"first","10":"instock","11":"shipping-taxable","12":"purchasable","13":"product-type-simple"},"_links":{"self":[{"href":"https:\/\/stoic-curie.212-227-153-4.plesk.page\/fr\/wp-json\/wp\/v2\/product\/730239","targetHints":{"allow":["GET"]}}],"collection":[{"href":"https:\/\/stoic-curie.212-227-153-4.plesk.page\/fr\/wp-json\/wp\/v2\/product"}],"about":[{"href":"https:\/\/stoic-curie.212-227-153-4.plesk.page\/fr\/wp-json\/wp\/v2\/types\/product"}],"replies":[{"embeddable":true,"href":"https:\/\/stoic-curie.212-227-153-4.plesk.page\/fr\/wp-json\/wp\/v2\/comments?post=730239"}],"version-history":[{"count":0,"href":"https:\/\/stoic-curie.212-227-153-4.plesk.page\/fr\/wp-json\/wp\/v2\/product\/730239\/revisions"}],"wp:featuredmedia":[{"embeddable":true,"href":"https:\/\/stoic-curie.212-227-153-4.plesk.page\/fr\/wp-json\/wp\/v2\/media\/5941044"}],"wp:attachment":[{"href":"https:\/\/stoic-curie.212-227-153-4.plesk.page\/fr\/wp-json\/wp\/v2\/media?parent=730239"}],"wp:term":[{"taxonomy":"product_brand","embeddable":true,"href":"https:\/\/stoic-curie.212-227-153-4.plesk.page\/fr\/wp-json\/wp\/v2\/product_brand?post=730239"},{"taxonomy":"product_cat","embeddable":true,"href":"https:\/\/stoic-curie.212-227-153-4.plesk.page\/fr\/wp-json\/wp\/v2\/product_cat?post=730239"},{"taxonomy":"product_tag","embeddable":true,"href":"https:\/\/stoic-curie.212-227-153-4.plesk.page\/fr\/wp-json\/wp\/v2\/product_tag?post=730239"}],"curies":[{"name":"wp","href":"https:\/\/api.w.org\/{rel}","templated":true}]}}