{"id":730240,"date":"2025-03-03T16:06:47","date_gmt":"2025-03-03T15:06:47","guid":{"rendered":"https:\/\/stoic-curie.212-227-153-4.plesk.page\/producto\/vanne-a-boisseau-spherique-en-bronze-d-11-2-38-mm\/"},"modified":"2026-02-24T23:08:40","modified_gmt":"2026-02-24T23:08:40","slug":"vanne-a-boisseau-spherique-en-bronze-d-11-2-38-mm","status":"publish","type":"product","link":"https:\/\/stoic-curie.212-227-153-4.plesk.page\/fr\/product\/vanne-a-boisseau-spherique-en-bronze-d-11-2-38-mm\/","title":{"rendered":"Vanne \u00e0 boisseau sph\u00e9rique en bronze, D\u00a01\u2019\u20191\/2 (38\u00a0mm)"},"content":{"rendered":"<p>Vanne \u00e0 boisseau sph\u00e9rique en bronze, D\u00a01\u2019\u20191\/2 (38\u00a0mm) &#8211; <\/p>\n<p>Vanne \u00e0 boule en bronze \u00e0 \u00e9coulement int\u00e9gral avec une poign\u00e9e en acier inoxydable. Certifi\u00e9 RINa.<\/p>\n","protected":false},"excerpt":{"rendered":"<p>Vanne \u00e0 boisseau sph\u00e9rique en bronze, D\u00a01\u2019\u20191\/2 (38\u00a0mm) &#8211; Vanne \u00e0 boule en bronze \u00e0 \u00e9coulement int\u00e9gral avec une poign\u00e9e<\/p>\n","protected":false},"featured_media":5941479,"comment_status":"open","ping_status":"closed","template":"","meta":[],"product_brand":[2994],"product_cat":[1095,1096],"product_tag":[],"class_list":{"0":"post-730240","1":"product","2":"type-product","3":"status-publish","4":"has-post-thumbnail","6":"product_brand-guidi-marine-fr","7":"product_cat-plomberie-en-bronze","8":"product_cat-valves-marines","10":"first","11":"instock","12":"shipping-taxable","13":"purchasable","14":"product-type-simple"},"_links":{"self":[{"href":"https:\/\/stoic-curie.212-227-153-4.plesk.page\/fr\/wp-json\/wp\/v2\/product\/730240","targetHints":{"allow":["GET"]}}],"collection":[{"href":"https:\/\/stoic-curie.212-227-153-4.plesk.page\/fr\/wp-json\/wp\/v2\/product"}],"about":[{"href":"https:\/\/stoic-curie.212-227-153-4.plesk.page\/fr\/wp-json\/wp\/v2\/types\/product"}],"replies":[{"embeddable":true,"href":"https:\/\/stoic-curie.212-227-153-4.plesk.page\/fr\/wp-json\/wp\/v2\/comments?post=730240"}],"version-history":[{"count":0,"href":"https:\/\/stoic-curie.212-227-153-4.plesk.page\/fr\/wp-json\/wp\/v2\/product\/730240\/revisions"}],"wp:featuredmedia":[{"embeddable":true,"href":"https:\/\/stoic-curie.212-227-153-4.plesk.page\/fr\/wp-json\/wp\/v2\/media\/5941479"}],"wp:attachment":[{"href":"https:\/\/stoic-curie.212-227-153-4.plesk.page\/fr\/wp-json\/wp\/v2\/media?parent=730240"}],"wp:term":[{"taxonomy":"product_brand","embeddable":true,"href":"https:\/\/stoic-curie.212-227-153-4.plesk.page\/fr\/wp-json\/wp\/v2\/product_brand?post=730240"},{"taxonomy":"product_cat","embeddable":true,"href":"https:\/\/stoic-curie.212-227-153-4.plesk.page\/fr\/wp-json\/wp\/v2\/product_cat?post=730240"},{"taxonomy":"product_tag","embeddable":true,"href":"https:\/\/stoic-curie.212-227-153-4.plesk.page\/fr\/wp-json\/wp\/v2\/product_tag?post=730240"}],"curies":[{"name":"wp","href":"https:\/\/api.w.org\/{rel}","templated":true}]}}