{"id":730252,"date":"2025-03-03T16:06:49","date_gmt":"2025-03-03T15:06:49","guid":{"rendered":"https:\/\/stoic-curie.212-227-153-4.plesk.page\/producto\/pompe-de-cale-johnson-24-v-140-l-min\/"},"modified":"2026-02-24T23:08:40","modified_gmt":"2026-02-24T23:08:40","slug":"pompe-de-cale-johnson-24-v-140-l-min","status":"publish","type":"product","link":"https:\/\/stoic-curie.212-227-153-4.plesk.page\/fr\/product\/pompe-de-cale-johnson-24-v-140-l-min\/","title":{"rendered":"Pompe de cale Johnson, 24\u00a0V, 140\u00a0l\/min"},"content":{"rendered":"<p>Pompe de cale Johnson, 24\u00a0V, 140\u00a0l\/min &#8211; <\/p>\n<p>Pompes de cale submersibles Johnson Heavy Duty d&#8217;une grande capacit\u00e9 et d&#8217;une longue dur\u00e9e de vie. Con\u00e7ues et fabriqu\u00e9es avec des mat\u00e9riaux de haute fiabilit\u00e9 et de longue dur\u00e9e.<\/p>\n","protected":false},"excerpt":{"rendered":"<p>Pompe de cale Johnson, 24\u00a0V, 140\u00a0l\/min &#8211; Pompes de cale submersibles Johnson Heavy Duty d&#8217;une grande capacit\u00e9 et d&#8217;une longue<\/p>\n","protected":false},"featured_media":5945412,"comment_status":"open","ping_status":"closed","template":"","meta":[],"product_brand":[3044],"product_cat":[1085],"product_tag":[],"class_list":{"0":"post-730252","1":"product","2":"type-product","3":"status-publish","4":"has-post-thumbnail","6":"product_brand-johnson-marine-fr","7":"product_cat-pompes-de-cale-electriques","9":"first","10":"instock","11":"shipping-taxable","12":"purchasable","13":"product-type-simple"},"_links":{"self":[{"href":"https:\/\/stoic-curie.212-227-153-4.plesk.page\/fr\/wp-json\/wp\/v2\/product\/730252","targetHints":{"allow":["GET"]}}],"collection":[{"href":"https:\/\/stoic-curie.212-227-153-4.plesk.page\/fr\/wp-json\/wp\/v2\/product"}],"about":[{"href":"https:\/\/stoic-curie.212-227-153-4.plesk.page\/fr\/wp-json\/wp\/v2\/types\/product"}],"replies":[{"embeddable":true,"href":"https:\/\/stoic-curie.212-227-153-4.plesk.page\/fr\/wp-json\/wp\/v2\/comments?post=730252"}],"version-history":[{"count":0,"href":"https:\/\/stoic-curie.212-227-153-4.plesk.page\/fr\/wp-json\/wp\/v2\/product\/730252\/revisions"}],"wp:featuredmedia":[{"embeddable":true,"href":"https:\/\/stoic-curie.212-227-153-4.plesk.page\/fr\/wp-json\/wp\/v2\/media\/5945412"}],"wp:attachment":[{"href":"https:\/\/stoic-curie.212-227-153-4.plesk.page\/fr\/wp-json\/wp\/v2\/media?parent=730252"}],"wp:term":[{"taxonomy":"product_brand","embeddable":true,"href":"https:\/\/stoic-curie.212-227-153-4.plesk.page\/fr\/wp-json\/wp\/v2\/product_brand?post=730252"},{"taxonomy":"product_cat","embeddable":true,"href":"https:\/\/stoic-curie.212-227-153-4.plesk.page\/fr\/wp-json\/wp\/v2\/product_cat?post=730252"},{"taxonomy":"product_tag","embeddable":true,"href":"https:\/\/stoic-curie.212-227-153-4.plesk.page\/fr\/wp-json\/wp\/v2\/product_tag?post=730252"}],"curies":[{"name":"wp","href":"https:\/\/api.w.org\/{rel}","templated":true}]}}