{"id":730256,"date":"2025-03-03T16:06:50","date_gmt":"2025-03-03T15:06:50","guid":{"rendered":"https:\/\/stoic-curie.212-227-153-4.plesk.page\/producto\/pompe-electronique-pour-huile-et-carburant-marco-up8-re-12-24-v\/"},"modified":"2026-02-24T23:08:40","modified_gmt":"2026-02-24T23:08:40","slug":"pompe-electronique-pour-huile-et-carburant-marco-up8-re-12-24-v","status":"publish","type":"product","link":"https:\/\/stoic-curie.212-227-153-4.plesk.page\/fr\/product\/pompe-electronique-pour-huile-et-carburant-marco-up8-re-12-24-v\/","title":{"rendered":"Pompe \u00e9lectronique pour huile et carburant Marco UP8-RE, 12\/24\u00a0V"},"content":{"rendered":"<p>Pompe \u00e9lectronique pour huile et carburant Marco UP8-RE, 12\/24\u00a0V &#8211; <\/p>\n<p>Pompe \u00e0 engrenages \u00e9lectronique id\u00e9ale pour le transfert d&#8217;huile et de diesel. Panneau de contr\u00f4le int\u00e9gr\u00e9 pour inverser la direction d&#8217;\u00e9coulement et ajuster manuellement le d\u00e9bit. Le d\u00e9bit est \u00e9galement ajust\u00e9 automatiquement en fonction de la viscosit\u00e9 du liquide pour \u00e9viter la cavitation.<\/p>\n","protected":false},"excerpt":{"rendered":"<p>Pompe \u00e9lectronique pour huile et carburant Marco UP8-RE, 12\/24\u00a0V &#8211; Pompe \u00e0 engrenages \u00e9lectronique id\u00e9ale pour le transfert d&#8217;huile et<\/p>\n","protected":false},"featured_media":5945416,"comment_status":"open","ping_status":"closed","template":"","meta":[],"product_brand":[3094],"product_cat":[1213],"product_tag":[],"class_list":{"0":"post-730256","1":"product","2":"type-product","3":"status-publish","4":"has-post-thumbnail","6":"product_brand-marco-fr","7":"product_cat-pompes-pour-huile-et-carburant","9":"first","10":"instock","11":"shipping-taxable","12":"purchasable","13":"product-type-simple"},"_links":{"self":[{"href":"https:\/\/stoic-curie.212-227-153-4.plesk.page\/fr\/wp-json\/wp\/v2\/product\/730256","targetHints":{"allow":["GET"]}}],"collection":[{"href":"https:\/\/stoic-curie.212-227-153-4.plesk.page\/fr\/wp-json\/wp\/v2\/product"}],"about":[{"href":"https:\/\/stoic-curie.212-227-153-4.plesk.page\/fr\/wp-json\/wp\/v2\/types\/product"}],"replies":[{"embeddable":true,"href":"https:\/\/stoic-curie.212-227-153-4.plesk.page\/fr\/wp-json\/wp\/v2\/comments?post=730256"}],"version-history":[{"count":0,"href":"https:\/\/stoic-curie.212-227-153-4.plesk.page\/fr\/wp-json\/wp\/v2\/product\/730256\/revisions"}],"wp:featuredmedia":[{"embeddable":true,"href":"https:\/\/stoic-curie.212-227-153-4.plesk.page\/fr\/wp-json\/wp\/v2\/media\/5945416"}],"wp:attachment":[{"href":"https:\/\/stoic-curie.212-227-153-4.plesk.page\/fr\/wp-json\/wp\/v2\/media?parent=730256"}],"wp:term":[{"taxonomy":"product_brand","embeddable":true,"href":"https:\/\/stoic-curie.212-227-153-4.plesk.page\/fr\/wp-json\/wp\/v2\/product_brand?post=730256"},{"taxonomy":"product_cat","embeddable":true,"href":"https:\/\/stoic-curie.212-227-153-4.plesk.page\/fr\/wp-json\/wp\/v2\/product_cat?post=730256"},{"taxonomy":"product_tag","embeddable":true,"href":"https:\/\/stoic-curie.212-227-153-4.plesk.page\/fr\/wp-json\/wp\/v2\/product_tag?post=730256"}],"curies":[{"name":"wp","href":"https:\/\/api.w.org\/{rel}","templated":true}]}}