{"id":730257,"date":"2025-03-03T16:06:50","date_gmt":"2025-03-03T15:06:50","guid":{"rendered":"https:\/\/stoic-curie.212-227-153-4.plesk.page\/producto\/pompe-a-eau-marco-up6-e-12-24-v-26-l-min\/"},"modified":"2026-02-24T23:08:40","modified_gmt":"2026-02-24T23:08:40","slug":"pompe-a-eau-marco-up6-e-12-24-v-26-l-min","status":"publish","type":"product","link":"https:\/\/stoic-curie.212-227-153-4.plesk.page\/fr\/product\/pompe-a-eau-marco-up6-e-12-24-v-26-l-min\/","title":{"rendered":"Pompe \u00e0 eau Marco UP6\/E, 12\/24\u00a0V, 26\u00a0l\/min"},"content":{"rendered":"<p>Pompe \u00e0 eau Marco UP6\/E, 12\/24\u00a0V, 26\u00a0l\/min &#8211; <\/p>\n<p>Pompes \u00e0 pression d&#8217;eau douce \u00e0 contr\u00f4le \u00e9lectronique Marco, compl\u00e8tes avec clapet anti-retour. Le contr\u00f4le \u00e9lectronique garantit : l&#8217;optimisation de la consommation \u00e9lectrique, le contr\u00f4le constant de la pression sans besoin de r\u00e9servoir accumulateur, un arr\u00eat automatique en cas de manque de liquide et une usure r\u00e9duite des composants, ce qui augmente la dur\u00e9e de vie du syst\u00e8me. Convient aussi bien pour l&#8217;eau douce que pour l&#8217;eau sal\u00e9e. Alimentation universelle 12\/24V.<\/p>\n","protected":false},"excerpt":{"rendered":"<p>Pompe \u00e0 eau Marco UP6\/E, 12\/24\u00a0V, 26\u00a0l\/min &#8211; Pompes \u00e0 pression d&#8217;eau douce \u00e0 contr\u00f4le \u00e9lectronique Marco, compl\u00e8tes avec clapet<\/p>\n","protected":false},"featured_media":5945417,"comment_status":"open","ping_status":"closed","template":"","meta":[],"product_brand":[3094],"product_cat":[1086],"product_tag":[],"class_list":{"0":"post-730257","1":"product","2":"type-product","3":"status-publish","4":"has-post-thumbnail","6":"product_brand-marco-fr","7":"product_cat-pompes-a-pression-deau","9":"first","10":"instock","11":"shipping-taxable","12":"purchasable","13":"product-type-simple"},"_links":{"self":[{"href":"https:\/\/stoic-curie.212-227-153-4.plesk.page\/fr\/wp-json\/wp\/v2\/product\/730257","targetHints":{"allow":["GET"]}}],"collection":[{"href":"https:\/\/stoic-curie.212-227-153-4.plesk.page\/fr\/wp-json\/wp\/v2\/product"}],"about":[{"href":"https:\/\/stoic-curie.212-227-153-4.plesk.page\/fr\/wp-json\/wp\/v2\/types\/product"}],"replies":[{"embeddable":true,"href":"https:\/\/stoic-curie.212-227-153-4.plesk.page\/fr\/wp-json\/wp\/v2\/comments?post=730257"}],"version-history":[{"count":0,"href":"https:\/\/stoic-curie.212-227-153-4.plesk.page\/fr\/wp-json\/wp\/v2\/product\/730257\/revisions"}],"wp:featuredmedia":[{"embeddable":true,"href":"https:\/\/stoic-curie.212-227-153-4.plesk.page\/fr\/wp-json\/wp\/v2\/media\/5945417"}],"wp:attachment":[{"href":"https:\/\/stoic-curie.212-227-153-4.plesk.page\/fr\/wp-json\/wp\/v2\/media?parent=730257"}],"wp:term":[{"taxonomy":"product_brand","embeddable":true,"href":"https:\/\/stoic-curie.212-227-153-4.plesk.page\/fr\/wp-json\/wp\/v2\/product_brand?post=730257"},{"taxonomy":"product_cat","embeddable":true,"href":"https:\/\/stoic-curie.212-227-153-4.plesk.page\/fr\/wp-json\/wp\/v2\/product_cat?post=730257"},{"taxonomy":"product_tag","embeddable":true,"href":"https:\/\/stoic-curie.212-227-153-4.plesk.page\/fr\/wp-json\/wp\/v2\/product_tag?post=730257"}],"curies":[{"name":"wp","href":"https:\/\/api.w.org\/{rel}","templated":true}]}}