{"id":730258,"date":"2025-03-03T16:06:50","date_gmt":"2025-03-03T15:06:50","guid":{"rendered":"https:\/\/stoic-curie.212-227-153-4.plesk.page\/producto\/pompe-a-eau-marco-up12-e-12-24-v-36-l-min\/"},"modified":"2026-02-24T23:08:40","modified_gmt":"2026-02-24T23:08:40","slug":"pompe-a-eau-marco-up12-e-12-24-v-36-l-min","status":"publish","type":"product","link":"https:\/\/stoic-curie.212-227-153-4.plesk.page\/fr\/product\/pompe-a-eau-marco-up12-e-12-24-v-36-l-min\/","title":{"rendered":"Pompe \u00e0 eau Marco UP12\/E, 12\/24\u00a0V, 36\u00a0l\/min"},"content":{"rendered":"<p>Pompe \u00e0 eau Marco UP12\/E, 12\/24\u00a0V, 36\u00a0l\/min &#8211; <\/p>\n<p>Pompes \u00e0 pression d&#8217;eau douce Marco avec contr\u00f4le \u00e9lectronique et clapet anti-retour. Le contr\u00f4le \u00e9lectronique garantit : l&#8217;optimisation de la consommation \u00e9lectrique, un contr\u00f4le constant de la pression sans besoin de r\u00e9servoir d&#8217;accumulateur, un arr\u00eat automatique en cas de manque de liquide et une usure r\u00e9duite des composants, ce qui prolonge la dur\u00e9e de vie du syst\u00e8me. Convient pour l&#8217;eau douce et sal\u00e9e. Alimentation universelle 12\/24V.<\/p>\n","protected":false},"excerpt":{"rendered":"<p>Pompe \u00e0 eau Marco UP12\/E, 12\/24\u00a0V, 36\u00a0l\/min &#8211; Pompes \u00e0 pression d&#8217;eau douce Marco avec contr\u00f4le \u00e9lectronique et clapet anti-retour.<\/p>\n","protected":false},"featured_media":5945417,"comment_status":"open","ping_status":"closed","template":"","meta":[],"product_brand":[3094],"product_cat":[1086],"product_tag":[],"class_list":{"0":"post-730258","1":"product","2":"type-product","3":"status-publish","4":"has-post-thumbnail","6":"product_brand-marco-fr","7":"product_cat-pompes-a-pression-deau","9":"first","10":"instock","11":"shipping-taxable","12":"purchasable","13":"product-type-simple"},"_links":{"self":[{"href":"https:\/\/stoic-curie.212-227-153-4.plesk.page\/fr\/wp-json\/wp\/v2\/product\/730258","targetHints":{"allow":["GET"]}}],"collection":[{"href":"https:\/\/stoic-curie.212-227-153-4.plesk.page\/fr\/wp-json\/wp\/v2\/product"}],"about":[{"href":"https:\/\/stoic-curie.212-227-153-4.plesk.page\/fr\/wp-json\/wp\/v2\/types\/product"}],"replies":[{"embeddable":true,"href":"https:\/\/stoic-curie.212-227-153-4.plesk.page\/fr\/wp-json\/wp\/v2\/comments?post=730258"}],"version-history":[{"count":0,"href":"https:\/\/stoic-curie.212-227-153-4.plesk.page\/fr\/wp-json\/wp\/v2\/product\/730258\/revisions"}],"wp:featuredmedia":[{"embeddable":true,"href":"https:\/\/stoic-curie.212-227-153-4.plesk.page\/fr\/wp-json\/wp\/v2\/media\/5945417"}],"wp:attachment":[{"href":"https:\/\/stoic-curie.212-227-153-4.plesk.page\/fr\/wp-json\/wp\/v2\/media?parent=730258"}],"wp:term":[{"taxonomy":"product_brand","embeddable":true,"href":"https:\/\/stoic-curie.212-227-153-4.plesk.page\/fr\/wp-json\/wp\/v2\/product_brand?post=730258"},{"taxonomy":"product_cat","embeddable":true,"href":"https:\/\/stoic-curie.212-227-153-4.plesk.page\/fr\/wp-json\/wp\/v2\/product_cat?post=730258"},{"taxonomy":"product_tag","embeddable":true,"href":"https:\/\/stoic-curie.212-227-153-4.plesk.page\/fr\/wp-json\/wp\/v2\/product_tag?post=730258"}],"curies":[{"name":"wp","href":"https:\/\/api.w.org\/{rel}","templated":true}]}}