{"id":730259,"date":"2025-03-03T16:06:50","date_gmt":"2025-03-03T15:06:50","guid":{"rendered":"https:\/\/stoic-curie.212-227-153-4.plesk.page\/producto\/pompe-a-eau-marco-up14-e-12-24-v-46-l-min\/"},"modified":"2026-02-24T23:08:40","modified_gmt":"2026-02-24T23:08:40","slug":"pompe-a-eau-marco-up14-e-12-24-v-46-l-min","status":"publish","type":"product","link":"https:\/\/stoic-curie.212-227-153-4.plesk.page\/fr\/product\/pompe-a-eau-marco-up14-e-12-24-v-46-l-min\/","title":{"rendered":"Pompe \u00e0 eau Marco UP14\/E"},"content":{"rendered":"<p>Pompe \u00e0 eau Marco UP14\/E &#8211; <\/p>\n<p style=\"color: rgb(34, 34, 34); font-family: Arial, Helvetica, sans-serif; font-size: small;\"><strong>MARCO UP14\/E &#8211; Pompe \u00e0 pression d&#8217;eau \u00e9lectronique<\/strong><br \/><strong>D\u00e9bit :<\/strong> 12,2 GPM<br \/><strong>Pression :<\/strong> 36,3 psi<br \/><strong>Tension :<\/strong> 12\/24V<br \/><strong>Panneau de contr\u00f4le :<\/strong> PCS<\/p>\n<p style=\"color: rgb(34, 34, 34); font-family: Arial, Helvetica, sans-serif; font-size: small;\">La pompe MARCO UP14\/E est une pompe \u00e9lectrique auto-amor\u00e7ante con\u00e7ue pour une efficacit\u00e9 \u00e9lev\u00e9e et des performances fiables. Elle est \u00e9quip\u00e9e de robustes engrenages h\u00e9lico\u00efdaux en PEEK, d&#8217;une soupape anti-retour int\u00e9gr\u00e9e et de commandes \u00e9lectroniques pour garantir une fonctionnalit\u00e9 optimale. Le corps de la pompe, en laiton plaqu\u00e9 nickel, associ\u00e9 \u00e0 son arbre en acier inoxydable, assure la durabilit\u00e9 et la r\u00e9sistance \u00e0 la corrosion.<\/p>\n<p style=\"color: rgb(34, 34, 34); font-family: Arial, Helvetica, sans-serif; font-size: small;\">Cette pompe \u00e0 pression d&#8217;eau douce \u00e9lectronique est parfaite pour une large gamme d&#8217;utilisations, telles que les syst\u00e8mes de pression et les kits de douche sur les bateaux, les canots gonflables, les yachts de voile et les v\u00e9hicules r\u00e9cr\u00e9atifs. Le panneau de contr\u00f4le PCS fourni permet la surveillance et l&#8217;interaction \u00e0 distance avec la pompe.<\/p>\n<p style=\"color: rgb(34, 34, 34); font-family: Arial, Helvetica, sans-serif; font-size: small;\">Parmi les avantages notables du syst\u00e8me de contr\u00f4le \u00e9lectronique figurent :<\/p>\n<ul style=\"color: rgb(34, 34, 34); font-family: Arial, Helvetica, sans-serif; font-size: small;\">\n<li>Consommation \u00e9lectrique r\u00e9duite<\/li>\n<li>R\u00e9gulation de pression constante sans n\u00e9cessiter de r\u00e9servoir d&#8217;accumulateur<\/li>\n<li>Fonction d&#8217;arr\u00eat automatique en l&#8217;absence de liquide<\/li>\n<li>Usure r\u00e9duite des composants, prolongeant ainsi la dur\u00e9e de vie de la pompe<\/li>\n<\/ul>\n<p style=\"color: rgb(34, 34, 34); font-family: Arial, Helvetica, sans-serif; font-size: small;\">La pompe est con\u00e7ue pour des applications en eau douce et sal\u00e9e et fonctionne sur une alimentation \u00e9lectrique polyvalente de 12\/24V.<\/p>\n<p style=\"color: rgb(34, 34, 34); font-family: Arial, Helvetica, sans-serif; font-size: small;\"><strong>Applications :<\/strong><\/p>\n<ul style=\"color: rgb(34, 34, 34); font-family: Arial, Helvetica, sans-serif; font-size: small;\">\n<li>Industriel<\/li>\n<li>Automobile<\/li>\n<li>Marin<\/li>\n<li>Syst\u00e8mes de pression d&#8217;eau douce et kits de douche pour bateaux, canots gonflables, yachts de voile et v\u00e9hicules r\u00e9cr\u00e9atifs<\/li>\n<\/ul>\n<p style=\"color: rgb(34, 34, 34); font-family: Arial, Helvetica, sans-serif; font-size: small;\"><strong>Caract\u00e9ristiques :<\/strong><\/p>\n<ul style=\"color: rgb(34, 34, 34); font-family: Arial, Helvetica, sans-serif; font-size: small;\">\n<li>Tension : 12\/24V<\/li>\n<li>Intensit\u00e9 : 18A\/9A<\/li>\n<li>Protection de fusible : 30A<\/li>\n<li>Hauteur d&#8217;auto-amor\u00e7age : 9,8 ft<\/li>\n<li>D\u00e9bit : 12,2 GPM<\/li>\n<li>Pression : 36,3 psi<\/li>\n<li>Raccords : 3\/4&#8243; BSPP<\/li>\n<li>Diam\u00e8tre int\u00e9rieur du tuyau : 3\/4 in<\/li>\n<li>Indice de protection IP : 67<\/li>\n<li>Puissance du moteur : 400W<\/li>\n<li>Poids : 11,5 lb<\/li>\n<\/ul>\n<p style=\"color: rgb(34, 34, 34); font-family: Arial, Helvetica, sans-serif; font-size: small;\"><strong>Dimensions :<\/strong><\/p>\n<ul style=\"color: rgb(34, 34, 34); font-family: Arial, Helvetica, sans-serif; font-size: small;\">\n<li>Longueur : 8,8 in (22 cm)<\/li>\n<li>Hauteur : 10,3 in (26 cm)<\/li>\n<li>Largeur : 4,6 in (11 cm)<\/li>\n<\/ul>\n","protected":false},"excerpt":{"rendered":"<p>Pompe \u00e0 eau Marco UP14\/E &#8211; MARCO UP14\/E &#8211; Pompe \u00e0 pression d&#8217;eau \u00e9lectroniqueD\u00e9bit : 12,2 GPMPression : 36,3 psiTension<\/p>\n","protected":false},"featured_media":5945419,"comment_status":"open","ping_status":"closed","template":"","meta":[],"product_brand":[3094],"product_cat":[1086],"product_tag":[],"class_list":{"0":"post-730259","1":"product","2":"type-product","3":"status-publish","4":"has-post-thumbnail","6":"product_brand-marco-fr","7":"product_cat-pompes-a-pression-deau","9":"first","10":"instock","11":"shipping-taxable","12":"purchasable","13":"product-type-simple"},"_links":{"self":[{"href":"https:\/\/stoic-curie.212-227-153-4.plesk.page\/fr\/wp-json\/wp\/v2\/product\/730259","targetHints":{"allow":["GET"]}}],"collection":[{"href":"https:\/\/stoic-curie.212-227-153-4.plesk.page\/fr\/wp-json\/wp\/v2\/product"}],"about":[{"href":"https:\/\/stoic-curie.212-227-153-4.plesk.page\/fr\/wp-json\/wp\/v2\/types\/product"}],"replies":[{"embeddable":true,"href":"https:\/\/stoic-curie.212-227-153-4.plesk.page\/fr\/wp-json\/wp\/v2\/comments?post=730259"}],"version-history":[{"count":0,"href":"https:\/\/stoic-curie.212-227-153-4.plesk.page\/fr\/wp-json\/wp\/v2\/product\/730259\/revisions"}],"wp:featuredmedia":[{"embeddable":true,"href":"https:\/\/stoic-curie.212-227-153-4.plesk.page\/fr\/wp-json\/wp\/v2\/media\/5945419"}],"wp:attachment":[{"href":"https:\/\/stoic-curie.212-227-153-4.plesk.page\/fr\/wp-json\/wp\/v2\/media?parent=730259"}],"wp:term":[{"taxonomy":"product_brand","embeddable":true,"href":"https:\/\/stoic-curie.212-227-153-4.plesk.page\/fr\/wp-json\/wp\/v2\/product_brand?post=730259"},{"taxonomy":"product_cat","embeddable":true,"href":"https:\/\/stoic-curie.212-227-153-4.plesk.page\/fr\/wp-json\/wp\/v2\/product_cat?post=730259"},{"taxonomy":"product_tag","embeddable":true,"href":"https:\/\/stoic-curie.212-227-153-4.plesk.page\/fr\/wp-json\/wp\/v2\/product_tag?post=730259"}],"curies":[{"name":"wp","href":"https:\/\/api.w.org\/{rel}","templated":true}]}}