{"id":730261,"date":"2025-03-03T16:06:50","date_gmt":"2025-03-03T15:06:50","guid":{"rendered":"https:\/\/stoic-curie.212-227-153-4.plesk.page\/producto\/pompe-a-eau-douce-electronique-marco-up66-e-dx\/"},"modified":"2026-02-24T23:08:40","modified_gmt":"2026-02-24T23:08:40","slug":"pompe-a-eau-douce-electronique-marco-up66-e-dx","status":"publish","type":"product","link":"https:\/\/stoic-curie.212-227-153-4.plesk.page\/fr\/product\/pompe-a-eau-douce-electronique-marco-up66-e-dx\/","title":{"rendered":"Pompe \u00e0 eau douce \u00e9lectronique Marco UP66\/E-DX\u00a0"},"content":{"rendered":"<p>Pompe \u00e0 eau douce \u00e9lectronique Marco UP66\/E-DX\u00a0 &#8211; <\/p>\n<p style=\"color: rgb(34, 34, 34); font-family: Arial, Helvetica, sans-serif; font-size: small;\"><strong>MARCO UP66\/E-DX &#8211; Pompe \u00c9lectronique Double &#8211; 17,4 GPM &#8211; 50,8 PSI &#8211; 24V<\/strong><\/p>\n<p style=\"color: rgb(34, 34, 34); font-family: Arial, Helvetica, sans-serif; font-size: small;\">La pompe \u00e0 eau douce \u00e0 commande \u00e9lectronique double de Marco est \u00e9quip\u00e9e d&#8217;un panneau de contr\u00f4le double PCS, permettant la surveillance \u00e0 distance et l&#8217;interaction avec la pompe. Ce syst\u00e8me de contr\u00f4le \u00e9lectronique assure une consommation \u00e9lectrique optimale, des niveaux de bruit r\u00e9duits et un contr\u00f4le constant de la pression sans n\u00e9cessiter un r\u00e9servoir accum\u00e9rateur. De plus, il dispose d&#8217;un m\u00e9canisme d&#8217;arr\u00eat automatique en l&#8217;absence de liquide, minimisant l&#8217;usure des composants et prolongeant la dur\u00e9e de vie du syst\u00e8me. Cette pompe est adapt\u00e9e \u00e0 la fois pour les applications en eau douce et en eau de mer et fonctionne sur une alimentation universelle de 12\/24V.<\/p>\n<p style=\"color: rgb(34, 34, 34); font-family: Arial, Helvetica, sans-serif; font-size: small;\">Le syst\u00e8me de pression d&#8217;eau auto-amor\u00e7ant comprend deux pompes interconnect\u00e9es, dont la vitesse du moteur est contr\u00f4l\u00e9e \u00e9lectroniquement par rapport au d\u00e9bit. Ce design entra\u00eene une consommation d&#8217;\u00e9nergie et des niveaux sonores r\u00e9duits, tout en \u00e9liminant le besoin d&#8217;un r\u00e9servoir accumulateur. Le syst\u00e8me est \u00e9galement prot\u00e9g\u00e9 contre les surcharges, et les op\u00e9rations de la pompe sont surveill\u00e9es par deux indicateurs LED, comprenant une alarme de &#8220;r\u00e9servoir vide&#8221; et un dispositif d&#8217;arr\u00eat.<\/p>\n<p style=\"color: rgb(34, 34, 34); font-family: Arial, Helvetica, sans-serif; font-size: small;\"><strong>Caract\u00e9ristiques Cl\u00e9s :<\/strong><\/p>\n<ul style=\"color: rgb(34, 34, 34); font-family: Arial, Helvetica, sans-serif; font-size: small;\">\n<li>Vitesse du moteur ajust\u00e9e selon le d\u00e9bit<\/li>\n<li>Activation retard\u00e9e de la pompe auxiliaire<\/li>\n<li>Consommation d&#8217;\u00e9nergie et bruit r\u00e9duits<\/li>\n<li>Aucun r\u00e9servoir accumulateur n\u00e9cessaire<\/li>\n<li>Protection contre les surcharges<\/li>\n<li>Op\u00e9rations de la pompe surveill\u00e9es par deux indicateurs LED<\/li>\n<li>Alerte de &#8220;r\u00e9servoir vide&#8221; et m\u00e9canisme d&#8217;arr\u00eat<\/li>\n<\/ul>\n<p style=\"color: rgb(34, 34, 34); font-family: Arial, Helvetica, sans-serif; font-size: small;\"><strong>Sp\u00e9cifications :<\/strong><\/p>\n<ul style=\"color: rgb(34, 34, 34); font-family: Arial, Helvetica, sans-serif; font-size: small;\">\n<li>Tension : 24V<\/li>\n<li>Consommation de courant : 15A<\/li>\n<li>\u00c9valuation du fusible : 25A<\/li>\n<li>Capacit\u00e9 d&#8217;auto-amor\u00e7age : 6.6 ft<\/li>\n<li>D\u00e9bit : 17.4 GPM<\/li>\n<li>Pression : 50.8 PSI<\/li>\n<li>Ports : 3\/4&#8243; BSP<\/li>\n<li>Classe de protection IP : 67<\/li>\n<li>Puissance du moteur : 180W + 360W<\/li>\n<li>Poids : 28.7 lbs<\/li>\n<\/ul>\n<p style=\"color: rgb(34, 34, 34); font-family: Arial, Helvetica, sans-serif; font-size: small;\"><strong>Dimensions :<\/strong><\/p>\n<ul style=\"color: rgb(34, 34, 34); font-family: Arial, Helvetica, sans-serif; font-size: small;\">\n<li>Longueur : 11,6 in (297 mm)<\/li>\n<li>Hauteur : 11,8 in (300 mm)<\/li>\n<li>Largeur : 10,2 in (260 mm)<\/li>\n<\/ul>\n","protected":false},"excerpt":{"rendered":"<p>Pompe \u00e0 eau douce \u00e9lectronique Marco UP66\/E-DX\u00a0 &#8211; MARCO UP66\/E-DX &#8211; Pompe \u00c9lectronique Double &#8211; 17,4 GPM &#8211; 50,8 PSI<\/p>\n","protected":false},"featured_media":5945422,"comment_status":"open","ping_status":"closed","template":"","meta":[],"product_brand":[3094],"product_cat":[1086],"product_tag":[],"class_list":{"0":"post-730261","1":"product","2":"type-product","3":"status-publish","4":"has-post-thumbnail","6":"product_brand-marco-fr","7":"product_cat-pompes-a-pression-deau","9":"first","10":"instock","11":"shipping-taxable","12":"purchasable","13":"product-type-simple"},"_links":{"self":[{"href":"https:\/\/stoic-curie.212-227-153-4.plesk.page\/fr\/wp-json\/wp\/v2\/product\/730261","targetHints":{"allow":["GET"]}}],"collection":[{"href":"https:\/\/stoic-curie.212-227-153-4.plesk.page\/fr\/wp-json\/wp\/v2\/product"}],"about":[{"href":"https:\/\/stoic-curie.212-227-153-4.plesk.page\/fr\/wp-json\/wp\/v2\/types\/product"}],"replies":[{"embeddable":true,"href":"https:\/\/stoic-curie.212-227-153-4.plesk.page\/fr\/wp-json\/wp\/v2\/comments?post=730261"}],"version-history":[{"count":0,"href":"https:\/\/stoic-curie.212-227-153-4.plesk.page\/fr\/wp-json\/wp\/v2\/product\/730261\/revisions"}],"wp:featuredmedia":[{"embeddable":true,"href":"https:\/\/stoic-curie.212-227-153-4.plesk.page\/fr\/wp-json\/wp\/v2\/media\/5945422"}],"wp:attachment":[{"href":"https:\/\/stoic-curie.212-227-153-4.plesk.page\/fr\/wp-json\/wp\/v2\/media?parent=730261"}],"wp:term":[{"taxonomy":"product_brand","embeddable":true,"href":"https:\/\/stoic-curie.212-227-153-4.plesk.page\/fr\/wp-json\/wp\/v2\/product_brand?post=730261"},{"taxonomy":"product_cat","embeddable":true,"href":"https:\/\/stoic-curie.212-227-153-4.plesk.page\/fr\/wp-json\/wp\/v2\/product_cat?post=730261"},{"taxonomy":"product_tag","embeddable":true,"href":"https:\/\/stoic-curie.212-227-153-4.plesk.page\/fr\/wp-json\/wp\/v2\/product_tag?post=730261"}],"curies":[{"name":"wp","href":"https:\/\/api.w.org\/{rel}","templated":true}]}}