{"id":730267,"date":"2025-03-03T16:06:51","date_gmt":"2025-03-03T15:06:51","guid":{"rendered":"https:\/\/stoic-curie.212-227-153-4.plesk.page\/producto\/pompe-a-eau-ancor-cze-200\/"},"modified":"2026-02-24T23:08:40","modified_gmt":"2026-02-24T23:08:40","slug":"pompe-a-eau-ancor-cze-200","status":"publish","type":"product","link":"https:\/\/stoic-curie.212-227-153-4.plesk.page\/fr\/product\/pompe-a-eau-ancor-cze-200\/","title":{"rendered":"Pompe \u00e0 eau Ancor CZE 200"},"content":{"rendered":"<p>Pompe \u00e0 eau Ancor CZE 200 &#8211; <\/p>\n<p>Cette pompe \u00e0 eau de refroidissement de haute qualit\u00e9 constitue une excellente option de remplacement pour une gamme de moteurs marins, y compris ceux de marques r\u00e9put\u00e9es telles qu&#8217;Iveco, Aifo et Perkins. Con\u00e7ue avec un corps et un impeller en bronze robuste, cette pompe garantit un fonctionnement fiable m\u00eame dans des conditions marines difficiles. Elle est sp\u00e9cifiquement compatible avec le num\u00e9ro de r\u00e9f\u00e9rence Aifo 8009841, ce qui en fait un choix id\u00e9al pour divers mod\u00e8les de moteurs. Les moteurs suivants sont parmi ceux pour lesquels cette pompe est adapt\u00e9e :<\/p>\n<ul>\n<li>Iveco 821<\/li>\n<li>Iveco 828M<\/li>\n<li>Iveco 828SRM<\/li>\n<\/ul>\n<p>Avec cette pompe, vous pouvez assurer un fonctionnement efficace et performant de votre moteur.<\/p>\n","protected":false},"excerpt":{"rendered":"<p>Pompe \u00e0 eau Ancor CZE 200 &#8211; Cette pompe \u00e0 eau de refroidissement de haute qualit\u00e9 constitue une excellente option<\/p>\n","protected":false},"featured_media":5945429,"comment_status":"open","ping_status":"closed","template":"","meta":[],"product_brand":[2779],"product_cat":[1235],"product_tag":[],"class_list":{"0":"post-730267","1":"product","2":"type-product","3":"status-publish","4":"has-post-thumbnail","6":"product_brand-ancor-marine-fr","7":"product_cat-pompes-de-refroidissement-du-moteur","9":"first","10":"instock","11":"shipping-taxable","12":"purchasable","13":"product-type-simple"},"_links":{"self":[{"href":"https:\/\/stoic-curie.212-227-153-4.plesk.page\/fr\/wp-json\/wp\/v2\/product\/730267","targetHints":{"allow":["GET"]}}],"collection":[{"href":"https:\/\/stoic-curie.212-227-153-4.plesk.page\/fr\/wp-json\/wp\/v2\/product"}],"about":[{"href":"https:\/\/stoic-curie.212-227-153-4.plesk.page\/fr\/wp-json\/wp\/v2\/types\/product"}],"replies":[{"embeddable":true,"href":"https:\/\/stoic-curie.212-227-153-4.plesk.page\/fr\/wp-json\/wp\/v2\/comments?post=730267"}],"version-history":[{"count":0,"href":"https:\/\/stoic-curie.212-227-153-4.plesk.page\/fr\/wp-json\/wp\/v2\/product\/730267\/revisions"}],"wp:featuredmedia":[{"embeddable":true,"href":"https:\/\/stoic-curie.212-227-153-4.plesk.page\/fr\/wp-json\/wp\/v2\/media\/5945429"}],"wp:attachment":[{"href":"https:\/\/stoic-curie.212-227-153-4.plesk.page\/fr\/wp-json\/wp\/v2\/media?parent=730267"}],"wp:term":[{"taxonomy":"product_brand","embeddable":true,"href":"https:\/\/stoic-curie.212-227-153-4.plesk.page\/fr\/wp-json\/wp\/v2\/product_brand?post=730267"},{"taxonomy":"product_cat","embeddable":true,"href":"https:\/\/stoic-curie.212-227-153-4.plesk.page\/fr\/wp-json\/wp\/v2\/product_cat?post=730267"},{"taxonomy":"product_tag","embeddable":true,"href":"https:\/\/stoic-curie.212-227-153-4.plesk.page\/fr\/wp-json\/wp\/v2\/product_tag?post=730267"}],"curies":[{"name":"wp","href":"https:\/\/api.w.org\/{rel}","templated":true}]}}