{"id":730278,"date":"2025-03-03T16:06:53","date_gmt":"2025-03-03T15:06:53","guid":{"rendered":"https:\/\/stoic-curie.212-227-153-4.plesk.page\/producto\/moteur-dessuie-glace-marin-w10-mtm-24-v-arbre-de-28-mm\/"},"modified":"2026-02-24T23:08:40","modified_gmt":"2026-02-24T23:08:40","slug":"moteur-dessuie-glace-marin-w10-mtm-24-v-arbre-de-28-mm","status":"publish","type":"product","link":"https:\/\/stoic-curie.212-227-153-4.plesk.page\/fr\/product\/moteur-dessuie-glace-marin-w10-mtm-24-v-arbre-de-28-mm\/","title":{"rendered":"Moteur d\u2019essuie-glace marin W10\u00a0MTM, 24\u00a0V, arbre de 28\u00a0mm"},"content":{"rendered":"<p>Moteur d\u2019essuie-glace marin W10\u00a0MTM, 24\u00a0V, arbre de 28\u00a0mm &#8211; <\/p>\n<p>Essuie-glaces pour bateaux de taille moyenne \u00e0 petite. Moteur \u00e9tanche avec un couple maximal allant jusqu&#8217;\u00e0 12 Nm. 2 vitesses : Lent 30 balayages\/minute et Rapide 45 balayages\/minute. Angle de balayage r\u00e9glable 45\u00b0- 60\u00b0- 80\u00b0- 110\u00b0 (R\u00e9glage standard 110\u00b0). Stationnement automatique \u00e0 droite. Axe standard de 13,8 mm. Doit \u00eatre compl\u00e9t\u00e9 par un bras et une lame d&#8217;essuie-glace.<\/p>\n","protected":false},"excerpt":{"rendered":"<p>Moteur d\u2019essuie-glace marin W10\u00a0MTM, 24\u00a0V, arbre de 28\u00a0mm &#8211; Essuie-glaces pour bateaux de taille moyenne \u00e0 petite. Moteur \u00e9tanche avec<\/p>\n","protected":false},"featured_media":5945438,"comment_status":"open","ping_status":"closed","template":"","meta":[],"product_brand":[3234],"product_cat":[1161],"product_tag":[],"class_list":{"0":"post-730278","1":"product","2":"type-product","3":"status-publish","4":"has-post-thumbnail","6":"product_brand-osculati-fr","7":"product_cat-essuie-glaces","9":"first","10":"instock","11":"shipping-taxable","12":"purchasable","13":"product-type-simple"},"_links":{"self":[{"href":"https:\/\/stoic-curie.212-227-153-4.plesk.page\/fr\/wp-json\/wp\/v2\/product\/730278","targetHints":{"allow":["GET"]}}],"collection":[{"href":"https:\/\/stoic-curie.212-227-153-4.plesk.page\/fr\/wp-json\/wp\/v2\/product"}],"about":[{"href":"https:\/\/stoic-curie.212-227-153-4.plesk.page\/fr\/wp-json\/wp\/v2\/types\/product"}],"replies":[{"embeddable":true,"href":"https:\/\/stoic-curie.212-227-153-4.plesk.page\/fr\/wp-json\/wp\/v2\/comments?post=730278"}],"version-history":[{"count":0,"href":"https:\/\/stoic-curie.212-227-153-4.plesk.page\/fr\/wp-json\/wp\/v2\/product\/730278\/revisions"}],"wp:featuredmedia":[{"embeddable":true,"href":"https:\/\/stoic-curie.212-227-153-4.plesk.page\/fr\/wp-json\/wp\/v2\/media\/5945438"}],"wp:attachment":[{"href":"https:\/\/stoic-curie.212-227-153-4.plesk.page\/fr\/wp-json\/wp\/v2\/media?parent=730278"}],"wp:term":[{"taxonomy":"product_brand","embeddable":true,"href":"https:\/\/stoic-curie.212-227-153-4.plesk.page\/fr\/wp-json\/wp\/v2\/product_brand?post=730278"},{"taxonomy":"product_cat","embeddable":true,"href":"https:\/\/stoic-curie.212-227-153-4.plesk.page\/fr\/wp-json\/wp\/v2\/product_cat?post=730278"},{"taxonomy":"product_tag","embeddable":true,"href":"https:\/\/stoic-curie.212-227-153-4.plesk.page\/fr\/wp-json\/wp\/v2\/product_tag?post=730278"}],"curies":[{"name":"wp","href":"https:\/\/api.w.org\/{rel}","templated":true}]}}