{"id":730280,"date":"2025-03-03T16:06:53","date_gmt":"2025-03-03T15:06:53","guid":{"rendered":"https:\/\/stoic-curie.212-227-153-4.plesk.page\/producto\/boitier-de-commande-dessuie-glace-12-v-112-x-112-mm-pour-jusqua-3-essuie-glace\/"},"modified":"2026-02-24T23:08:40","modified_gmt":"2026-02-24T23:08:40","slug":"boitier-de-commande-dessuie-glace-12-v-112-x-112-mm-pour-jusqua-3-essuie-glace","status":"publish","type":"product","link":"https:\/\/stoic-curie.212-227-153-4.plesk.page\/fr\/product\/boitier-de-commande-dessuie-glace-12-v-112-x-112-mm-pour-jusqua-3-essuie-glace\/","title":{"rendered":"Bo\u00eetier de commande d\u2019essuie-glace, 12\u00a0V, 112\u00a0x\u00a0112\u00a0mm, pour jusqu\u2019\u00e0 3\u00a0essuie-glace"},"content":{"rendered":"<p>Bo\u00eetier de commande d\u2019essuie-glace, 12\u00a0V, 112\u00a0x\u00a0112\u00a0mm, pour jusqu\u2019\u00e0 3\u00a0essuie-glace &#8211; <\/p>\n<p>Bo\u00eetier de contr\u00f4le des essuie-glaces en alliage d&#8217;aluminium. Contr\u00f4le et synchronise jusqu&#8217;\u00e0 3 moteurs d&#8217;essuie-glaces 12\/24V. Complet avec un interrupteur \u00e0 bascule.<\/p>\n","protected":false},"excerpt":{"rendered":"<p>Bo\u00eetier de commande d\u2019essuie-glace, 12\u00a0V, 112\u00a0x\u00a0112\u00a0mm, pour jusqu\u2019\u00e0 3\u00a0essuie-glace &#8211; Bo\u00eetier de contr\u00f4le des essuie-glaces en alliage d&#8217;aluminium. Contr\u00f4le et<\/p>\n","protected":false},"featured_media":5945444,"comment_status":"open","ping_status":"closed","template":"","meta":[],"product_brand":[3234],"product_cat":[1161],"product_tag":[],"class_list":{"0":"post-730280","1":"product","2":"type-product","3":"status-publish","4":"has-post-thumbnail","6":"product_brand-osculati-fr","7":"product_cat-essuie-glaces","9":"first","10":"instock","11":"shipping-taxable","12":"purchasable","13":"product-type-simple"},"_links":{"self":[{"href":"https:\/\/stoic-curie.212-227-153-4.plesk.page\/fr\/wp-json\/wp\/v2\/product\/730280","targetHints":{"allow":["GET"]}}],"collection":[{"href":"https:\/\/stoic-curie.212-227-153-4.plesk.page\/fr\/wp-json\/wp\/v2\/product"}],"about":[{"href":"https:\/\/stoic-curie.212-227-153-4.plesk.page\/fr\/wp-json\/wp\/v2\/types\/product"}],"replies":[{"embeddable":true,"href":"https:\/\/stoic-curie.212-227-153-4.plesk.page\/fr\/wp-json\/wp\/v2\/comments?post=730280"}],"version-history":[{"count":0,"href":"https:\/\/stoic-curie.212-227-153-4.plesk.page\/fr\/wp-json\/wp\/v2\/product\/730280\/revisions"}],"wp:featuredmedia":[{"embeddable":true,"href":"https:\/\/stoic-curie.212-227-153-4.plesk.page\/fr\/wp-json\/wp\/v2\/media\/5945444"}],"wp:attachment":[{"href":"https:\/\/stoic-curie.212-227-153-4.plesk.page\/fr\/wp-json\/wp\/v2\/media?parent=730280"}],"wp:term":[{"taxonomy":"product_brand","embeddable":true,"href":"https:\/\/stoic-curie.212-227-153-4.plesk.page\/fr\/wp-json\/wp\/v2\/product_brand?post=730280"},{"taxonomy":"product_cat","embeddable":true,"href":"https:\/\/stoic-curie.212-227-153-4.plesk.page\/fr\/wp-json\/wp\/v2\/product_cat?post=730280"},{"taxonomy":"product_tag","embeddable":true,"href":"https:\/\/stoic-curie.212-227-153-4.plesk.page\/fr\/wp-json\/wp\/v2\/product_tag?post=730280"}],"curies":[{"name":"wp","href":"https:\/\/api.w.org\/{rel}","templated":true}]}}