{"id":730282,"date":"2025-03-03T16:06:54","date_gmt":"2025-03-03T15:06:54","guid":{"rendered":"https:\/\/stoic-curie.212-227-153-4.plesk.page\/producto\/corne-de-brume-electrique-24-v-marco-homologuee-pour-bateaux-jusqua-20-m-460-x-200-mm\/"},"modified":"2026-02-24T23:08:40","modified_gmt":"2026-02-24T23:08:40","slug":"corne-de-brume-electrique-24-v-marco-homologuee-pour-bateaux-jusqua-20-m-460-x-200-mm","status":"publish","type":"product","link":"https:\/\/stoic-curie.212-227-153-4.plesk.page\/fr\/product\/corne-de-brume-electrique-24-v-marco-homologuee-pour-bateaux-jusqua-20-m-460-x-200-mm\/","title":{"rendered":"Corne de brume \u00e9lectrique 24\u00a0V Marco homologu\u00e9e pour bateaux jusqu\u2019\u00e0 20\u00a0m, 460\u00a0x\u00a0200\u00a0mm"},"content":{"rendered":"<p>Corne de brume \u00e9lectrique 24\u00a0V Marco homologu\u00e9e pour bateaux jusqu\u2019\u00e0 20\u00a0m, 460\u00a0x\u00a0200\u00a0mm &#8211; <\/p>\n<p>Klaxon blancs laqu\u00e9s approuv\u00e9s par R.I.Na. pour bateaux de 12 \u00e0 20 m. Livr\u00e9 complet avec compresseur \u00e0 air de 180W\/2 bar et accessoires de montage.<\/p>\n","protected":false},"excerpt":{"rendered":"<p>Corne de brume \u00e9lectrique 24\u00a0V Marco homologu\u00e9e pour bateaux jusqu\u2019\u00e0 20\u00a0m, 460\u00a0x\u00a0200\u00a0mm &#8211; Klaxon blancs laqu\u00e9s approuv\u00e9s par R.I.Na. pour<\/p>\n","protected":false},"featured_media":5945446,"comment_status":"open","ping_status":"closed","template":"","meta":[],"product_brand":[3094],"product_cat":[1173],"product_tag":[],"class_list":{"0":"post-730282","1":"product","2":"type-product","3":"status-publish","4":"has-post-thumbnail","6":"product_brand-marco-fr","7":"product_cat-cornes","9":"first","10":"instock","11":"shipping-taxable","12":"purchasable","13":"product-type-simple"},"_links":{"self":[{"href":"https:\/\/stoic-curie.212-227-153-4.plesk.page\/fr\/wp-json\/wp\/v2\/product\/730282","targetHints":{"allow":["GET"]}}],"collection":[{"href":"https:\/\/stoic-curie.212-227-153-4.plesk.page\/fr\/wp-json\/wp\/v2\/product"}],"about":[{"href":"https:\/\/stoic-curie.212-227-153-4.plesk.page\/fr\/wp-json\/wp\/v2\/types\/product"}],"replies":[{"embeddable":true,"href":"https:\/\/stoic-curie.212-227-153-4.plesk.page\/fr\/wp-json\/wp\/v2\/comments?post=730282"}],"version-history":[{"count":0,"href":"https:\/\/stoic-curie.212-227-153-4.plesk.page\/fr\/wp-json\/wp\/v2\/product\/730282\/revisions"}],"wp:featuredmedia":[{"embeddable":true,"href":"https:\/\/stoic-curie.212-227-153-4.plesk.page\/fr\/wp-json\/wp\/v2\/media\/5945446"}],"wp:attachment":[{"href":"https:\/\/stoic-curie.212-227-153-4.plesk.page\/fr\/wp-json\/wp\/v2\/media?parent=730282"}],"wp:term":[{"taxonomy":"product_brand","embeddable":true,"href":"https:\/\/stoic-curie.212-227-153-4.plesk.page\/fr\/wp-json\/wp\/v2\/product_brand?post=730282"},{"taxonomy":"product_cat","embeddable":true,"href":"https:\/\/stoic-curie.212-227-153-4.plesk.page\/fr\/wp-json\/wp\/v2\/product_cat?post=730282"},{"taxonomy":"product_tag","embeddable":true,"href":"https:\/\/stoic-curie.212-227-153-4.plesk.page\/fr\/wp-json\/wp\/v2\/product_tag?post=730282"}],"curies":[{"name":"wp","href":"https:\/\/api.w.org\/{rel}","templated":true}]}}