{"id":730283,"date":"2025-03-03T16:06:54","date_gmt":"2025-03-03T15:06:54","guid":{"rendered":"https:\/\/stoic-curie.212-227-153-4.plesk.page\/producto\/avertisseur-sonore-electrique-marco-ehm-sans-micro-12-v\/"},"modified":"2026-02-24T23:08:40","modified_gmt":"2026-02-24T23:08:40","slug":"avertisseur-sonore-electrique-marco-ehm-sans-micro-12-v","status":"publish","type":"product","link":"https:\/\/stoic-curie.212-227-153-4.plesk.page\/fr\/product\/avertisseur-sonore-electrique-marco-ehm-sans-micro-12-v\/","title":{"rendered":"Avertisseur sonore \u00e9lectrique Marco EHM sans micro, 12\u00a0V"},"content":{"rendered":"<p>Avertisseur sonore \u00e9lectrique Marco EHM sans micro, 12\u00a0V &#8211; <\/p>\n<p> Sifflet \u00e9lectrique complet avec haut-parleur \u00e9tanche IP66, support en acier inoxydable AISI 316, carte \u00e9lectronique et signal de brouillard automatique. La version 1901812 est \u00e9galement dot\u00e9e d&#8217;une entr\u00e9e VHF et d&#8217;un microphone.<\/p>\n","protected":false},"excerpt":{"rendered":"<p>Avertisseur sonore \u00e9lectrique Marco EHM sans micro, 12\u00a0V &#8211; Sifflet \u00e9lectrique complet avec haut-parleur \u00e9tanche IP66, support en acier inoxydable<\/p>\n","protected":false},"featured_media":5945447,"comment_status":"open","ping_status":"closed","template":"","meta":[],"product_brand":[3094],"product_cat":[1173,1202],"product_tag":[],"class_list":{"0":"post-730283","1":"product","2":"type-product","3":"status-publish","4":"has-post-thumbnail","6":"product_brand-marco-fr","7":"product_cat-cornes","8":"product_cat-materiel-de-signalisation","10":"first","11":"instock","12":"shipping-taxable","13":"purchasable","14":"product-type-simple"},"_links":{"self":[{"href":"https:\/\/stoic-curie.212-227-153-4.plesk.page\/fr\/wp-json\/wp\/v2\/product\/730283","targetHints":{"allow":["GET"]}}],"collection":[{"href":"https:\/\/stoic-curie.212-227-153-4.plesk.page\/fr\/wp-json\/wp\/v2\/product"}],"about":[{"href":"https:\/\/stoic-curie.212-227-153-4.plesk.page\/fr\/wp-json\/wp\/v2\/types\/product"}],"replies":[{"embeddable":true,"href":"https:\/\/stoic-curie.212-227-153-4.plesk.page\/fr\/wp-json\/wp\/v2\/comments?post=730283"}],"version-history":[{"count":0,"href":"https:\/\/stoic-curie.212-227-153-4.plesk.page\/fr\/wp-json\/wp\/v2\/product\/730283\/revisions"}],"wp:featuredmedia":[{"embeddable":true,"href":"https:\/\/stoic-curie.212-227-153-4.plesk.page\/fr\/wp-json\/wp\/v2\/media\/5945447"}],"wp:attachment":[{"href":"https:\/\/stoic-curie.212-227-153-4.plesk.page\/fr\/wp-json\/wp\/v2\/media?parent=730283"}],"wp:term":[{"taxonomy":"product_brand","embeddable":true,"href":"https:\/\/stoic-curie.212-227-153-4.plesk.page\/fr\/wp-json\/wp\/v2\/product_brand?post=730283"},{"taxonomy":"product_cat","embeddable":true,"href":"https:\/\/stoic-curie.212-227-153-4.plesk.page\/fr\/wp-json\/wp\/v2\/product_cat?post=730283"},{"taxonomy":"product_tag","embeddable":true,"href":"https:\/\/stoic-curie.212-227-153-4.plesk.page\/fr\/wp-json\/wp\/v2\/product_tag?post=730283"}],"curies":[{"name":"wp","href":"https:\/\/api.w.org\/{rel}","templated":true}]}}