{"id":730287,"date":"2025-03-03T16:06:54","date_gmt":"2025-03-03T15:06:54","guid":{"rendered":"https:\/\/stoic-curie.212-227-153-4.plesk.page\/producto\/chargeur-de-batterie-quick-sbc-300-nrg-12-v-30-a\/"},"modified":"2026-02-24T23:08:40","modified_gmt":"2026-02-24T23:08:40","slug":"chargeur-de-batterie-quick-sbc-300-nrg-12-v-30-a","status":"publish","type":"product","link":"https:\/\/stoic-curie.212-227-153-4.plesk.page\/fr\/product\/chargeur-de-batterie-quick-sbc-300-nrg-12-v-30-a\/","title":{"rendered":"Chargeur de batterie Quick SBC 300 NRG+, 12\u00a0V, 30\u00a0A"},"content":{"rendered":"<p>Chargeur de batterie Quick SBC 300 NRG+, 12\u00a0V, 30\u00a0A &#8211; <\/p>\n<p>Chargeurs de batteries \u00e0 faible puissance SBC NRG+ \u00e0 haute efficacit\u00e9 avec charge de batterie en trois \u00e9tapes IUoU. Avec s\u00e9parateur de charge MOSFET interne et charge diff\u00e9renci\u00e9e pour batteries ouvertes, scell\u00e9es, GEL ou AGM. Capacit\u00e9 de fournir une pleine puissance de sortie avec une faible tension d&#8217;alimentation et possibilit\u00e9 d&#8217;utiliser le chargeur de batterie comme alimentation sans batteries. Compatible avec tous types de g\u00e9n\u00e9rateurs et entr\u00e9e AC universelle avec connecteurs faciles. Protections contre la polarit\u00e9 invers\u00e9e, la surcharge, le court-circuit de sortie, la surtension de sortie et la surchauffe.<\/p>\n","protected":false},"excerpt":{"rendered":"<p>Chargeur de batterie Quick SBC 300 NRG+, 12\u00a0V, 30\u00a0A &#8211; Chargeurs de batteries \u00e0 faible puissance SBC NRG+ \u00e0 haute<\/p>\n","protected":false},"featured_media":5945450,"comment_status":"open","ping_status":"closed","template":"","meta":[],"product_brand":[3279],"product_cat":[1163],"product_tag":[],"class_list":{"0":"post-730287","1":"product","2":"type-product","3":"status-publish","4":"has-post-thumbnail","6":"product_brand-quick-fr","7":"product_cat-chargeurs-de-batteries","9":"first","10":"instock","11":"shipping-taxable","12":"purchasable","13":"product-type-simple"},"_links":{"self":[{"href":"https:\/\/stoic-curie.212-227-153-4.plesk.page\/fr\/wp-json\/wp\/v2\/product\/730287","targetHints":{"allow":["GET"]}}],"collection":[{"href":"https:\/\/stoic-curie.212-227-153-4.plesk.page\/fr\/wp-json\/wp\/v2\/product"}],"about":[{"href":"https:\/\/stoic-curie.212-227-153-4.plesk.page\/fr\/wp-json\/wp\/v2\/types\/product"}],"replies":[{"embeddable":true,"href":"https:\/\/stoic-curie.212-227-153-4.plesk.page\/fr\/wp-json\/wp\/v2\/comments?post=730287"}],"version-history":[{"count":0,"href":"https:\/\/stoic-curie.212-227-153-4.plesk.page\/fr\/wp-json\/wp\/v2\/product\/730287\/revisions"}],"wp:featuredmedia":[{"embeddable":true,"href":"https:\/\/stoic-curie.212-227-153-4.plesk.page\/fr\/wp-json\/wp\/v2\/media\/5945450"}],"wp:attachment":[{"href":"https:\/\/stoic-curie.212-227-153-4.plesk.page\/fr\/wp-json\/wp\/v2\/media?parent=730287"}],"wp:term":[{"taxonomy":"product_brand","embeddable":true,"href":"https:\/\/stoic-curie.212-227-153-4.plesk.page\/fr\/wp-json\/wp\/v2\/product_brand?post=730287"},{"taxonomy":"product_cat","embeddable":true,"href":"https:\/\/stoic-curie.212-227-153-4.plesk.page\/fr\/wp-json\/wp\/v2\/product_cat?post=730287"},{"taxonomy":"product_tag","embeddable":true,"href":"https:\/\/stoic-curie.212-227-153-4.plesk.page\/fr\/wp-json\/wp\/v2\/product_tag?post=730287"}],"curies":[{"name":"wp","href":"https:\/\/api.w.org\/{rel}","templated":true}]}}