{"id":730291,"date":"2025-03-03T16:06:55","date_gmt":"2025-03-03T15:06:55","guid":{"rendered":"https:\/\/stoic-curie.212-227-153-4.plesk.page\/producto\/chargeur-de-batterie-quick-sbc-950-nrg-24-v-40-a\/"},"modified":"2026-02-24T23:08:40","modified_gmt":"2026-02-24T23:08:40","slug":"chargeur-de-batterie-quick-sbc-950-nrg-24-v-40-a","status":"publish","type":"product","link":"https:\/\/stoic-curie.212-227-153-4.plesk.page\/fr\/product\/chargeur-de-batterie-quick-sbc-950-nrg-24-v-40-a\/","title":{"rendered":"Chargeur de batterie Quick SBC 950 NRG+, 24\u00a0V, 40\u00a0A"},"content":{"rendered":"<p>Chargeur de batterie Quick SBC 950 NRG+, 24\u00a0V, 40\u00a0A &#8211; <\/p>\n<p style=\"color: rgb(34, 34, 34); font-family: Arial, Helvetica, sans-serif; font-size: small;\">Nous vous pr\u00e9sentons le Chargeur de Batterie Quick SBC 950 NRG+ 24V 40Amp. Ce chargeur de batterie haute efficacit\u00e9 dispose d&#8217;un syst\u00e8me de charge IUoU en trois \u00e9tapes, assurant des performances optimales. Il comprend des indicateurs LED de statut actuel et d&#8217;erreur, ainsi qu&#8217;une interface CAN bus pour un transfert de donn\u00e9es facile. Le chargeur est con\u00e7u avec un s\u00e9parateur de charge MOSFET interne, permettant une charge diff\u00e9renci\u00e9e des batteries ouvertes, scell\u00e9es, GEL ou AGM. Il peut fournir une puissance de sortie compl\u00e8te m\u00eame avec une faible tension d&#8217;alimentation et peut fonctionner comme une alimentation sans batteries.<\/p>\n<p style=\"color: rgb(34, 34, 34); font-family: Arial, Helvetica, sans-serif; font-size: small;\">Le SBC NRG+ est compatible avec tous les types de g\u00e9n\u00e9rateurs et poss\u00e8de une entr\u00e9e d&#8217;alimentation AC universelle avec des connecteurs faciles \u00e0 utiliser. Il inclut \u00e9galement de nombreuses caract\u00e9ristiques de s\u00e9curit\u00e9, telles que la protection contre la polarit\u00e9 invers\u00e9e, les surcharges, les courts-circuits \u00e0 la sortie, les surtensions \u00e0 la sortie et la surchauffe.<\/p>\n<p style=\"color: rgb(34, 34, 34); font-family: Arial, Helvetica, sans-serif; font-size: small;\">Pour plus de commodit\u00e9, un panneau de contr\u00f4le LCD RDS 1562 12\/24V en option avec interface CAN bus est disponible pour surveiller l&#8217;\u00e9tat de charge \u00e0 distance. Les nouveaux chargeurs de batterie SBC NRG+ sont plus compacts et \u00e9quip\u00e9s de connecteurs faciles \u00e0 utiliser, rendant l&#8217;installation simple. Avec une efficacit\u00e9 allant jusqu&#8217;\u00e0 92%, ces chargeurs consomment moins d&#8217;\u00e9nergie, g\u00e9n\u00e8rent moins de chaleur et am\u00e9liorent la fiabilit\u00e9 du syst\u00e8me.<\/p>\n<p style=\"color: rgb(34, 34, 34); font-family: Arial, Helvetica, sans-serif; font-size: small;\">Sp\u00e9cifications :<\/p>\n<ul style=\"color: rgb(34, 34, 34); font-family: Arial, Helvetica, sans-serif; font-size: small;\">\n<li>Type de puissance : Tension constante<\/li>\n<li>Source lumineuse : 1 x Power LED<\/li>\n<li>Tension d&#8217;alimentation : 10 \u00e0 30 V<\/li>\n<li>Consommation d&#8217;\u00e9nergie : 4 W<\/li>\n<li>Consommation de courant : 0.17 A @ 24 V<\/li>\n<li>Dur\u00e9e de vie moyenne : 50 000 heures<\/li>\n<li>Classe de protection IP : 40<\/li>\n<li>Temp\u00e9rature de couleur de lumi\u00e8re du jour : 3800 &#8211; 4100 \u00b0K<\/li>\n<li>Sortie lumineuse : 186 lumens<\/li>\n<li>Efficacit\u00e9 : 47 lumens\/Watt<\/li>\n<\/ul>\n<p style=\"color: rgb(34, 34, 34); font-family: Arial, Helvetica, sans-serif; font-size: small;\">Ce chargeur de batterie est un excellent choix pour les passionn\u00e9s de bateaux \u00e0 la recherche de fiabilit\u00e9 et d&#8217;efficacit\u00e9 dans leur \u00e9quipement.<\/p>\n","protected":false},"excerpt":{"rendered":"<p>Chargeur de batterie Quick SBC 950 NRG+, 24\u00a0V, 40\u00a0A &#8211; Nous vous pr\u00e9sentons le Chargeur de Batterie Quick SBC 950<\/p>\n","protected":false},"featured_media":5945453,"comment_status":"open","ping_status":"closed","template":"","meta":[],"product_brand":[3279],"product_cat":[1163],"product_tag":[],"class_list":{"0":"post-730291","1":"product","2":"type-product","3":"status-publish","4":"has-post-thumbnail","6":"product_brand-quick-fr","7":"product_cat-chargeurs-de-batteries","9":"first","10":"instock","11":"shipping-taxable","12":"purchasable","13":"product-type-simple"},"_links":{"self":[{"href":"https:\/\/stoic-curie.212-227-153-4.plesk.page\/fr\/wp-json\/wp\/v2\/product\/730291","targetHints":{"allow":["GET"]}}],"collection":[{"href":"https:\/\/stoic-curie.212-227-153-4.plesk.page\/fr\/wp-json\/wp\/v2\/product"}],"about":[{"href":"https:\/\/stoic-curie.212-227-153-4.plesk.page\/fr\/wp-json\/wp\/v2\/types\/product"}],"replies":[{"embeddable":true,"href":"https:\/\/stoic-curie.212-227-153-4.plesk.page\/fr\/wp-json\/wp\/v2\/comments?post=730291"}],"version-history":[{"count":0,"href":"https:\/\/stoic-curie.212-227-153-4.plesk.page\/fr\/wp-json\/wp\/v2\/product\/730291\/revisions"}],"wp:featuredmedia":[{"embeddable":true,"href":"https:\/\/stoic-curie.212-227-153-4.plesk.page\/fr\/wp-json\/wp\/v2\/media\/5945453"}],"wp:attachment":[{"href":"https:\/\/stoic-curie.212-227-153-4.plesk.page\/fr\/wp-json\/wp\/v2\/media?parent=730291"}],"wp:term":[{"taxonomy":"product_brand","embeddable":true,"href":"https:\/\/stoic-curie.212-227-153-4.plesk.page\/fr\/wp-json\/wp\/v2\/product_brand?post=730291"},{"taxonomy":"product_cat","embeddable":true,"href":"https:\/\/stoic-curie.212-227-153-4.plesk.page\/fr\/wp-json\/wp\/v2\/product_cat?post=730291"},{"taxonomy":"product_tag","embeddable":true,"href":"https:\/\/stoic-curie.212-227-153-4.plesk.page\/fr\/wp-json\/wp\/v2\/product_tag?post=730291"}],"curies":[{"name":"wp","href":"https:\/\/api.w.org\/{rel}","templated":true}]}}