{"id":730780,"date":"2025-03-03T16:08:23","date_gmt":"2025-03-03T15:08:23","guid":{"rendered":"https:\/\/stoic-curie.212-227-153-4.plesk.page\/producto\/pantographe-reglable-1020-1200-mm-en-inox-roca-pour-moteur-w50\/"},"modified":"2026-02-24T23:08:42","modified_gmt":"2026-02-24T23:08:42","slug":"pantographe-reglable-1020-1200-mm-en-inox-roca-pour-moteur-w50","status":"publish","type":"product","link":"https:\/\/stoic-curie.212-227-153-4.plesk.page\/fr\/product\/pantographe-reglable-1020-1200-mm-en-inox-roca-pour-moteur-w50\/","title":{"rendered":"Pantographe r\u00e9glable 1020-1200\u00a0mm en inox Roca pour moteur W50"},"content":{"rendered":"<p>Pantographe r\u00e9glable 1020-1200\u00a0mm en inox Roca pour moteur W50 &#8211; <\/p>\n<p>Essuie-glace Roca W50 de qualit\u00e9 sup\u00e9rieure pour les bateaux de taille moyenne \u00e0 grande. \u00c9galement destin\u00e9 \u00e0 un usage professionnel sur des bateaux de travail. Moteur de 50 Nm avec 30 ou 47 balayages par minute, stationnement automatique \u00e0 gauche ou \u00e0 droite et angle de balayage r\u00e9glable de 45\u00b0 \u00e0 110\u00b0. Consommation de 6A au repos et 10A \u00e0 pleine charge \u00e0 12V. <br \/> \u00c0 compl\u00e9ter avec bras pantographe et lame. Le bras pantographe est \u00e9quip\u00e9 d&#8217;un buse de pulv\u00e9risation avec un tuyau de 1,1 m\u00e8tre et peut \u00eatre coup\u00e9 jusqu&#8217;\u00e0 370 mm.<\/p>\n","protected":false},"excerpt":{"rendered":"<p>Pantographe r\u00e9glable 1020-1200\u00a0mm en inox Roca pour moteur W50 &#8211; Essuie-glace Roca W50 de qualit\u00e9 sup\u00e9rieure pour les bateaux de<\/p>\n","protected":false},"featured_media":5946074,"comment_status":"open","ping_status":"closed","template":"","meta":[],"product_brand":[3314],"product_cat":[1161],"product_tag":[],"class_list":{"0":"post-730780","1":"product","2":"type-product","3":"status-publish","4":"has-post-thumbnail","6":"product_brand-roca-marine-fr","7":"product_cat-essuie-glaces","9":"first","10":"instock","11":"shipping-taxable","12":"purchasable","13":"product-type-simple"},"_links":{"self":[{"href":"https:\/\/stoic-curie.212-227-153-4.plesk.page\/fr\/wp-json\/wp\/v2\/product\/730780","targetHints":{"allow":["GET"]}}],"collection":[{"href":"https:\/\/stoic-curie.212-227-153-4.plesk.page\/fr\/wp-json\/wp\/v2\/product"}],"about":[{"href":"https:\/\/stoic-curie.212-227-153-4.plesk.page\/fr\/wp-json\/wp\/v2\/types\/product"}],"replies":[{"embeddable":true,"href":"https:\/\/stoic-curie.212-227-153-4.plesk.page\/fr\/wp-json\/wp\/v2\/comments?post=730780"}],"version-history":[{"count":0,"href":"https:\/\/stoic-curie.212-227-153-4.plesk.page\/fr\/wp-json\/wp\/v2\/product\/730780\/revisions"}],"wp:featuredmedia":[{"embeddable":true,"href":"https:\/\/stoic-curie.212-227-153-4.plesk.page\/fr\/wp-json\/wp\/v2\/media\/5946074"}],"wp:attachment":[{"href":"https:\/\/stoic-curie.212-227-153-4.plesk.page\/fr\/wp-json\/wp\/v2\/media?parent=730780"}],"wp:term":[{"taxonomy":"product_brand","embeddable":true,"href":"https:\/\/stoic-curie.212-227-153-4.plesk.page\/fr\/wp-json\/wp\/v2\/product_brand?post=730780"},{"taxonomy":"product_cat","embeddable":true,"href":"https:\/\/stoic-curie.212-227-153-4.plesk.page\/fr\/wp-json\/wp\/v2\/product_cat?post=730780"},{"taxonomy":"product_tag","embeddable":true,"href":"https:\/\/stoic-curie.212-227-153-4.plesk.page\/fr\/wp-json\/wp\/v2\/product_tag?post=730780"}],"curies":[{"name":"wp","href":"https:\/\/api.w.org\/{rel}","templated":true}]}}